{"id":8270,"date":"2021-09-15T10:10:46","date_gmt":"2021-09-15T10:10:46","guid":{"rendered":"https:\/\/stainihard.com\/disclaimer\/"},"modified":"2023-08-30T14:26:24","modified_gmt":"2023-08-30T14:26:24","slug":"disclaimer","status":"publish","type":"page","link":"https:\/\/stainihard.com\/it\/disclaimer\/","title":{"rendered":"Disclaimer"},"content":{"rendered":"\t\t<div data-elementor-type=\"wp-page\" data-elementor-id=\"8270\" class=\"elementor elementor-8270 elementor-6180\" data-elementor-post-type=\"page\">\n\t\t\t\t\t\t<section class=\"elementor-section elementor-top-section elementor-element elementor-element-4e5f4858 elementor-section-height-min-height overlay elementor-section-items-bottom elementor-section-boxed elementor-section-height-default\" data-id=\"4e5f4858\" data-element_type=\"section\" data-e-type=\"section\" data-settings=\"{&quot;background_background&quot;:&quot;classic&quot;}\">\n\t\t\t\t\t\t\t<div class=\"elementor-background-overlay\"><\/div>\n\t\t\t\t\t\t\t<div class=\"elementor-container elementor-column-gap-default\">\n\t\t\t\t\t<div class=\"elementor-column elementor-col-100 elementor-top-column elementor-element elementor-element-2bfae22f\" data-id=\"2bfae22f\" data-element_type=\"column\" data-e-type=\"column\">\n\t\t\t<div class=\"elementor-widget-wrap elementor-element-populated\">\n\t\t\t\t\t\t<div class=\"elementor-element elementor-element-59e33ce2 elementor-widget elementor-widget-heading\" data-id=\"59e33ce2\" data-element_type=\"widget\" data-e-type=\"widget\" data-widget_type=\"heading.default\">\n\t\t\t\t<div class=\"elementor-widget-container\">\n\t\t\t\t\t<h1 class=\"elementor-heading-title elementor-size-default\">Esclusione di responsabilit\u00e0<\/h1>\t\t\t\t<\/div>\n\t\t\t\t<\/div>\n\t\t\t\t<section class=\"elementor-section elementor-inner-section elementor-element elementor-element-1906f7e1 elementor-section-boxed elementor-section-height-default elementor-section-height-default\" data-id=\"1906f7e1\" data-element_type=\"section\" data-e-type=\"section\">\n\t\t\t\t\t\t<div class=\"elementor-container elementor-column-gap-no\">\n\t\t\t\t\t<div class=\"elementor-column elementor-col-33 elementor-inner-column elementor-element elementor-element-3e13f772\" data-id=\"3e13f772\" data-element_type=\"column\" data-e-type=\"column\">\n\t\t\t<div class=\"elementor-widget-wrap\">\n\t\t\t\t\t\t\t<\/div>\n\t\t<\/div>\n\t\t\t\t<div class=\"elementor-column elementor-col-33 elementor-inner-column elementor-element elementor-element-344444c5\" data-id=\"344444c5\" data-element_type=\"column\" data-e-type=\"column\">\n\t\t\t<div class=\"elementor-widget-wrap\">\n\t\t\t\t\t\t\t<\/div>\n\t\t<\/div>\n\t\t\t\t<div class=\"elementor-column elementor-col-33 elementor-inner-column elementor-element elementor-element-ae7d1ef\" data-id=\"ae7d1ef\" data-element_type=\"column\" data-e-type=\"column\" data-settings=\"{&quot;background_background&quot;:&quot;classic&quot;}\">\n\t\t\t<div class=\"elementor-widget-wrap elementor-element-populated\">\n\t\t\t\t\t\t<div class=\"elementor-element elementor-element-2f414e4c elementor-widget elementor-widget-heading\" data-id=\"2f414e4c\" data-element_type=\"widget\" data-e-type=\"widget\" data-widget_type=\"heading.default\">\n\t\t\t\t<div class=\"elementor-widget-container\">\n\t\t\t\t\t<span class=\"elementor-heading-title elementor-size-default\">Parte di Aalberts<\/span>\t\t\t\t<\/div>\n\t\t\t\t<\/div>\n\t\t\t\t<div class=\"elementor-element elementor-element-5ac111ac elementor-widget elementor-widget-text-editor\" data-id=\"5ac111ac\" data-element_type=\"widget\" data-e-type=\"widget\" data-widget_type=\"text-editor.default\">\n\t\t\t\t<div class=\"elementor-widget-container\">\n\t\t\t\t\t\t\t\t\t<p>Stainihard\u00ae \u00e8 un marchio unico registrato da Aalberts Surface Technologies. Aalberts Surface Technologies fa parte dello specialista industriale globale Aalberts Industries. Pi\u00f9 di 14.000 persone lavorano per Aalberts in pi\u00f9 di 50 paesi.<\/p>\t\t\t\t\t\t\t\t<\/div>\n\t\t\t\t<\/div>\n\t\t\t\t\t<\/div>\n\t\t<\/div>\n\t\t\t\t\t<\/div>\n\t\t<\/section>\n\t\t\t\t\t<\/div>\n\t\t<\/div>\n\t\t\t\t\t<\/div>\n\t\t<\/section>\n\t\t\t\t<section class=\"elementor-section elementor-top-section elementor-element elementor-element-28d47a9b elementor-section-boxed elementor-section-height-default elementor-section-height-default\" data-id=\"28d47a9b\" data-element_type=\"section\" data-e-type=\"section\">\n\t\t\t\t\t\t<div class=\"elementor-container elementor-column-gap-default\">\n\t\t\t\t\t<div class=\"elementor-column elementor-col-50 elementor-top-column elementor-element elementor-element-5bedd38\" data-id=\"5bedd38\" data-element_type=\"column\" data-e-type=\"column\">\n\t\t\t<div class=\"elementor-widget-wrap elementor-element-populated\">\n\t\t\t\t\t\t<div class=\"elementor-element elementor-element-35ff8301 elementor-widget elementor-widget-heading\" data-id=\"35ff8301\" data-element_type=\"widget\" data-e-type=\"widget\" data-widget_type=\"heading.default\">\n\t\t\t\t<div class=\"elementor-widget-container\">\n\t\t\t\t\t<h2 class=\"elementor-heading-title elementor-size-default\">disclaimer<\/h2>\t\t\t\t<\/div>\n\t\t\t\t<\/div>\n\t\t\t\t<div class=\"elementor-element elementor-element-4cacb460 elementor-widget elementor-widget-text-editor\" data-id=\"4cacb460\" data-element_type=\"widget\" data-e-type=\"widget\" data-widget_type=\"text-editor.default\">\n\t\t\t\t<div class=\"elementor-widget-container\">\n\t\t\t\t\t\t\t\t\t<p>Tutti i valori\/propriet\u00e0 menzionati nella brochure\/sito web dipendono dal tipo di acciaio inossidabile e dalle sue condizioni.<\/p><p>Oltre alla composizione chimica del materiale, i risultati dipendono anche dal pre-trattamento termico e\/o dalla lavorazione.<br \/>Lo strato passivo ha le migliori propriet\u00e0 se la microstruttura del materiale di base \u00e8 uniforme. Le disuniformit\u00e0, come i solfuri, la martensite di deformazione e la ferrite delta, contribuiscono a ridurre la resistenza alla corrosione.<br \/>L&#8217;aspetto di un prodotto dopo il trattamento dipende dalle condizioni di consegna del pezzo.<\/p><p>Il trattamento e le specifiche dei prodotti finali devono essere stabiliti in anticipo in accordo con Aalberts Surface Technologies Eindhoven B.V.<\/p>\t\t\t\t\t\t\t\t<\/div>\n\t\t\t\t<\/div>\n\t\t\t\t\t<\/div>\n\t\t<\/div>\n\t\t\t\t<div class=\"elementor-column elementor-col-50 elementor-top-column elementor-element elementor-element-15472527\" data-id=\"15472527\" data-element_type=\"column\" data-e-type=\"column\">\n\t\t\t<div class=\"elementor-widget-wrap\">\n\t\t\t\t\t\t\t<\/div>\n\t\t<\/div>\n\t\t\t\t\t<\/div>\n\t\t<\/section>\n\t\t\t\t<\/div>\n\t\t","protected":false},"excerpt":{"rendered":"<p>Esclusione di responsabilit\u00e0 Parte di Aalberts Stainihard\u00ae \u00e8 un marchio unico registrato da Aalberts Surface Technologies. Aalberts Surface Technologies fa parte dello specialista industriale globale Aalberts Industries. Pi\u00f9 di 14.000 persone lavorano per Aalberts in pi\u00f9 di 50 paesi. disclaimer Tutti i valori\/propriet\u00e0 menzionati nella brochure\/sito web dipendono dal tipo di acciaio inossidabile e dalle [&hellip;]<\/p>\n","protected":false},"author":2,"featured_media":0,"parent":0,"menu_order":0,"comment_status":"closed","ping_status":"closed","template":"","meta":{"inline_featured_image":false,"site-sidebar-layout":"no-sidebar","site-content-layout":"page-builder","ast-site-content-layout":"default","site-content-style":"default","site-sidebar-style":"default","ast-global-header-display":"","ast-banner-title-visibility":"","ast-main-header-display":"","ast-hfb-above-header-display":"","ast-hfb-below-header-display":"","ast-hfb-mobile-header-display":"","site-post-title":"disabled","ast-breadcrumbs-content":"","ast-featured-img":"disabled","footer-sml-layout":"","ast-disable-related-posts":"","theme-transparent-header-meta":"","adv-header-id-meta":"","stick-header-meta":"","header-above-stick-meta":"","header-main-stick-meta":"","header-below-stick-meta":"","astra-migrate-meta-layouts":"default","ast-page-background-enabled":"default","ast-page-background-meta":{"desktop":{"background-color":"var(--ast-global-color-4)","background-image":"","background-repeat":"repeat","background-position":"center center","background-size":"auto","background-attachment":"scroll","background-type":"","background-media":"","overlay-type":"","overlay-color":"","overlay-opacity":"","overlay-gradient":""},"tablet":{"background-color":"","background-image":"","background-repeat":"repeat","background-position":"center center","background-size":"auto","background-attachment":"scroll","background-type":"","background-media":"","overlay-type":"","overlay-color":"","overlay-opacity":"","overlay-gradient":""},"mobile":{"background-color":"","background-image":"","background-repeat":"repeat","background-position":"center center","background-size":"auto","background-attachment":"scroll","background-type":"","background-media":"","overlay-type":"","overlay-color":"","overlay-opacity":"","overlay-gradient":""}},"ast-content-background-meta":{"desktop":{"background-color":"var(--ast-global-color-5)","background-image":"","background-repeat":"repeat","background-position":"center center","background-size":"auto","background-attachment":"scroll","background-type":"","background-media":"","overlay-type":"","overlay-color":"","overlay-opacity":"","overlay-gradient":""},"tablet":{"background-color":"var(--ast-global-color-5)","background-image":"","background-repeat":"repeat","background-position":"center center","background-size":"auto","background-attachment":"scroll","background-type":"","background-media":"","overlay-type":"","overlay-color":"","overlay-opacity":"","overlay-gradient":""},"mobile":{"background-color":"var(--ast-global-color-5)","background-image":"","background-repeat":"repeat","background-position":"center center","background-size":"auto","background-attachment":"scroll","background-type":"","background-media":"","overlay-type":"","overlay-color":"","overlay-opacity":"","overlay-gradient":""}},"footnotes":""},"class_list":["post-8270","page","type-page","status-publish","hentry"],"yoast_head":"<!-- This site is optimized with the Yoast SEO plugin v26.8 - https:\/\/yoast.com\/product\/yoast-seo-wordpress\/ -->\n<title>Disclaimer - Stainihard onderdeel van Aalberts Surface Technologies<\/title>\n<meta name=\"robots\" content=\"index, follow, max-snippet:-1, max-image-preview:large, max-video-preview:-1\" \/>\n<link rel=\"canonical\" href=\"https:\/\/stainihard.com\/it\/disclaimer\/\" \/>\n<meta property=\"og:locale\" content=\"it_IT\" \/>\n<meta property=\"og:type\" content=\"article\" \/>\n<meta property=\"og:title\" content=\"Disclaimer - Stainihard onderdeel van Aalberts Surface Technologies\" \/>\n<meta property=\"og:description\" content=\"Esclusione di responsabilit\u00e0 Parte di Aalberts Stainihard\u00ae \u00e8 un marchio unico registrato da Aalberts Surface Technologies. Aalberts Surface Technologies fa parte dello specialista industriale globale Aalberts Industries. Pi\u00f9 di 14.000 persone lavorano per Aalberts in pi\u00f9 di 50 paesi. disclaimer Tutti i valori\/propriet\u00e0 menzionati nella brochure\/sito web dipendono dal tipo di acciaio inossidabile e dalle [&hellip;]\" \/>\n<meta property=\"og:url\" content=\"https:\/\/stainihard.com\/it\/disclaimer\/\" \/>\n<meta property=\"og:site_name\" content=\"Stainihard onderdeel van Aalberts Surface Technologies\" \/>\n<meta property=\"article:modified_time\" content=\"2023-08-30T14:26:24+00:00\" \/>\n<meta name=\"twitter:card\" content=\"summary_large_image\" \/>\n<meta name=\"twitter:label1\" content=\"Tempo di lettura stimato\" \/>\n\t<meta name=\"twitter:data1\" content=\"1 minuto\" \/>\n<script type=\"application\/ld+json\" class=\"yoast-schema-graph\">{\"@context\":\"https:\/\/schema.org\",\"@graph\":[{\"@type\":\"WebPage\",\"@id\":\"https:\/\/stainihard.com\/it\/disclaimer\/\",\"url\":\"https:\/\/stainihard.com\/it\/disclaimer\/\",\"name\":\"Disclaimer - Stainihard onderdeel van Aalberts Surface Technologies\",\"isPartOf\":{\"@id\":\"https:\/\/stainihard.com\/#website\"},\"datePublished\":\"2021-09-15T10:10:46+00:00\",\"dateModified\":\"2023-08-30T14:26:24+00:00\",\"breadcrumb\":{\"@id\":\"https:\/\/stainihard.com\/it\/disclaimer\/#breadcrumb\"},\"inLanguage\":\"it-IT\",\"potentialAction\":[{\"@type\":\"ReadAction\",\"target\":[\"https:\/\/stainihard.com\/it\/disclaimer\/\"]}]},{\"@type\":\"BreadcrumbList\",\"@id\":\"https:\/\/stainihard.com\/it\/disclaimer\/#breadcrumb\",\"itemListElement\":[{\"@type\":\"ListItem\",\"position\":1,\"name\":\"Home\",\"item\":\"https:\/\/stainihard.com\/it\/\"},{\"@type\":\"ListItem\",\"position\":2,\"name\":\"Disclaimer\"}]},{\"@type\":\"WebSite\",\"@id\":\"https:\/\/stainihard.com\/#website\",\"url\":\"https:\/\/stainihard.com\/\",\"name\":\"Stainihard onderdeel van Aalberts Surface Technologies\",\"description\":\"Stainihard&reg; NC is een proces om het oppervlak van (austenitisch en duplex) roestvast staal te harden.\",\"publisher\":{\"@id\":\"https:\/\/stainihard.com\/#organization\"},\"potentialAction\":[{\"@type\":\"SearchAction\",\"target\":{\"@type\":\"EntryPoint\",\"urlTemplate\":\"https:\/\/stainihard.com\/?s={search_term_string}\"},\"query-input\":{\"@type\":\"PropertyValueSpecification\",\"valueRequired\":true,\"valueName\":\"search_term_string\"}}],\"inLanguage\":\"it-IT\"},{\"@type\":\"Organization\",\"@id\":\"https:\/\/stainihard.com\/#organization\",\"name\":\"Stainihard onderdeel van Aalberts Surface Technologies\",\"url\":\"https:\/\/stainihard.com\/\",\"logo\":{\"@type\":\"ImageObject\",\"inLanguage\":\"it-IT\",\"@id\":\"https:\/\/stainihard.com\/#\/schema\/logo\/image\/\",\"url\":\"https:\/\/stainihard.com\/wp-content\/uploads\/2021\/09\/logo-2.svg\",\"contentUrl\":\"https:\/\/stainihard.com\/wp-content\/uploads\/2021\/09\/logo-2.svg\",\"width\":152,\"height\":61,\"caption\":\"Stainihard onderdeel van Aalberts Surface Technologies\"},\"image\":{\"@id\":\"https:\/\/stainihard.com\/#\/schema\/logo\/image\/\"}}]}<\/script>\n<!-- \/ Yoast SEO plugin. -->","yoast_head_json":{"title":"Disclaimer - Stainihard onderdeel van Aalberts Surface Technologies","robots":{"index":"index","follow":"follow","max-snippet":"max-snippet:-1","max-image-preview":"max-image-preview:large","max-video-preview":"max-video-preview:-1"},"canonical":"https:\/\/stainihard.com\/it\/disclaimer\/","og_locale":"it_IT","og_type":"article","og_title":"Disclaimer - Stainihard onderdeel van Aalberts Surface Technologies","og_description":"Esclusione di responsabilit\u00e0 Parte di Aalberts Stainihard\u00ae \u00e8 un marchio unico registrato da Aalberts Surface Technologies. Aalberts Surface Technologies fa parte dello specialista industriale globale Aalberts Industries. Pi\u00f9 di 14.000 persone lavorano per Aalberts in pi\u00f9 di 50 paesi. disclaimer Tutti i valori\/propriet\u00e0 menzionati nella brochure\/sito web dipendono dal tipo di acciaio inossidabile e dalle [&hellip;]","og_url":"https:\/\/stainihard.com\/it\/disclaimer\/","og_site_name":"Stainihard onderdeel van Aalberts Surface Technologies","article_modified_time":"2023-08-30T14:26:24+00:00","twitter_card":"summary_large_image","twitter_misc":{"Tempo di lettura stimato":"1 minuto"},"schema":{"@context":"https:\/\/schema.org","@graph":[{"@type":"WebPage","@id":"https:\/\/stainihard.com\/it\/disclaimer\/","url":"https:\/\/stainihard.com\/it\/disclaimer\/","name":"Disclaimer - Stainihard onderdeel van Aalberts Surface Technologies","isPartOf":{"@id":"https:\/\/stainihard.com\/#website"},"datePublished":"2021-09-15T10:10:46+00:00","dateModified":"2023-08-30T14:26:24+00:00","breadcrumb":{"@id":"https:\/\/stainihard.com\/it\/disclaimer\/#breadcrumb"},"inLanguage":"it-IT","potentialAction":[{"@type":"ReadAction","target":["https:\/\/stainihard.com\/it\/disclaimer\/"]}]},{"@type":"BreadcrumbList","@id":"https:\/\/stainihard.com\/it\/disclaimer\/#breadcrumb","itemListElement":[{"@type":"ListItem","position":1,"name":"Home","item":"https:\/\/stainihard.com\/it\/"},{"@type":"ListItem","position":2,"name":"Disclaimer"}]},{"@type":"WebSite","@id":"https:\/\/stainihard.com\/#website","url":"https:\/\/stainihard.com\/","name":"Stainihard onderdeel van Aalberts Surface Technologies","description":"Stainihard&reg; NC is een proces om het oppervlak van (austenitisch en duplex) roestvast staal te harden.","publisher":{"@id":"https:\/\/stainihard.com\/#organization"},"potentialAction":[{"@type":"SearchAction","target":{"@type":"EntryPoint","urlTemplate":"https:\/\/stainihard.com\/?s={search_term_string}"},"query-input":{"@type":"PropertyValueSpecification","valueRequired":true,"valueName":"search_term_string"}}],"inLanguage":"it-IT"},{"@type":"Organization","@id":"https:\/\/stainihard.com\/#organization","name":"Stainihard onderdeel van Aalberts Surface Technologies","url":"https:\/\/stainihard.com\/","logo":{"@type":"ImageObject","inLanguage":"it-IT","@id":"https:\/\/stainihard.com\/#\/schema\/logo\/image\/","url":"https:\/\/stainihard.com\/wp-content\/uploads\/2021\/09\/logo-2.svg","contentUrl":"https:\/\/stainihard.com\/wp-content\/uploads\/2021\/09\/logo-2.svg","width":152,"height":61,"caption":"Stainihard onderdeel van Aalberts Surface Technologies"},"image":{"@id":"https:\/\/stainihard.com\/#\/schema\/logo\/image\/"}}]}},"_links":{"self":[{"href":"https:\/\/stainihard.com\/it\/wp-json\/wp\/v2\/pages\/8270","targetHints":{"allow":["GET"]}}],"collection":[{"href":"https:\/\/stainihard.com\/it\/wp-json\/wp\/v2\/pages"}],"about":[{"href":"https:\/\/stainihard.com\/it\/wp-json\/wp\/v2\/types\/page"}],"author":[{"embeddable":true,"href":"https:\/\/stainihard.com\/it\/wp-json\/wp\/v2\/users\/2"}],"replies":[{"embeddable":true,"href":"https:\/\/stainihard.com\/it\/wp-json\/wp\/v2\/comments?post=8270"}],"version-history":[{"count":12,"href":"https:\/\/stainihard.com\/it\/wp-json\/wp\/v2\/pages\/8270\/revisions"}],"predecessor-version":[{"id":9034,"href":"https:\/\/stainihard.com\/it\/wp-json\/wp\/v2\/pages\/8270\/revisions\/9034"}],"wp:attachment":[{"href":"https:\/\/stainihard.com\/it\/wp-json\/wp\/v2\/media?parent=8270"}],"curies":[{"name":"wp","href":"https:\/\/api.w.org\/{rel}","templated":true}]}}