{"id":8241,"date":"2021-09-15T10:09:35","date_gmt":"2021-09-15T10:09:35","guid":{"rendered":"https:\/\/stainihard.com\/milieu-en-omgeving\/"},"modified":"2025-05-21T12:04:29","modified_gmt":"2025-05-21T12:04:29","slug":"milieu-en-omgeving","status":"publish","type":"page","link":"https:\/\/stainihard.com\/fr\/milieu-en-omgeving\/","title":{"rendered":"Milieu en omgeving"},"content":{"rendered":"\t\t<div data-elementor-type=\"wp-page\" data-elementor-id=\"8241\" class=\"elementor elementor-8241 elementor-5863\" data-elementor-post-type=\"page\">\n\t\t\t\t\t\t<section class=\"elementor-section elementor-top-section elementor-element elementor-element-18d580cd elementor-section-height-min-height overlay elementor-section-items-bottom elementor-section-boxed elementor-section-height-default\" data-id=\"18d580cd\" data-element_type=\"section\" data-e-type=\"section\" data-settings=\"{&quot;background_background&quot;:&quot;classic&quot;}\">\n\t\t\t\t\t\t\t<div class=\"elementor-background-overlay\"><\/div>\n\t\t\t\t\t\t\t<div class=\"elementor-container elementor-column-gap-default\">\n\t\t\t\t\t<div class=\"elementor-column elementor-col-100 elementor-top-column elementor-element elementor-element-2a655033\" data-id=\"2a655033\" data-element_type=\"column\" data-e-type=\"column\">\n\t\t\t<div class=\"elementor-widget-wrap elementor-element-populated\">\n\t\t\t\t\t\t<div class=\"elementor-element elementor-element-7c4c1bb6 elementor-widget elementor-widget-heading\" data-id=\"7c4c1bb6\" data-element_type=\"widget\" data-e-type=\"widget\" data-widget_type=\"heading.default\">\n\t\t\t\t<div class=\"elementor-widget-container\">\n\t\t\t\t\t<h1 class=\"elementor-heading-title elementor-size-default\">Environnement et environs<\/h1>\t\t\t\t<\/div>\n\t\t\t\t<\/div>\n\t\t\t\t<section class=\"elementor-section elementor-inner-section elementor-element elementor-element-37076590 elementor-section-boxed elementor-section-height-default elementor-section-height-default\" data-id=\"37076590\" data-element_type=\"section\" data-e-type=\"section\">\n\t\t\t\t\t\t<div class=\"elementor-container elementor-column-gap-no\">\n\t\t\t\t\t<div class=\"elementor-column elementor-col-33 elementor-inner-column elementor-element elementor-element-30b2426e\" data-id=\"30b2426e\" data-element_type=\"column\" data-e-type=\"column\">\n\t\t\t<div class=\"elementor-widget-wrap\">\n\t\t\t\t\t\t\t<\/div>\n\t\t<\/div>\n\t\t\t\t<div class=\"elementor-column elementor-col-33 elementor-inner-column elementor-element elementor-element-21fb789a\" data-id=\"21fb789a\" data-element_type=\"column\" data-e-type=\"column\">\n\t\t\t<div class=\"elementor-widget-wrap\">\n\t\t\t\t\t\t\t<\/div>\n\t\t<\/div>\n\t\t\t\t<div class=\"elementor-column elementor-col-33 elementor-inner-column elementor-element elementor-element-74b50bac\" data-id=\"74b50bac\" data-element_type=\"column\" data-e-type=\"column\" data-settings=\"{&quot;background_background&quot;:&quot;classic&quot;}\">\n\t\t\t<div class=\"elementor-widget-wrap elementor-element-populated\">\n\t\t\t\t\t\t<div class=\"elementor-element elementor-element-212a24e6 elementor-widget elementor-widget-heading\" data-id=\"212a24e6\" data-element_type=\"widget\" data-e-type=\"widget\" data-widget_type=\"heading.default\">\n\t\t\t\t<div class=\"elementor-widget-container\">\n\t\t\t\t\t<span class=\"elementor-heading-title elementor-size-default\">Partie des Aalberts<\/span>\t\t\t\t<\/div>\n\t\t\t\t<\/div>\n\t\t\t\t<div class=\"elementor-element elementor-element-4e4ba36d elementor-widget elementor-widget-text-editor\" data-id=\"4e4ba36d\" data-element_type=\"widget\" data-e-type=\"widget\" data-widget_type=\"text-editor.default\">\n\t\t\t\t<div class=\"elementor-widget-container\">\n\t\t\t\t\t\t\t\t\t<p>Stainihard\u00ae est une marque unique d\u00e9pos\u00e9e par Aalberts Surface technologies Eindhoven B.V. Aalberts Surface technologies fait partie du sp\u00e9cialiste industriel mondial Aalberts N.V. Plus de 14 000 personnes travaillent pour Aalberts dans plus de 50 pays.<\/p>\t\t\t\t\t\t\t\t<\/div>\n\t\t\t\t<\/div>\n\t\t\t\t\t<\/div>\n\t\t<\/div>\n\t\t\t\t\t<\/div>\n\t\t<\/section>\n\t\t\t\t\t<\/div>\n\t\t<\/div>\n\t\t\t\t\t<\/div>\n\t\t<\/section>\n\t\t\t\t<section class=\"elementor-section elementor-top-section elementor-element elementor-element-2bc94afe elementor-section-boxed elementor-section-height-default elementor-section-height-default\" data-id=\"2bc94afe\" data-element_type=\"section\" data-e-type=\"section\">\n\t\t\t\t\t\t<div class=\"elementor-container elementor-column-gap-default\">\n\t\t\t\t\t<div class=\"elementor-column elementor-col-50 elementor-top-column elementor-element elementor-element-25e71634\" data-id=\"25e71634\" data-element_type=\"column\" data-e-type=\"column\">\n\t\t\t<div class=\"elementor-widget-wrap elementor-element-populated\">\n\t\t\t\t\t\t<div class=\"elementor-element elementor-element-7952eabb elementor-widget elementor-widget-heading\" data-id=\"7952eabb\" data-element_type=\"widget\" data-e-type=\"widget\" data-widget_type=\"heading.default\">\n\t\t\t\t<div class=\"elementor-widget-container\">\n\t\t\t\t\t<h2 class=\"elementor-heading-title elementor-size-default\">environnement et environs<\/h2>\t\t\t\t<\/div>\n\t\t\t\t<\/div>\n\t\t\t\t<div class=\"elementor-element elementor-element-77c44ed9 elementor-widget elementor-widget-text-editor\" data-id=\"77c44ed9\" data-element_type=\"widget\" data-e-type=\"widget\" data-widget_type=\"text-editor.default\">\n\t\t\t\t<div class=\"elementor-widget-container\">\n\t\t\t\t\t\t\t\t\t<p>Aalberts Surface Technologies Eindhoven B.V. s&rsquo;efforce de produire de la mani\u00e8re la plus \u00e9cologique possible. Le proc\u00e9d\u00e9 Stainihard\u00ae est \u00e9galement respectueux de l&rsquo;environnement.<\/p><p>Nous sommes fiers d&rsquo;avoir re\u00e7u la m\u00e9daille d&rsquo;argent EcoVadis qui affirme notre engagement en mati\u00e8re de responsabilit\u00e9 envers les personnes, l&rsquo;environnement, nos clients et nos fournisseurs tout au long de la cha\u00eene de valeur.<\/p>\t\t\t\t\t\t\t\t<\/div>\n\t\t\t\t<\/div>\n\t\t\t\t<div class=\"elementor-element elementor-element-7d80bed elementor-widget elementor-widget-image\" data-id=\"7d80bed\" data-element_type=\"widget\" data-e-type=\"widget\" data-widget_type=\"image.default\">\n\t\t\t\t<div class=\"elementor-widget-container\">\n\t\t\t\t\t\t\t\t\t\t\t\t\t\t\t<img fetchpriority=\"high\" decoding=\"async\" width=\"242\" height=\"216\" src=\"https:\/\/stainihard.com\/wp-content\/uploads\/2025\/05\/knipsel-ecovadis-silver.jpg\" class=\"attachment-large size-large wp-image-9422\" alt=\"\" \/>\t\t\t\t\t\t\t\t\t\t\t\t\t\t\t<\/div>\n\t\t\t\t<\/div>\n\t\t\t\t\t<\/div>\n\t\t<\/div>\n\t\t\t\t<div class=\"elementor-column elementor-col-50 elementor-top-column elementor-element elementor-element-358846c0\" data-id=\"358846c0\" data-element_type=\"column\" data-e-type=\"column\">\n\t\t\t<div class=\"elementor-widget-wrap\">\n\t\t\t\t\t\t\t<\/div>\n\t\t<\/div>\n\t\t\t\t\t<\/div>\n\t\t<\/section>\n\t\t\t\t<\/div>\n\t\t","protected":false},"excerpt":{"rendered":"<p>Environnement et environs Partie des Aalberts Stainihard\u00ae est une marque unique d\u00e9pos\u00e9e par Aalberts Surface technologies Eindhoven B.V. Aalberts Surface technologies fait partie du sp\u00e9cialiste industriel mondial Aalberts N.V. Plus de 14 000 personnes travaillent pour Aalberts dans plus de 50 pays. environnement et environs Aalberts Surface Technologies Eindhoven B.V. s&rsquo;efforce de produire de la [&hellip;]<\/p>\n","protected":false},"author":2,"featured_media":0,"parent":0,"menu_order":0,"comment_status":"closed","ping_status":"closed","template":"","meta":{"inline_featured_image":false,"site-sidebar-layout":"no-sidebar","site-content-layout":"page-builder","ast-site-content-layout":"default","site-content-style":"default","site-sidebar-style":"default","ast-global-header-display":"","ast-banner-title-visibility":"","ast-main-header-display":"","ast-hfb-above-header-display":"","ast-hfb-below-header-display":"","ast-hfb-mobile-header-display":"","site-post-title":"disabled","ast-breadcrumbs-content":"","ast-featured-img":"disabled","footer-sml-layout":"","ast-disable-related-posts":"","theme-transparent-header-meta":"","adv-header-id-meta":"","stick-header-meta":"","header-above-stick-meta":"","header-main-stick-meta":"","header-below-stick-meta":"","astra-migrate-meta-layouts":"default","ast-page-background-enabled":"default","ast-page-background-meta":{"desktop":{"background-color":"var(--ast-global-color-4)","background-image":"","background-repeat":"repeat","background-position":"center center","background-size":"auto","background-attachment":"scroll","background-type":"","background-media":"","overlay-type":"","overlay-color":"","overlay-opacity":"","overlay-gradient":""},"tablet":{"background-color":"","background-image":"","background-repeat":"repeat","background-position":"center center","background-size":"auto","background-attachment":"scroll","background-type":"","background-media":"","overlay-type":"","overlay-color":"","overlay-opacity":"","overlay-gradient":""},"mobile":{"background-color":"","background-image":"","background-repeat":"repeat","background-position":"center center","background-size":"auto","background-attachment":"scroll","background-type":"","background-media":"","overlay-type":"","overlay-color":"","overlay-opacity":"","overlay-gradient":""}},"ast-content-background-meta":{"desktop":{"background-color":"var(--ast-global-color-5)","background-image":"","background-repeat":"repeat","background-position":"center center","background-size":"auto","background-attachment":"scroll","background-type":"","background-media":"","overlay-type":"","overlay-color":"","overlay-opacity":"","overlay-gradient":""},"tablet":{"background-color":"var(--ast-global-color-5)","background-image":"","background-repeat":"repeat","background-position":"center center","background-size":"auto","background-attachment":"scroll","background-type":"","background-media":"","overlay-type":"","overlay-color":"","overlay-opacity":"","overlay-gradient":""},"mobile":{"background-color":"var(--ast-global-color-5)","background-image":"","background-repeat":"repeat","background-position":"center center","background-size":"auto","background-attachment":"scroll","background-type":"","background-media":"","overlay-type":"","overlay-color":"","overlay-opacity":"","overlay-gradient":""}},"footnotes":""},"class_list":["post-8241","page","type-page","status-publish","hentry"],"yoast_head":"<!-- This site is optimized with the Yoast SEO plugin v26.8 - https:\/\/yoast.com\/product\/yoast-seo-wordpress\/ -->\n<title>Milieu en omgeving - Stainihard onderdeel van Aalberts Surface Technologies<\/title>\n<meta name=\"robots\" content=\"index, follow, max-snippet:-1, max-image-preview:large, max-video-preview:-1\" \/>\n<link rel=\"canonical\" href=\"https:\/\/stainihard.com\/fr\/milieu-en-omgeving\/\" \/>\n<meta property=\"og:locale\" content=\"fr_FR\" \/>\n<meta property=\"og:type\" content=\"article\" \/>\n<meta property=\"og:title\" content=\"Milieu en omgeving - Stainihard onderdeel van Aalberts Surface Technologies\" \/>\n<meta property=\"og:description\" content=\"Environnement et environs Partie des Aalberts Stainihard\u00ae est une marque unique d\u00e9pos\u00e9e par Aalberts Surface technologies Eindhoven B.V. Aalberts Surface technologies fait partie du sp\u00e9cialiste industriel mondial Aalberts N.V. Plus de 14 000 personnes travaillent pour Aalberts dans plus de 50 pays. environnement et environs Aalberts Surface Technologies Eindhoven B.V. s&rsquo;efforce de produire de la [&hellip;]\" \/>\n<meta property=\"og:url\" content=\"https:\/\/stainihard.com\/fr\/milieu-en-omgeving\/\" \/>\n<meta property=\"og:site_name\" content=\"Stainihard onderdeel van Aalberts Surface Technologies\" \/>\n<meta property=\"article:modified_time\" content=\"2025-05-21T12:04:29+00:00\" \/>\n<meta property=\"og:image\" content=\"https:\/\/stainihard.com\/wp-content\/uploads\/2025\/05\/knipsel-ecovadis-silver.jpg\" \/>\n\t<meta property=\"og:image:width\" content=\"242\" \/>\n\t<meta property=\"og:image:height\" content=\"216\" \/>\n\t<meta property=\"og:image:type\" content=\"image\/jpeg\" \/>\n<meta name=\"twitter:card\" content=\"summary_large_image\" \/>\n<meta name=\"twitter:label1\" content=\"Dur\u00e9e de lecture estim\u00e9e\" \/>\n\t<meta name=\"twitter:data1\" content=\"1 minute\" \/>\n<script type=\"application\/ld+json\" class=\"yoast-schema-graph\">{\"@context\":\"https:\/\/schema.org\",\"@graph\":[{\"@type\":\"WebPage\",\"@id\":\"https:\/\/stainihard.com\/fr\/milieu-en-omgeving\/\",\"url\":\"https:\/\/stainihard.com\/fr\/milieu-en-omgeving\/\",\"name\":\"Milieu en omgeving - Stainihard onderdeel van Aalberts Surface Technologies\",\"isPartOf\":{\"@id\":\"https:\/\/stainihard.com\/#website\"},\"primaryImageOfPage\":{\"@id\":\"https:\/\/stainihard.com\/fr\/milieu-en-omgeving\/#primaryimage\"},\"image\":{\"@id\":\"https:\/\/stainihard.com\/fr\/milieu-en-omgeving\/#primaryimage\"},\"thumbnailUrl\":\"https:\/\/stainihard.com\/wp-content\/uploads\/2025\/05\/knipsel-ecovadis-silver.jpg\",\"datePublished\":\"2021-09-15T10:09:35+00:00\",\"dateModified\":\"2025-05-21T12:04:29+00:00\",\"breadcrumb\":{\"@id\":\"https:\/\/stainihard.com\/fr\/milieu-en-omgeving\/#breadcrumb\"},\"inLanguage\":\"fr-FR\",\"potentialAction\":[{\"@type\":\"ReadAction\",\"target\":[\"https:\/\/stainihard.com\/fr\/milieu-en-omgeving\/\"]}]},{\"@type\":\"ImageObject\",\"inLanguage\":\"fr-FR\",\"@id\":\"https:\/\/stainihard.com\/fr\/milieu-en-omgeving\/#primaryimage\",\"url\":\"https:\/\/stainihard.com\/wp-content\/uploads\/2025\/05\/knipsel-ecovadis-silver.jpg\",\"contentUrl\":\"https:\/\/stainihard.com\/wp-content\/uploads\/2025\/05\/knipsel-ecovadis-silver.jpg\"},{\"@type\":\"BreadcrumbList\",\"@id\":\"https:\/\/stainihard.com\/fr\/milieu-en-omgeving\/#breadcrumb\",\"itemListElement\":[{\"@type\":\"ListItem\",\"position\":1,\"name\":\"Home\",\"item\":\"https:\/\/stainihard.com\/fr\/\"},{\"@type\":\"ListItem\",\"position\":2,\"name\":\"Milieu en omgeving\"}]},{\"@type\":\"WebSite\",\"@id\":\"https:\/\/stainihard.com\/#website\",\"url\":\"https:\/\/stainihard.com\/\",\"name\":\"Stainihard onderdeel van Aalberts Surface Technologies\",\"description\":\"Stainihard&reg; NC is een proces om het oppervlak van (austenitisch en duplex) roestvast staal te harden.\",\"publisher\":{\"@id\":\"https:\/\/stainihard.com\/#organization\"},\"potentialAction\":[{\"@type\":\"SearchAction\",\"target\":{\"@type\":\"EntryPoint\",\"urlTemplate\":\"https:\/\/stainihard.com\/?s={search_term_string}\"},\"query-input\":{\"@type\":\"PropertyValueSpecification\",\"valueRequired\":true,\"valueName\":\"search_term_string\"}}],\"inLanguage\":\"fr-FR\"},{\"@type\":\"Organization\",\"@id\":\"https:\/\/stainihard.com\/#organization\",\"name\":\"Stainihard onderdeel van Aalberts Surface Technologies\",\"url\":\"https:\/\/stainihard.com\/\",\"logo\":{\"@type\":\"ImageObject\",\"inLanguage\":\"fr-FR\",\"@id\":\"https:\/\/stainihard.com\/#\/schema\/logo\/image\/\",\"url\":\"https:\/\/stainihard.com\/wp-content\/uploads\/2021\/09\/logo-2.svg\",\"contentUrl\":\"https:\/\/stainihard.com\/wp-content\/uploads\/2021\/09\/logo-2.svg\",\"width\":152,\"height\":61,\"caption\":\"Stainihard onderdeel van Aalberts Surface Technologies\"},\"image\":{\"@id\":\"https:\/\/stainihard.com\/#\/schema\/logo\/image\/\"}}]}<\/script>\n<!-- \/ Yoast SEO plugin. -->","yoast_head_json":{"title":"Milieu en omgeving - Stainihard onderdeel van Aalberts Surface Technologies","robots":{"index":"index","follow":"follow","max-snippet":"max-snippet:-1","max-image-preview":"max-image-preview:large","max-video-preview":"max-video-preview:-1"},"canonical":"https:\/\/stainihard.com\/fr\/milieu-en-omgeving\/","og_locale":"fr_FR","og_type":"article","og_title":"Milieu en omgeving - Stainihard onderdeel van Aalberts Surface Technologies","og_description":"Environnement et environs Partie des Aalberts Stainihard\u00ae est une marque unique d\u00e9pos\u00e9e par Aalberts Surface technologies Eindhoven B.V. Aalberts Surface technologies fait partie du sp\u00e9cialiste industriel mondial Aalberts N.V. Plus de 14 000 personnes travaillent pour Aalberts dans plus de 50 pays. environnement et environs Aalberts Surface Technologies Eindhoven B.V. s&rsquo;efforce de produire de la [&hellip;]","og_url":"https:\/\/stainihard.com\/fr\/milieu-en-omgeving\/","og_site_name":"Stainihard onderdeel van Aalberts Surface Technologies","article_modified_time":"2025-05-21T12:04:29+00:00","og_image":[{"width":242,"height":216,"url":"https:\/\/stainihard.com\/wp-content\/uploads\/2025\/05\/knipsel-ecovadis-silver.jpg","type":"image\/jpeg"}],"twitter_card":"summary_large_image","twitter_misc":{"Dur\u00e9e de lecture estim\u00e9e":"1 minute"},"schema":{"@context":"https:\/\/schema.org","@graph":[{"@type":"WebPage","@id":"https:\/\/stainihard.com\/fr\/milieu-en-omgeving\/","url":"https:\/\/stainihard.com\/fr\/milieu-en-omgeving\/","name":"Milieu en omgeving - Stainihard onderdeel van Aalberts Surface Technologies","isPartOf":{"@id":"https:\/\/stainihard.com\/#website"},"primaryImageOfPage":{"@id":"https:\/\/stainihard.com\/fr\/milieu-en-omgeving\/#primaryimage"},"image":{"@id":"https:\/\/stainihard.com\/fr\/milieu-en-omgeving\/#primaryimage"},"thumbnailUrl":"https:\/\/stainihard.com\/wp-content\/uploads\/2025\/05\/knipsel-ecovadis-silver.jpg","datePublished":"2021-09-15T10:09:35+00:00","dateModified":"2025-05-21T12:04:29+00:00","breadcrumb":{"@id":"https:\/\/stainihard.com\/fr\/milieu-en-omgeving\/#breadcrumb"},"inLanguage":"fr-FR","potentialAction":[{"@type":"ReadAction","target":["https:\/\/stainihard.com\/fr\/milieu-en-omgeving\/"]}]},{"@type":"ImageObject","inLanguage":"fr-FR","@id":"https:\/\/stainihard.com\/fr\/milieu-en-omgeving\/#primaryimage","url":"https:\/\/stainihard.com\/wp-content\/uploads\/2025\/05\/knipsel-ecovadis-silver.jpg","contentUrl":"https:\/\/stainihard.com\/wp-content\/uploads\/2025\/05\/knipsel-ecovadis-silver.jpg"},{"@type":"BreadcrumbList","@id":"https:\/\/stainihard.com\/fr\/milieu-en-omgeving\/#breadcrumb","itemListElement":[{"@type":"ListItem","position":1,"name":"Home","item":"https:\/\/stainihard.com\/fr\/"},{"@type":"ListItem","position":2,"name":"Milieu en omgeving"}]},{"@type":"WebSite","@id":"https:\/\/stainihard.com\/#website","url":"https:\/\/stainihard.com\/","name":"Stainihard onderdeel van Aalberts Surface Technologies","description":"Stainihard&reg; NC is een proces om het oppervlak van (austenitisch en duplex) roestvast staal te harden.","publisher":{"@id":"https:\/\/stainihard.com\/#organization"},"potentialAction":[{"@type":"SearchAction","target":{"@type":"EntryPoint","urlTemplate":"https:\/\/stainihard.com\/?s={search_term_string}"},"query-input":{"@type":"PropertyValueSpecification","valueRequired":true,"valueName":"search_term_string"}}],"inLanguage":"fr-FR"},{"@type":"Organization","@id":"https:\/\/stainihard.com\/#organization","name":"Stainihard onderdeel van Aalberts Surface Technologies","url":"https:\/\/stainihard.com\/","logo":{"@type":"ImageObject","inLanguage":"fr-FR","@id":"https:\/\/stainihard.com\/#\/schema\/logo\/image\/","url":"https:\/\/stainihard.com\/wp-content\/uploads\/2021\/09\/logo-2.svg","contentUrl":"https:\/\/stainihard.com\/wp-content\/uploads\/2021\/09\/logo-2.svg","width":152,"height":61,"caption":"Stainihard onderdeel van Aalberts Surface Technologies"},"image":{"@id":"https:\/\/stainihard.com\/#\/schema\/logo\/image\/"}}]}},"_links":{"self":[{"href":"https:\/\/stainihard.com\/fr\/wp-json\/wp\/v2\/pages\/8241","targetHints":{"allow":["GET"]}}],"collection":[{"href":"https:\/\/stainihard.com\/fr\/wp-json\/wp\/v2\/pages"}],"about":[{"href":"https:\/\/stainihard.com\/fr\/wp-json\/wp\/v2\/types\/page"}],"author":[{"embeddable":true,"href":"https:\/\/stainihard.com\/fr\/wp-json\/wp\/v2\/users\/2"}],"replies":[{"embeddable":true,"href":"https:\/\/stainihard.com\/fr\/wp-json\/wp\/v2\/comments?post=8241"}],"version-history":[{"count":6,"href":"https:\/\/stainihard.com\/fr\/wp-json\/wp\/v2\/pages\/8241\/revisions"}],"predecessor-version":[{"id":9437,"href":"https:\/\/stainihard.com\/fr\/wp-json\/wp\/v2\/pages\/8241\/revisions\/9437"}],"wp:attachment":[{"href":"https:\/\/stainihard.com\/fr\/wp-json\/wp\/v2\/media?parent=8241"}],"curies":[{"name":"wp","href":"https:\/\/api.w.org\/{rel}","templated":true}]}}