{"id":8223,"date":"2021-09-14T14:28:54","date_gmt":"2021-09-14T14:28:54","guid":{"rendered":"https:\/\/stainihard.com\/eigenschappen\/"},"modified":"2022-01-19T12:25:46","modified_gmt":"2022-01-19T12:25:46","slug":"proprietes","status":"publish","type":"page","link":"https:\/\/stainihard.com\/fr\/proprietes\/","title":{"rendered":"Propri\u00e9t\u00e9s"},"content":{"rendered":"\t\t<div data-elementor-type=\"wp-page\" data-elementor-id=\"8223\" class=\"elementor elementor-8223 elementor-5749\" data-elementor-post-type=\"page\">\n\t\t\t\t\t\t<section class=\"elementor-section elementor-top-section elementor-element elementor-element-7f05005 elementor-section-height-min-height overlay elementor-section-items-bottom elementor-section-boxed elementor-section-height-default\" data-id=\"7f05005\" data-element_type=\"section\" data-e-type=\"section\" data-settings=\"{&quot;background_background&quot;:&quot;classic&quot;}\">\n\t\t\t\t\t\t\t<div class=\"elementor-background-overlay\"><\/div>\n\t\t\t\t\t\t\t<div class=\"elementor-container elementor-column-gap-default\">\n\t\t\t\t\t<div class=\"elementor-column elementor-col-100 elementor-top-column elementor-element elementor-element-19268138\" data-id=\"19268138\" data-element_type=\"column\" data-e-type=\"column\">\n\t\t\t<div class=\"elementor-widget-wrap elementor-element-populated\">\n\t\t\t\t\t\t<div class=\"elementor-element elementor-element-79dfb7bd elementor-widget elementor-widget-heading\" data-id=\"79dfb7bd\" data-element_type=\"widget\" data-e-type=\"widget\" data-widget_type=\"heading.default\">\n\t\t\t\t<div class=\"elementor-widget-container\">\n\t\t\t\t\t<h1 class=\"elementor-heading-title elementor-size-default\">Propri\u00e9t\u00e9s de Stainihard\u00ae<\/h1>\t\t\t\t<\/div>\n\t\t\t\t<\/div>\n\t\t\t\t<section class=\"elementor-section elementor-inner-section elementor-element elementor-element-1c386992 elementor-section-boxed elementor-section-height-default elementor-section-height-default\" data-id=\"1c386992\" data-element_type=\"section\" data-e-type=\"section\">\n\t\t\t\t\t\t<div class=\"elementor-container elementor-column-gap-no\">\n\t\t\t\t\t<div class=\"elementor-column elementor-col-33 elementor-inner-column elementor-element elementor-element-63df9778\" data-id=\"63df9778\" data-element_type=\"column\" data-e-type=\"column\">\n\t\t\t<div class=\"elementor-widget-wrap\">\n\t\t\t\t\t\t\t<\/div>\n\t\t<\/div>\n\t\t\t\t<div class=\"elementor-column elementor-col-33 elementor-inner-column elementor-element elementor-element-58517fd4\" data-id=\"58517fd4\" data-element_type=\"column\" data-e-type=\"column\">\n\t\t\t<div class=\"elementor-widget-wrap\">\n\t\t\t\t\t\t\t<\/div>\n\t\t<\/div>\n\t\t\t\t<div class=\"elementor-column elementor-col-33 elementor-inner-column elementor-element elementor-element-75cf61e1\" data-id=\"75cf61e1\" data-element_type=\"column\" data-e-type=\"column\" data-settings=\"{&quot;background_background&quot;:&quot;classic&quot;}\">\n\t\t\t<div class=\"elementor-widget-wrap elementor-element-populated\">\n\t\t\t\t\t\t<div class=\"elementor-element elementor-element-13442b85 elementor-widget elementor-widget-heading\" data-id=\"13442b85\" data-element_type=\"widget\" data-e-type=\"widget\" data-widget_type=\"heading.default\">\n\t\t\t\t<div class=\"elementor-widget-container\">\n\t\t\t\t\t<span class=\"elementor-heading-title elementor-size-default\">Stainihard\u00ae<\/span>\t\t\t\t<\/div>\n\t\t\t\t<\/div>\n\t\t\t\t<div class=\"elementor-element elementor-element-664bfc80 elementor-widget elementor-widget-text-editor\" data-id=\"664bfc80\" data-element_type=\"widget\" data-e-type=\"widget\" data-widget_type=\"text-editor.default\">\n\t\t\t\t<div class=\"elementor-widget-container\">\n\t\t\t\t\t\t\t\t\t<p>La duret\u00e9 augmente de mani\u00e8re significative, sans affecter n\u00e9gativement la r\u00e9sistance \u00e0 la corrosion.<\/p>\t\t\t\t\t\t\t\t<\/div>\n\t\t\t\t<\/div>\n\t\t\t\t<div class=\"elementor-element elementor-element-5be13db9 elementor-widget elementor-widget-spacer\" data-id=\"5be13db9\" data-element_type=\"widget\" data-e-type=\"widget\" data-widget_type=\"spacer.default\">\n\t\t\t\t<div class=\"elementor-widget-container\">\n\t\t\t\t\t\t\t<div class=\"elementor-spacer\">\n\t\t\t<div class=\"elementor-spacer-inner\"><\/div>\n\t\t<\/div>\n\t\t\t\t\t\t<\/div>\n\t\t\t\t<\/div>\n\t\t\t\t<div class=\"elementor-element elementor-element-63027396 elementor-widget elementor-widget-text-editor\" data-id=\"63027396\" data-element_type=\"widget\" data-e-type=\"widget\" data-widget_type=\"text-editor.default\">\n\t\t\t\t<div class=\"elementor-widget-container\">\n\t\t\t\t\t\t\t\t\t<p>Voir aussi les brochures et les certificats<\/p>\t\t\t\t\t\t\t\t<\/div>\n\t\t\t\t<\/div>\n\t\t\t\t<div class=\"elementor-element elementor-element-5bf9021f elementor-align-left elementor-widget elementor-widget-button\" data-id=\"5bf9021f\" data-element_type=\"widget\" data-e-type=\"widget\" data-widget_type=\"button.default\">\n\t\t\t\t<div class=\"elementor-widget-container\">\n\t\t\t\t\t\t\t\t\t<div class=\"elementor-button-wrapper\">\n\t\t\t\t\t<a class=\"elementor-button elementor-button-link elementor-size-sm\" href=\"https:\/\/stainihard.com\/fr\/downloads\/\">\n\t\t\t\t\t\t<span class=\"elementor-button-content-wrapper\">\n\t\t\t\t\t\t\t\t\t<span class=\"elementor-button-text\">T\u00e9l\u00e9chargements<\/span>\n\t\t\t\t\t<\/span>\n\t\t\t\t\t<\/a>\n\t\t\t\t<\/div>\n\t\t\t\t\t\t\t\t<\/div>\n\t\t\t\t<\/div>\n\t\t\t\t\t<\/div>\n\t\t<\/div>\n\t\t\t\t\t<\/div>\n\t\t<\/section>\n\t\t\t\t\t<\/div>\n\t\t<\/div>\n\t\t\t\t\t<\/div>\n\t\t<\/section>\n\t\t\t\t<section class=\"elementor-section elementor-top-section elementor-element elementor-element-2aba14ec elementor-section-boxed elementor-section-height-default elementor-section-height-default\" data-id=\"2aba14ec\" data-element_type=\"section\" data-e-type=\"section\">\n\t\t\t\t\t\t<div class=\"elementor-container elementor-column-gap-default\">\n\t\t\t\t\t<div class=\"elementor-column elementor-col-50 elementor-top-column elementor-element elementor-element-4edbaf68\" data-id=\"4edbaf68\" data-element_type=\"column\" data-e-type=\"column\">\n\t\t\t<div class=\"elementor-widget-wrap elementor-element-populated\">\n\t\t\t\t\t\t<div class=\"elementor-element elementor-element-32752434 elementor-widget elementor-widget-heading\" data-id=\"32752434\" data-element_type=\"widget\" data-e-type=\"widget\" data-widget_type=\"heading.default\">\n\t\t\t\t<div class=\"elementor-widget-container\">\n\t\t\t\t\t<h2 class=\"elementor-heading-title elementor-size-default\">propri\u00e9t\u00e9s de Stainihard\u00ae<\/h2>\t\t\t\t<\/div>\n\t\t\t\t<\/div>\n\t\t\t\t<div class=\"elementor-element elementor-element-5c0fe536 elementor-widget elementor-widget-text-editor\" data-id=\"5c0fe536\" data-element_type=\"widget\" data-e-type=\"widget\" data-widget_type=\"text-editor.default\">\n\t\t\t\t<div class=\"elementor-widget-container\">\n\t\t\t\t\t\t\t\t\t<ul><li><p>Duret\u00e9 de surface \u00e9lev\u00e9e<\/p><\/li><li><p>Haute r\u00e9sistance \u00e0 l&rsquo;usure abrasive<\/p><\/li><li><p>Haute r\u00e9sistance \u00e0 la soudure \u00e0 froid, au grippage ou \u00e0 la corrosion de contact.<\/p><\/li><li><p>La r\u00e9sistance \u00e0 la corrosion n&rsquo;est pas affect\u00e9e, elle est m\u00eame am\u00e9lior\u00e9e dans certains cas.<\/p><\/li><li><p>Haute r\u00e9sistance au cisaillement<\/p><\/li><li><p>Pas de changement d&rsquo;apparence<\/p><\/li><li><p>Coefficient de friction inf\u00e9rieur<\/p><\/li><li><p>R\u00e9sistance \u00e0 la fatigue plus \u00e9lev\u00e9e<\/p><\/li><li><p>Bonne stabilit\u00e9 dimensionnelle et de forme<\/p><\/li><\/ul>\t\t\t\t\t\t\t\t<\/div>\n\t\t\t\t<\/div>\n\t\t\t\t\t<\/div>\n\t\t<\/div>\n\t\t\t\t<div class=\"elementor-column elementor-col-50 elementor-top-column elementor-element elementor-element-577693a6\" data-id=\"577693a6\" data-element_type=\"column\" data-e-type=\"column\">\n\t\t\t<div class=\"elementor-widget-wrap\">\n\t\t\t\t\t\t\t<\/div>\n\t\t<\/div>\n\t\t\t\t\t<\/div>\n\t\t<\/section>\n\t\t\t\t<section class=\"elementor-section elementor-top-section elementor-element elementor-element-5217d89a elementor-section-boxed elementor-section-height-default elementor-section-height-default\" data-id=\"5217d89a\" data-element_type=\"section\" data-e-type=\"section\">\n\t\t\t\t\t\t<div class=\"elementor-container elementor-column-gap-default\">\n\t\t\t\t\t<div class=\"elementor-column elementor-col-50 elementor-top-column elementor-element elementor-element-559519ec\" data-id=\"559519ec\" data-element_type=\"column\" data-e-type=\"column\">\n\t\t\t<div class=\"elementor-widget-wrap elementor-element-populated\">\n\t\t\t\t\t\t<div class=\"elementor-element elementor-element-7dc2571 elementor-widget elementor-widget-heading\" data-id=\"7dc2571\" data-element_type=\"widget\" data-e-type=\"widget\" data-widget_type=\"heading.default\">\n\t\t\t\t<div class=\"elementor-widget-container\">\n\t\t\t\t\t<h2 class=\"elementor-heading-title elementor-size-default\">Duret\u00e9 du Stainihard\u00ae<\/h2>\t\t\t\t<\/div>\n\t\t\t\t<\/div>\n\t\t\t\t<div class=\"elementor-element elementor-element-8880a06 elementor-widget elementor-widget-text-editor\" data-id=\"8880a06\" data-element_type=\"widget\" data-e-type=\"widget\" data-widget_type=\"text-editor.default\">\n\t\t\t\t<div class=\"elementor-widget-container\">\n\t\t\t\t\t\t\t\t\t<p>Stainihard\u00aeNC : 1200-1500 HV0,01<br \/>La duret\u00e9 mentionn\u00e9e ci-dessus fait r\u00e9f\u00e9rence \u00e0 la duret\u00e9 \u00e0 la surface lorsqu&rsquo;elle est mesur\u00e9e dans une section transversale de la couche. La duret\u00e9 r\u00e9guli\u00e8re mesur\u00e9e en surface est de 1000-1400 HV0.05 pour une profondeur de 10 \u00e0 30\u00b5m.<\/p>\t\t\t\t\t\t\t\t<\/div>\n\t\t\t\t<\/div>\n\t\t\t\t<div class=\"elementor-element elementor-element-e51b453 elementor-widget elementor-widget-image\" data-id=\"e51b453\" data-element_type=\"widget\" data-e-type=\"widget\" data-widget_type=\"image.default\">\n\t\t\t\t<div class=\"elementor-widget-container\">\n\t\t\t\t\t\t\t\t\t\t\t\t\t\t\t<img fetchpriority=\"high\" decoding=\"async\" width=\"740\" height=\"350\" src=\"https:\/\/stainihard.com\/wp-content\/uploads\/2021\/09\/6-tijdelijke-foto-stainihardlaag.jpg\" class=\"attachment-full size-full wp-image-6503\" alt=\"\" srcset=\"https:\/\/stainihard.com\/wp-content\/uploads\/2021\/09\/6-tijdelijke-foto-stainihardlaag.jpg 740w, https:\/\/stainihard.com\/wp-content\/uploads\/2021\/09\/6-tijdelijke-foto-stainihardlaag-300x142.jpg 300w\" sizes=\"(max-width: 740px) 100vw, 740px\" \/>\t\t\t\t\t\t\t\t\t\t\t\t\t\t\t<\/div>\n\t\t\t\t<\/div>\n\t\t\t\t<div class=\"elementor-element elementor-element-2e9b4898 elementor-widget elementor-widget-text-editor\" data-id=\"2e9b4898\" data-element_type=\"widget\" data-e-type=\"widget\" data-widget_type=\"text-editor.default\">\n\t\t\t\t<div class=\"elementor-widget-container\">\n\t\t\t\t\t\t\t\t\t<p>La profondeur de durcissement de Stainihard\u00ae d\u00e9pend du type d&rsquo;acier inoxydable, de l&rsquo;\u00e9tat de surface et de son grade de d\u00e9formation. Plus la d\u00e9formation de la surface augmente, plus la profondeur de la couche \u00e0 atteindre diminue.<\/p>\t\t\t\t\t\t\t\t<\/div>\n\t\t\t\t<\/div>\n\t\t\t\t\t<\/div>\n\t\t<\/div>\n\t\t\t\t<div class=\"elementor-column elementor-col-50 elementor-top-column elementor-element elementor-element-e1742f6\" data-id=\"e1742f6\" data-element_type=\"column\" data-e-type=\"column\">\n\t\t\t<div class=\"elementor-widget-wrap\">\n\t\t\t\t\t\t\t<\/div>\n\t\t<\/div>\n\t\t\t\t\t<\/div>\n\t\t<\/section>\n\t\t\t\t<section class=\"elementor-section elementor-top-section elementor-element elementor-element-50c15fd elementor-section-boxed elementor-section-height-default elementor-section-height-default\" data-id=\"50c15fd\" data-element_type=\"section\" data-e-type=\"section\">\n\t\t\t\t\t\t<div class=\"elementor-container elementor-column-gap-default\">\n\t\t\t\t\t<div class=\"elementor-column elementor-col-50 elementor-top-column elementor-element elementor-element-8072116\" data-id=\"8072116\" data-element_type=\"column\" data-e-type=\"column\">\n\t\t\t<div class=\"elementor-widget-wrap elementor-element-populated\">\n\t\t\t\t\t\t<div class=\"elementor-element elementor-element-7e5f8f5 elementor-widget elementor-widget-heading\" data-id=\"7e5f8f5\" data-element_type=\"widget\" data-e-type=\"widget\" data-widget_type=\"heading.default\">\n\t\t\t\t<div class=\"elementor-widget-container\">\n\t\t\t\t\t<h2 class=\"elementor-heading-title elementor-size-default\">essai de r\u00e9sistance \u00e0 l'usure<\/h2>\t\t\t\t<\/div>\n\t\t\t\t<\/div>\n\t\t\t\t<div class=\"elementor-element elementor-element-e9b5d24 elementor-widget elementor-widget-image\" data-id=\"e9b5d24\" data-element_type=\"widget\" data-e-type=\"widget\" data-widget_type=\"image.default\">\n\t\t\t\t<div class=\"elementor-widget-container\">\n\t\t\t\t\t\t\t\t\t\t\t\t\t\t\t<img decoding=\"async\" width=\"724\" height=\"435\" src=\"https:\/\/stainihard.com\/wp-content\/uploads\/2021\/09\/6-wear-abrasion-test.jpg\" class=\"attachment-full size-full wp-image-6507\" alt=\"\" srcset=\"https:\/\/stainihard.com\/wp-content\/uploads\/2021\/09\/6-wear-abrasion-test.jpg 724w, https:\/\/stainihard.com\/wp-content\/uploads\/2021\/09\/6-wear-abrasion-test-300x180.jpg 300w\" sizes=\"(max-width: 724px) 100vw, 724px\" \/>\t\t\t\t\t\t\t\t\t\t\t\t\t\t\t<\/div>\n\t\t\t\t<\/div>\n\t\t\t\t\t<\/div>\n\t\t<\/div>\n\t\t\t\t<div class=\"elementor-column elementor-col-50 elementor-top-column elementor-element elementor-element-b0abdfb\" data-id=\"b0abdfb\" data-element_type=\"column\" data-e-type=\"column\">\n\t\t\t<div class=\"elementor-widget-wrap\">\n\t\t\t\t\t\t\t<\/div>\n\t\t<\/div>\n\t\t\t\t\t<\/div>\n\t\t<\/section>\n\t\t\t\t<\/div>\n\t\t","protected":false},"excerpt":{"rendered":"<p>Propri\u00e9t\u00e9s de Stainihard\u00ae Stainihard\u00ae La duret\u00e9 augmente de mani\u00e8re significative, sans affecter n\u00e9gativement la r\u00e9sistance \u00e0 la corrosion. Voir aussi les brochures et les certificats T\u00e9l\u00e9chargements propri\u00e9t\u00e9s de Stainihard\u00ae Duret\u00e9 de surface \u00e9lev\u00e9e Haute r\u00e9sistance \u00e0 l&rsquo;usure abrasive Haute r\u00e9sistance \u00e0 la soudure \u00e0 froid, au grippage ou \u00e0 la corrosion de contact. La r\u00e9sistance [&hellip;]<\/p>\n","protected":false},"author":2,"featured_media":0,"parent":0,"menu_order":0,"comment_status":"closed","ping_status":"closed","template":"","meta":{"inline_featured_image":false,"site-sidebar-layout":"no-sidebar","site-content-layout":"page-builder","ast-site-content-layout":"default","site-content-style":"default","site-sidebar-style":"default","ast-global-header-display":"","ast-banner-title-visibility":"","ast-main-header-display":"","ast-hfb-above-header-display":"","ast-hfb-below-header-display":"","ast-hfb-mobile-header-display":"","site-post-title":"disabled","ast-breadcrumbs-content":"","ast-featured-img":"disabled","footer-sml-layout":"","ast-disable-related-posts":"","theme-transparent-header-meta":"default","adv-header-id-meta":"","stick-header-meta":"default","header-above-stick-meta":"","header-main-stick-meta":"","header-below-stick-meta":"","astra-migrate-meta-layouts":"default","ast-page-background-enabled":"default","ast-page-background-meta":{"desktop":{"background-color":"var(--ast-global-color-4)","background-image":"","background-repeat":"repeat","background-position":"center center","background-size":"auto","background-attachment":"scroll","background-type":"","background-media":"","overlay-type":"","overlay-color":"","overlay-opacity":"","overlay-gradient":""},"tablet":{"background-color":"","background-image":"","background-repeat":"repeat","background-position":"center center","background-size":"auto","background-attachment":"scroll","background-type":"","background-media":"","overlay-type":"","overlay-color":"","overlay-opacity":"","overlay-gradient":""},"mobile":{"background-color":"","background-image":"","background-repeat":"repeat","background-position":"center center","background-size":"auto","background-attachment":"scroll","background-type":"","background-media":"","overlay-type":"","overlay-color":"","overlay-opacity":"","overlay-gradient":""}},"ast-content-background-meta":{"desktop":{"background-color":"var(--ast-global-color-5)","background-image":"","background-repeat":"repeat","background-position":"center center","background-size":"auto","background-attachment":"scroll","background-type":"","background-media":"","overlay-type":"","overlay-color":"","overlay-opacity":"","overlay-gradient":""},"tablet":{"background-color":"var(--ast-global-color-5)","background-image":"","background-repeat":"repeat","background-position":"center center","background-size":"auto","background-attachment":"scroll","background-type":"","background-media":"","overlay-type":"","overlay-color":"","overlay-opacity":"","overlay-gradient":""},"mobile":{"background-color":"var(--ast-global-color-5)","background-image":"","background-repeat":"repeat","background-position":"center center","background-size":"auto","background-attachment":"scroll","background-type":"","background-media":"","overlay-type":"","overlay-color":"","overlay-opacity":"","overlay-gradient":""}},"footnotes":""},"class_list":["post-8223","page","type-page","status-publish","hentry"],"yoast_head":"<!-- This site is optimized with the Yoast SEO plugin v26.8 - https:\/\/yoast.com\/product\/yoast-seo-wordpress\/ -->\n<title>Propri\u00e9t\u00e9s - Stainihard onderdeel van Aalberts Surface Technologies<\/title>\n<meta name=\"robots\" content=\"index, follow, max-snippet:-1, max-image-preview:large, max-video-preview:-1\" \/>\n<link rel=\"canonical\" href=\"https:\/\/stainihard.com\/fr\/proprietes\/\" \/>\n<meta property=\"og:locale\" content=\"fr_FR\" \/>\n<meta property=\"og:type\" content=\"article\" \/>\n<meta property=\"og:title\" content=\"Propri\u00e9t\u00e9s - Stainihard onderdeel van Aalberts Surface Technologies\" \/>\n<meta property=\"og:description\" content=\"Propri\u00e9t\u00e9s de Stainihard\u00ae Stainihard\u00ae La duret\u00e9 augmente de mani\u00e8re significative, sans affecter n\u00e9gativement la r\u00e9sistance \u00e0 la corrosion. Voir aussi les brochures et les certificats T\u00e9l\u00e9chargements propri\u00e9t\u00e9s de Stainihard\u00ae Duret\u00e9 de surface \u00e9lev\u00e9e Haute r\u00e9sistance \u00e0 l&rsquo;usure abrasive Haute r\u00e9sistance \u00e0 la soudure \u00e0 froid, au grippage ou \u00e0 la corrosion de contact. La r\u00e9sistance [&hellip;]\" \/>\n<meta property=\"og:url\" content=\"https:\/\/stainihard.com\/fr\/proprietes\/\" \/>\n<meta property=\"og:site_name\" content=\"Stainihard onderdeel van Aalberts Surface Technologies\" \/>\n<meta property=\"article:modified_time\" content=\"2022-01-19T12:25:46+00:00\" \/>\n<meta property=\"og:image\" content=\"https:\/\/stainihard.com\/wp-content\/uploads\/2021\/09\/6-tijdelijke-foto-stainihardlaag.jpg\" \/>\n<meta name=\"twitter:card\" content=\"summary_large_image\" \/>\n<meta name=\"twitter:label1\" content=\"Dur\u00e9e de lecture estim\u00e9e\" \/>\n\t<meta name=\"twitter:data1\" content=\"1 minute\" \/>\n<script type=\"application\/ld+json\" class=\"yoast-schema-graph\">{\"@context\":\"https:\/\/schema.org\",\"@graph\":[{\"@type\":\"WebPage\",\"@id\":\"https:\/\/stainihard.com\/fr\/proprietes\/\",\"url\":\"https:\/\/stainihard.com\/fr\/proprietes\/\",\"name\":\"Propri\u00e9t\u00e9s - Stainihard onderdeel van Aalberts Surface Technologies\",\"isPartOf\":{\"@id\":\"https:\/\/stainihard.com\/#website\"},\"primaryImageOfPage\":{\"@id\":\"https:\/\/stainihard.com\/fr\/proprietes\/#primaryimage\"},\"image\":{\"@id\":\"https:\/\/stainihard.com\/fr\/proprietes\/#primaryimage\"},\"thumbnailUrl\":\"https:\/\/stainihard.com\/wp-content\/uploads\/2021\/09\/6-tijdelijke-foto-stainihardlaag.jpg\",\"datePublished\":\"2021-09-14T14:28:54+00:00\",\"dateModified\":\"2022-01-19T12:25:46+00:00\",\"breadcrumb\":{\"@id\":\"https:\/\/stainihard.com\/fr\/proprietes\/#breadcrumb\"},\"inLanguage\":\"fr-FR\",\"potentialAction\":[{\"@type\":\"ReadAction\",\"target\":[\"https:\/\/stainihard.com\/fr\/proprietes\/\"]}]},{\"@type\":\"ImageObject\",\"inLanguage\":\"fr-FR\",\"@id\":\"https:\/\/stainihard.com\/fr\/proprietes\/#primaryimage\",\"url\":\"https:\/\/stainihard.com\/wp-content\/uploads\/2021\/09\/6-tijdelijke-foto-stainihardlaag.jpg\",\"contentUrl\":\"https:\/\/stainihard.com\/wp-content\/uploads\/2021\/09\/6-tijdelijke-foto-stainihardlaag.jpg\"},{\"@type\":\"BreadcrumbList\",\"@id\":\"https:\/\/stainihard.com\/fr\/proprietes\/#breadcrumb\",\"itemListElement\":[{\"@type\":\"ListItem\",\"position\":1,\"name\":\"Home\",\"item\":\"https:\/\/stainihard.com\/fr\/\"},{\"@type\":\"ListItem\",\"position\":2,\"name\":\"Propri\u00e9t\u00e9s\"}]},{\"@type\":\"WebSite\",\"@id\":\"https:\/\/stainihard.com\/#website\",\"url\":\"https:\/\/stainihard.com\/\",\"name\":\"Stainihard onderdeel van Aalberts Surface Technologies\",\"description\":\"Stainihard&reg; NC is een proces om het oppervlak van (austenitisch en duplex) roestvast staal te harden.\",\"publisher\":{\"@id\":\"https:\/\/stainihard.com\/#organization\"},\"potentialAction\":[{\"@type\":\"SearchAction\",\"target\":{\"@type\":\"EntryPoint\",\"urlTemplate\":\"https:\/\/stainihard.com\/?s={search_term_string}\"},\"query-input\":{\"@type\":\"PropertyValueSpecification\",\"valueRequired\":true,\"valueName\":\"search_term_string\"}}],\"inLanguage\":\"fr-FR\"},{\"@type\":\"Organization\",\"@id\":\"https:\/\/stainihard.com\/#organization\",\"name\":\"Stainihard onderdeel van Aalberts Surface Technologies\",\"url\":\"https:\/\/stainihard.com\/\",\"logo\":{\"@type\":\"ImageObject\",\"inLanguage\":\"fr-FR\",\"@id\":\"https:\/\/stainihard.com\/#\/schema\/logo\/image\/\",\"url\":\"https:\/\/stainihard.com\/wp-content\/uploads\/2021\/09\/logo-2.svg\",\"contentUrl\":\"https:\/\/stainihard.com\/wp-content\/uploads\/2021\/09\/logo-2.svg\",\"width\":152,\"height\":61,\"caption\":\"Stainihard onderdeel van Aalberts Surface Technologies\"},\"image\":{\"@id\":\"https:\/\/stainihard.com\/#\/schema\/logo\/image\/\"}}]}<\/script>\n<!-- \/ Yoast SEO plugin. -->","yoast_head_json":{"title":"Propri\u00e9t\u00e9s - Stainihard onderdeel van Aalberts Surface Technologies","robots":{"index":"index","follow":"follow","max-snippet":"max-snippet:-1","max-image-preview":"max-image-preview:large","max-video-preview":"max-video-preview:-1"},"canonical":"https:\/\/stainihard.com\/fr\/proprietes\/","og_locale":"fr_FR","og_type":"article","og_title":"Propri\u00e9t\u00e9s - Stainihard onderdeel van Aalberts Surface Technologies","og_description":"Propri\u00e9t\u00e9s de Stainihard\u00ae Stainihard\u00ae La duret\u00e9 augmente de mani\u00e8re significative, sans affecter n\u00e9gativement la r\u00e9sistance \u00e0 la corrosion. Voir aussi les brochures et les certificats T\u00e9l\u00e9chargements propri\u00e9t\u00e9s de Stainihard\u00ae Duret\u00e9 de surface \u00e9lev\u00e9e Haute r\u00e9sistance \u00e0 l&rsquo;usure abrasive Haute r\u00e9sistance \u00e0 la soudure \u00e0 froid, au grippage ou \u00e0 la corrosion de contact. La r\u00e9sistance [&hellip;]","og_url":"https:\/\/stainihard.com\/fr\/proprietes\/","og_site_name":"Stainihard onderdeel van Aalberts Surface Technologies","article_modified_time":"2022-01-19T12:25:46+00:00","og_image":[{"url":"https:\/\/stainihard.com\/wp-content\/uploads\/2021\/09\/6-tijdelijke-foto-stainihardlaag.jpg","type":"","width":"","height":""}],"twitter_card":"summary_large_image","twitter_misc":{"Dur\u00e9e de lecture estim\u00e9e":"1 minute"},"schema":{"@context":"https:\/\/schema.org","@graph":[{"@type":"WebPage","@id":"https:\/\/stainihard.com\/fr\/proprietes\/","url":"https:\/\/stainihard.com\/fr\/proprietes\/","name":"Propri\u00e9t\u00e9s - Stainihard onderdeel van Aalberts Surface Technologies","isPartOf":{"@id":"https:\/\/stainihard.com\/#website"},"primaryImageOfPage":{"@id":"https:\/\/stainihard.com\/fr\/proprietes\/#primaryimage"},"image":{"@id":"https:\/\/stainihard.com\/fr\/proprietes\/#primaryimage"},"thumbnailUrl":"https:\/\/stainihard.com\/wp-content\/uploads\/2021\/09\/6-tijdelijke-foto-stainihardlaag.jpg","datePublished":"2021-09-14T14:28:54+00:00","dateModified":"2022-01-19T12:25:46+00:00","breadcrumb":{"@id":"https:\/\/stainihard.com\/fr\/proprietes\/#breadcrumb"},"inLanguage":"fr-FR","potentialAction":[{"@type":"ReadAction","target":["https:\/\/stainihard.com\/fr\/proprietes\/"]}]},{"@type":"ImageObject","inLanguage":"fr-FR","@id":"https:\/\/stainihard.com\/fr\/proprietes\/#primaryimage","url":"https:\/\/stainihard.com\/wp-content\/uploads\/2021\/09\/6-tijdelijke-foto-stainihardlaag.jpg","contentUrl":"https:\/\/stainihard.com\/wp-content\/uploads\/2021\/09\/6-tijdelijke-foto-stainihardlaag.jpg"},{"@type":"BreadcrumbList","@id":"https:\/\/stainihard.com\/fr\/proprietes\/#breadcrumb","itemListElement":[{"@type":"ListItem","position":1,"name":"Home","item":"https:\/\/stainihard.com\/fr\/"},{"@type":"ListItem","position":2,"name":"Propri\u00e9t\u00e9s"}]},{"@type":"WebSite","@id":"https:\/\/stainihard.com\/#website","url":"https:\/\/stainihard.com\/","name":"Stainihard onderdeel van Aalberts Surface Technologies","description":"Stainihard&reg; NC is een proces om het oppervlak van (austenitisch en duplex) roestvast staal te harden.","publisher":{"@id":"https:\/\/stainihard.com\/#organization"},"potentialAction":[{"@type":"SearchAction","target":{"@type":"EntryPoint","urlTemplate":"https:\/\/stainihard.com\/?s={search_term_string}"},"query-input":{"@type":"PropertyValueSpecification","valueRequired":true,"valueName":"search_term_string"}}],"inLanguage":"fr-FR"},{"@type":"Organization","@id":"https:\/\/stainihard.com\/#organization","name":"Stainihard onderdeel van Aalberts Surface Technologies","url":"https:\/\/stainihard.com\/","logo":{"@type":"ImageObject","inLanguage":"fr-FR","@id":"https:\/\/stainihard.com\/#\/schema\/logo\/image\/","url":"https:\/\/stainihard.com\/wp-content\/uploads\/2021\/09\/logo-2.svg","contentUrl":"https:\/\/stainihard.com\/wp-content\/uploads\/2021\/09\/logo-2.svg","width":152,"height":61,"caption":"Stainihard onderdeel van Aalberts Surface Technologies"},"image":{"@id":"https:\/\/stainihard.com\/#\/schema\/logo\/image\/"}}]}},"_links":{"self":[{"href":"https:\/\/stainihard.com\/fr\/wp-json\/wp\/v2\/pages\/8223","targetHints":{"allow":["GET"]}}],"collection":[{"href":"https:\/\/stainihard.com\/fr\/wp-json\/wp\/v2\/pages"}],"about":[{"href":"https:\/\/stainihard.com\/fr\/wp-json\/wp\/v2\/types\/page"}],"author":[{"embeddable":true,"href":"https:\/\/stainihard.com\/fr\/wp-json\/wp\/v2\/users\/2"}],"replies":[{"embeddable":true,"href":"https:\/\/stainihard.com\/fr\/wp-json\/wp\/v2\/comments?post=8223"}],"version-history":[{"count":7,"href":"https:\/\/stainihard.com\/fr\/wp-json\/wp\/v2\/pages\/8223\/revisions"}],"predecessor-version":[{"id":8360,"href":"https:\/\/stainihard.com\/fr\/wp-json\/wp\/v2\/pages\/8223\/revisions\/8360"}],"wp:attachment":[{"href":"https:\/\/stainihard.com\/fr\/wp-json\/wp\/v2\/media?parent=8223"}],"curies":[{"name":"wp","href":"https:\/\/api.w.org\/{rel}","templated":true}]}}