{"id":8201,"date":"2021-09-15T10:10:46","date_gmt":"2021-09-15T10:10:46","guid":{"rendered":"https:\/\/stainihard.com\/disclaimer\/"},"modified":"2023-08-30T14:27:53","modified_gmt":"2023-08-30T14:27:53","slug":"disclaimer","status":"publish","type":"page","link":"https:\/\/stainihard.com\/fr\/disclaimer\/","title":{"rendered":"Disclaimer"},"content":{"rendered":"\t\t<div data-elementor-type=\"wp-page\" data-elementor-id=\"8201\" class=\"elementor elementor-8201 elementor-6180\" data-elementor-post-type=\"page\">\n\t\t\t\t\t\t<section class=\"elementor-section elementor-top-section elementor-element elementor-element-4e5f4858 elementor-section-height-min-height overlay elementor-section-items-bottom elementor-section-boxed elementor-section-height-default\" data-id=\"4e5f4858\" data-element_type=\"section\" data-e-type=\"section\" data-settings=\"{&quot;background_background&quot;:&quot;classic&quot;}\">\n\t\t\t\t\t\t\t<div class=\"elementor-background-overlay\"><\/div>\n\t\t\t\t\t\t\t<div class=\"elementor-container elementor-column-gap-default\">\n\t\t\t\t\t<div class=\"elementor-column elementor-col-100 elementor-top-column elementor-element elementor-element-2bfae22f\" data-id=\"2bfae22f\" data-element_type=\"column\" data-e-type=\"column\">\n\t\t\t<div class=\"elementor-widget-wrap elementor-element-populated\">\n\t\t\t\t\t\t<div class=\"elementor-element elementor-element-59e33ce2 elementor-widget elementor-widget-heading\" data-id=\"59e33ce2\" data-element_type=\"widget\" data-e-type=\"widget\" data-widget_type=\"heading.default\">\n\t\t\t\t<div class=\"elementor-widget-container\">\n\t\t\t\t\t<h1 class=\"elementor-heading-title elementor-size-default\">Avis de non-responsabilit\u00e9<\/h1>\t\t\t\t<\/div>\n\t\t\t\t<\/div>\n\t\t\t\t<section class=\"elementor-section elementor-inner-section elementor-element elementor-element-1906f7e1 elementor-section-boxed elementor-section-height-default elementor-section-height-default\" data-id=\"1906f7e1\" data-element_type=\"section\" data-e-type=\"section\">\n\t\t\t\t\t\t<div class=\"elementor-container elementor-column-gap-no\">\n\t\t\t\t\t<div class=\"elementor-column elementor-col-33 elementor-inner-column elementor-element elementor-element-3e13f772\" data-id=\"3e13f772\" data-element_type=\"column\" data-e-type=\"column\">\n\t\t\t<div class=\"elementor-widget-wrap\">\n\t\t\t\t\t\t\t<\/div>\n\t\t<\/div>\n\t\t\t\t<div class=\"elementor-column elementor-col-33 elementor-inner-column elementor-element elementor-element-344444c5\" data-id=\"344444c5\" data-element_type=\"column\" data-e-type=\"column\">\n\t\t\t<div class=\"elementor-widget-wrap\">\n\t\t\t\t\t\t\t<\/div>\n\t\t<\/div>\n\t\t\t\t<div class=\"elementor-column elementor-col-33 elementor-inner-column elementor-element elementor-element-ae7d1ef\" data-id=\"ae7d1ef\" data-element_type=\"column\" data-e-type=\"column\" data-settings=\"{&quot;background_background&quot;:&quot;classic&quot;}\">\n\t\t\t<div class=\"elementor-widget-wrap elementor-element-populated\">\n\t\t\t\t\t\t<div class=\"elementor-element elementor-element-2f414e4c elementor-widget elementor-widget-heading\" data-id=\"2f414e4c\" data-element_type=\"widget\" data-e-type=\"widget\" data-widget_type=\"heading.default\">\n\t\t\t\t<div class=\"elementor-widget-container\">\n\t\t\t\t\t<span class=\"elementor-heading-title elementor-size-default\">Partie des Aalberts<\/span>\t\t\t\t<\/div>\n\t\t\t\t<\/div>\n\t\t\t\t<div class=\"elementor-element elementor-element-5ac111ac elementor-widget elementor-widget-text-editor\" data-id=\"5ac111ac\" data-element_type=\"widget\" data-e-type=\"widget\" data-widget_type=\"text-editor.default\">\n\t\t\t\t<div class=\"elementor-widget-container\">\n\t\t\t\t\t\t\t\t\t<p>Stainihard\u00ae est une marque unique d\u00e9pos\u00e9e par Aalberts Surface Technologies. Aalberts Surface Technologies fait partie du sp\u00e9cialiste industriel mondial Aalberts\u00a0 N.V. Plus de 14 000 personnes travaillent pour Aalberts dans plus de 50 pays.<\/p>\t\t\t\t\t\t\t\t<\/div>\n\t\t\t\t<\/div>\n\t\t\t\t\t<\/div>\n\t\t<\/div>\n\t\t\t\t\t<\/div>\n\t\t<\/section>\n\t\t\t\t\t<\/div>\n\t\t<\/div>\n\t\t\t\t\t<\/div>\n\t\t<\/section>\n\t\t\t\t<section class=\"elementor-section elementor-top-section elementor-element elementor-element-28d47a9b elementor-section-boxed elementor-section-height-default elementor-section-height-default\" data-id=\"28d47a9b\" data-element_type=\"section\" data-e-type=\"section\">\n\t\t\t\t\t\t<div class=\"elementor-container elementor-column-gap-default\">\n\t\t\t\t\t<div class=\"elementor-column elementor-col-50 elementor-top-column elementor-element elementor-element-5bedd38\" data-id=\"5bedd38\" data-element_type=\"column\" data-e-type=\"column\">\n\t\t\t<div class=\"elementor-widget-wrap elementor-element-populated\">\n\t\t\t\t\t\t<div class=\"elementor-element elementor-element-35ff8301 elementor-widget elementor-widget-heading\" data-id=\"35ff8301\" data-element_type=\"widget\" data-e-type=\"widget\" data-widget_type=\"heading.default\">\n\t\t\t\t<div class=\"elementor-widget-container\">\n\t\t\t\t\t<h2 class=\"elementor-heading-title elementor-size-default\">disclaimer<\/h2>\t\t\t\t<\/div>\n\t\t\t\t<\/div>\n\t\t\t\t<div class=\"elementor-element elementor-element-4cacb460 elementor-widget elementor-widget-text-editor\" data-id=\"4cacb460\" data-element_type=\"widget\" data-e-type=\"widget\" data-widget_type=\"text-editor.default\">\n\t\t\t\t<div class=\"elementor-widget-container\">\n\t\t\t\t\t\t\t\t\t<p>Toutes les valeurs\/propri\u00e9t\u00e9s mentionn\u00e9es dans la brochure\/le site web d\u00e9pendent du type d&rsquo;acier inoxydable et de son \u00e9tat.<\/p><p>Outre la composition chimique du mat\u00e9riau, les r\u00e9sultats d\u00e9pendent \u00e9galement du traitement thermique pr\u00e9alable et\/ou de l&rsquo;usinage.<br \/>La couche passive pr\u00e9sente les meilleures propri\u00e9t\u00e9s si la microstructure du mat\u00e9riau de base est uniforme. Les d\u00e9fauts d&rsquo;uniformit\u00e9 tels que les sulfures, la martensite de d\u00e9formation et la ferrite delta contribuent \u00e9galement \u00e0 r\u00e9duire la r\u00e9sistance \u00e0 la corrosion.<br \/>L&rsquo;aspect d&rsquo;un produit apr\u00e8s traitement d\u00e9pend des conditions de livraison de la pi\u00e8ce.<\/p><p>Le traitement et la sp\u00e9cification des produits finis doivent \u00eatre d\u00e9termin\u00e9s \u00e0 l&rsquo;avance en accord avec Aalberts Surface Technologies Eindhoven B.V.<\/p>\t\t\t\t\t\t\t\t<\/div>\n\t\t\t\t<\/div>\n\t\t\t\t\t<\/div>\n\t\t<\/div>\n\t\t\t\t<div class=\"elementor-column elementor-col-50 elementor-top-column elementor-element elementor-element-15472527\" data-id=\"15472527\" data-element_type=\"column\" data-e-type=\"column\">\n\t\t\t<div class=\"elementor-widget-wrap\">\n\t\t\t\t\t\t\t<\/div>\n\t\t<\/div>\n\t\t\t\t\t<\/div>\n\t\t<\/section>\n\t\t\t\t<\/div>\n\t\t","protected":false},"excerpt":{"rendered":"<p>Avis de non-responsabilit\u00e9 Partie des Aalberts Stainihard\u00ae est une marque unique d\u00e9pos\u00e9e par Aalberts Surface Technologies. Aalberts Surface Technologies fait partie du sp\u00e9cialiste industriel mondial Aalberts\u00a0 N.V. Plus de 14 000 personnes travaillent pour Aalberts dans plus de 50 pays. disclaimer Toutes les valeurs\/propri\u00e9t\u00e9s mentionn\u00e9es dans la brochure\/le site web d\u00e9pendent du type d&rsquo;acier inoxydable [&hellip;]<\/p>\n","protected":false},"author":2,"featured_media":0,"parent":0,"menu_order":0,"comment_status":"closed","ping_status":"closed","template":"","meta":{"inline_featured_image":false,"site-sidebar-layout":"no-sidebar","site-content-layout":"page-builder","ast-site-content-layout":"default","site-content-style":"default","site-sidebar-style":"default","ast-global-header-display":"","ast-banner-title-visibility":"","ast-main-header-display":"","ast-hfb-above-header-display":"","ast-hfb-below-header-display":"","ast-hfb-mobile-header-display":"","site-post-title":"disabled","ast-breadcrumbs-content":"","ast-featured-img":"disabled","footer-sml-layout":"","ast-disable-related-posts":"","theme-transparent-header-meta":"","adv-header-id-meta":"","stick-header-meta":"","header-above-stick-meta":"","header-main-stick-meta":"","header-below-stick-meta":"","astra-migrate-meta-layouts":"default","ast-page-background-enabled":"default","ast-page-background-meta":{"desktop":{"background-color":"var(--ast-global-color-4)","background-image":"","background-repeat":"repeat","background-position":"center center","background-size":"auto","background-attachment":"scroll","background-type":"","background-media":"","overlay-type":"","overlay-color":"","overlay-opacity":"","overlay-gradient":""},"tablet":{"background-color":"","background-image":"","background-repeat":"repeat","background-position":"center center","background-size":"auto","background-attachment":"scroll","background-type":"","background-media":"","overlay-type":"","overlay-color":"","overlay-opacity":"","overlay-gradient":""},"mobile":{"background-color":"","background-image":"","background-repeat":"repeat","background-position":"center center","background-size":"auto","background-attachment":"scroll","background-type":"","background-media":"","overlay-type":"","overlay-color":"","overlay-opacity":"","overlay-gradient":""}},"ast-content-background-meta":{"desktop":{"background-color":"var(--ast-global-color-5)","background-image":"","background-repeat":"repeat","background-position":"center center","background-size":"auto","background-attachment":"scroll","background-type":"","background-media":"","overlay-type":"","overlay-color":"","overlay-opacity":"","overlay-gradient":""},"tablet":{"background-color":"var(--ast-global-color-5)","background-image":"","background-repeat":"repeat","background-position":"center center","background-size":"auto","background-attachment":"scroll","background-type":"","background-media":"","overlay-type":"","overlay-color":"","overlay-opacity":"","overlay-gradient":""},"mobile":{"background-color":"var(--ast-global-color-5)","background-image":"","background-repeat":"repeat","background-position":"center center","background-size":"auto","background-attachment":"scroll","background-type":"","background-media":"","overlay-type":"","overlay-color":"","overlay-opacity":"","overlay-gradient":""}},"footnotes":""},"class_list":["post-8201","page","type-page","status-publish","hentry"],"yoast_head":"<!-- This site is optimized with the Yoast SEO plugin v26.8 - https:\/\/yoast.com\/product\/yoast-seo-wordpress\/ -->\n<title>Disclaimer - Stainihard onderdeel van Aalberts Surface Technologies<\/title>\n<meta name=\"robots\" content=\"index, follow, max-snippet:-1, max-image-preview:large, max-video-preview:-1\" \/>\n<link rel=\"canonical\" href=\"https:\/\/stainihard.com\/fr\/disclaimer\/\" \/>\n<meta property=\"og:locale\" content=\"fr_FR\" \/>\n<meta property=\"og:type\" content=\"article\" \/>\n<meta property=\"og:title\" content=\"Disclaimer - Stainihard onderdeel van Aalberts Surface Technologies\" \/>\n<meta property=\"og:description\" content=\"Avis de non-responsabilit\u00e9 Partie des Aalberts Stainihard\u00ae est une marque unique d\u00e9pos\u00e9e par Aalberts Surface Technologies. Aalberts Surface Technologies fait partie du sp\u00e9cialiste industriel mondial Aalberts\u00a0 N.V. Plus de 14 000 personnes travaillent pour Aalberts dans plus de 50 pays. disclaimer Toutes les valeurs\/propri\u00e9t\u00e9s mentionn\u00e9es dans la brochure\/le site web d\u00e9pendent du type d&rsquo;acier inoxydable [&hellip;]\" \/>\n<meta property=\"og:url\" content=\"https:\/\/stainihard.com\/fr\/disclaimer\/\" \/>\n<meta property=\"og:site_name\" content=\"Stainihard onderdeel van Aalberts Surface Technologies\" \/>\n<meta property=\"article:modified_time\" content=\"2023-08-30T14:27:53+00:00\" \/>\n<meta name=\"twitter:card\" content=\"summary_large_image\" \/>\n<meta name=\"twitter:label1\" content=\"Dur\u00e9e de lecture estim\u00e9e\" \/>\n\t<meta name=\"twitter:data1\" content=\"1 minute\" \/>\n<script type=\"application\/ld+json\" class=\"yoast-schema-graph\">{\"@context\":\"https:\/\/schema.org\",\"@graph\":[{\"@type\":\"WebPage\",\"@id\":\"https:\/\/stainihard.com\/fr\/disclaimer\/\",\"url\":\"https:\/\/stainihard.com\/fr\/disclaimer\/\",\"name\":\"Disclaimer - Stainihard onderdeel van Aalberts Surface Technologies\",\"isPartOf\":{\"@id\":\"https:\/\/stainihard.com\/#website\"},\"datePublished\":\"2021-09-15T10:10:46+00:00\",\"dateModified\":\"2023-08-30T14:27:53+00:00\",\"breadcrumb\":{\"@id\":\"https:\/\/stainihard.com\/fr\/disclaimer\/#breadcrumb\"},\"inLanguage\":\"fr-FR\",\"potentialAction\":[{\"@type\":\"ReadAction\",\"target\":[\"https:\/\/stainihard.com\/fr\/disclaimer\/\"]}]},{\"@type\":\"BreadcrumbList\",\"@id\":\"https:\/\/stainihard.com\/fr\/disclaimer\/#breadcrumb\",\"itemListElement\":[{\"@type\":\"ListItem\",\"position\":1,\"name\":\"Home\",\"item\":\"https:\/\/stainihard.com\/fr\/\"},{\"@type\":\"ListItem\",\"position\":2,\"name\":\"Disclaimer\"}]},{\"@type\":\"WebSite\",\"@id\":\"https:\/\/stainihard.com\/#website\",\"url\":\"https:\/\/stainihard.com\/\",\"name\":\"Stainihard onderdeel van Aalberts Surface Technologies\",\"description\":\"Stainihard&reg; NC is een proces om het oppervlak van (austenitisch en duplex) roestvast staal te harden.\",\"publisher\":{\"@id\":\"https:\/\/stainihard.com\/#organization\"},\"potentialAction\":[{\"@type\":\"SearchAction\",\"target\":{\"@type\":\"EntryPoint\",\"urlTemplate\":\"https:\/\/stainihard.com\/?s={search_term_string}\"},\"query-input\":{\"@type\":\"PropertyValueSpecification\",\"valueRequired\":true,\"valueName\":\"search_term_string\"}}],\"inLanguage\":\"fr-FR\"},{\"@type\":\"Organization\",\"@id\":\"https:\/\/stainihard.com\/#organization\",\"name\":\"Stainihard onderdeel van Aalberts Surface Technologies\",\"url\":\"https:\/\/stainihard.com\/\",\"logo\":{\"@type\":\"ImageObject\",\"inLanguage\":\"fr-FR\",\"@id\":\"https:\/\/stainihard.com\/#\/schema\/logo\/image\/\",\"url\":\"https:\/\/stainihard.com\/wp-content\/uploads\/2021\/09\/logo-2.svg\",\"contentUrl\":\"https:\/\/stainihard.com\/wp-content\/uploads\/2021\/09\/logo-2.svg\",\"width\":152,\"height\":61,\"caption\":\"Stainihard onderdeel van Aalberts Surface Technologies\"},\"image\":{\"@id\":\"https:\/\/stainihard.com\/#\/schema\/logo\/image\/\"}}]}<\/script>\n<!-- \/ Yoast SEO plugin. -->","yoast_head_json":{"title":"Disclaimer - Stainihard onderdeel van Aalberts Surface Technologies","robots":{"index":"index","follow":"follow","max-snippet":"max-snippet:-1","max-image-preview":"max-image-preview:large","max-video-preview":"max-video-preview:-1"},"canonical":"https:\/\/stainihard.com\/fr\/disclaimer\/","og_locale":"fr_FR","og_type":"article","og_title":"Disclaimer - Stainihard onderdeel van Aalberts Surface Technologies","og_description":"Avis de non-responsabilit\u00e9 Partie des Aalberts Stainihard\u00ae est une marque unique d\u00e9pos\u00e9e par Aalberts Surface Technologies. Aalberts Surface Technologies fait partie du sp\u00e9cialiste industriel mondial Aalberts\u00a0 N.V. Plus de 14 000 personnes travaillent pour Aalberts dans plus de 50 pays. disclaimer Toutes les valeurs\/propri\u00e9t\u00e9s mentionn\u00e9es dans la brochure\/le site web d\u00e9pendent du type d&rsquo;acier inoxydable [&hellip;]","og_url":"https:\/\/stainihard.com\/fr\/disclaimer\/","og_site_name":"Stainihard onderdeel van Aalberts Surface Technologies","article_modified_time":"2023-08-30T14:27:53+00:00","twitter_card":"summary_large_image","twitter_misc":{"Dur\u00e9e de lecture estim\u00e9e":"1 minute"},"schema":{"@context":"https:\/\/schema.org","@graph":[{"@type":"WebPage","@id":"https:\/\/stainihard.com\/fr\/disclaimer\/","url":"https:\/\/stainihard.com\/fr\/disclaimer\/","name":"Disclaimer - Stainihard onderdeel van Aalberts Surface Technologies","isPartOf":{"@id":"https:\/\/stainihard.com\/#website"},"datePublished":"2021-09-15T10:10:46+00:00","dateModified":"2023-08-30T14:27:53+00:00","breadcrumb":{"@id":"https:\/\/stainihard.com\/fr\/disclaimer\/#breadcrumb"},"inLanguage":"fr-FR","potentialAction":[{"@type":"ReadAction","target":["https:\/\/stainihard.com\/fr\/disclaimer\/"]}]},{"@type":"BreadcrumbList","@id":"https:\/\/stainihard.com\/fr\/disclaimer\/#breadcrumb","itemListElement":[{"@type":"ListItem","position":1,"name":"Home","item":"https:\/\/stainihard.com\/fr\/"},{"@type":"ListItem","position":2,"name":"Disclaimer"}]},{"@type":"WebSite","@id":"https:\/\/stainihard.com\/#website","url":"https:\/\/stainihard.com\/","name":"Stainihard onderdeel van Aalberts Surface Technologies","description":"Stainihard&reg; NC is een proces om het oppervlak van (austenitisch en duplex) roestvast staal te harden.","publisher":{"@id":"https:\/\/stainihard.com\/#organization"},"potentialAction":[{"@type":"SearchAction","target":{"@type":"EntryPoint","urlTemplate":"https:\/\/stainihard.com\/?s={search_term_string}"},"query-input":{"@type":"PropertyValueSpecification","valueRequired":true,"valueName":"search_term_string"}}],"inLanguage":"fr-FR"},{"@type":"Organization","@id":"https:\/\/stainihard.com\/#organization","name":"Stainihard onderdeel van Aalberts Surface Technologies","url":"https:\/\/stainihard.com\/","logo":{"@type":"ImageObject","inLanguage":"fr-FR","@id":"https:\/\/stainihard.com\/#\/schema\/logo\/image\/","url":"https:\/\/stainihard.com\/wp-content\/uploads\/2021\/09\/logo-2.svg","contentUrl":"https:\/\/stainihard.com\/wp-content\/uploads\/2021\/09\/logo-2.svg","width":152,"height":61,"caption":"Stainihard onderdeel van Aalberts Surface Technologies"},"image":{"@id":"https:\/\/stainihard.com\/#\/schema\/logo\/image\/"}}]}},"_links":{"self":[{"href":"https:\/\/stainihard.com\/fr\/wp-json\/wp\/v2\/pages\/8201","targetHints":{"allow":["GET"]}}],"collection":[{"href":"https:\/\/stainihard.com\/fr\/wp-json\/wp\/v2\/pages"}],"about":[{"href":"https:\/\/stainihard.com\/fr\/wp-json\/wp\/v2\/types\/page"}],"author":[{"embeddable":true,"href":"https:\/\/stainihard.com\/fr\/wp-json\/wp\/v2\/users\/2"}],"replies":[{"embeddable":true,"href":"https:\/\/stainihard.com\/fr\/wp-json\/wp\/v2\/comments?post=8201"}],"version-history":[{"count":9,"href":"https:\/\/stainihard.com\/fr\/wp-json\/wp\/v2\/pages\/8201\/revisions"}],"predecessor-version":[{"id":9037,"href":"https:\/\/stainihard.com\/fr\/wp-json\/wp\/v2\/pages\/8201\/revisions\/9037"}],"wp:attachment":[{"href":"https:\/\/stainihard.com\/fr\/wp-json\/wp\/v2\/media?parent=8201"}],"curies":[{"name":"wp","href":"https:\/\/api.w.org\/{rel}","templated":true}]}}