{"id":7888,"date":"2021-09-15T10:09:35","date_gmt":"2021-09-15T10:09:35","guid":{"rendered":"https:\/\/stainihard.com\/milieu-en-omgeving\/"},"modified":"2025-05-21T12:03:23","modified_gmt":"2025-05-21T12:03:23","slug":"milieu-en-omgeving","status":"publish","type":"page","link":"https:\/\/stainihard.com\/de\/milieu-en-omgeving\/","title":{"rendered":"Milieu en omgeving"},"content":{"rendered":"\t\t<div data-elementor-type=\"wp-page\" data-elementor-id=\"7888\" class=\"elementor elementor-7888 elementor-5863\" data-elementor-post-type=\"page\">\n\t\t\t\t\t\t<section class=\"elementor-section elementor-top-section elementor-element elementor-element-18d580cd elementor-section-height-min-height overlay elementor-section-items-bottom elementor-section-boxed elementor-section-height-default\" data-id=\"18d580cd\" data-element_type=\"section\" data-e-type=\"section\" data-settings=\"{&quot;background_background&quot;:&quot;classic&quot;}\">\n\t\t\t\t\t\t\t<div class=\"elementor-background-overlay\"><\/div>\n\t\t\t\t\t\t\t<div class=\"elementor-container elementor-column-gap-default\">\n\t\t\t\t\t<div class=\"elementor-column elementor-col-100 elementor-top-column elementor-element elementor-element-2a655033\" data-id=\"2a655033\" data-element_type=\"column\" data-e-type=\"column\">\n\t\t\t<div class=\"elementor-widget-wrap elementor-element-populated\">\n\t\t\t\t\t\t<div class=\"elementor-element elementor-element-7c4c1bb6 elementor-widget elementor-widget-heading\" data-id=\"7c4c1bb6\" data-element_type=\"widget\" data-e-type=\"widget\" data-widget_type=\"heading.default\">\n\t\t\t\t<div class=\"elementor-widget-container\">\n\t\t\t\t\t<h1 class=\"elementor-heading-title elementor-size-default\">Umwelt und Umgebung<\/h1>\t\t\t\t<\/div>\n\t\t\t\t<\/div>\n\t\t\t\t<section class=\"elementor-section elementor-inner-section elementor-element elementor-element-37076590 elementor-section-boxed elementor-section-height-default elementor-section-height-default\" data-id=\"37076590\" data-element_type=\"section\" data-e-type=\"section\">\n\t\t\t\t\t\t<div class=\"elementor-container elementor-column-gap-no\">\n\t\t\t\t\t<div class=\"elementor-column elementor-col-33 elementor-inner-column elementor-element elementor-element-30b2426e\" data-id=\"30b2426e\" data-element_type=\"column\" data-e-type=\"column\">\n\t\t\t<div class=\"elementor-widget-wrap\">\n\t\t\t\t\t\t\t<\/div>\n\t\t<\/div>\n\t\t\t\t<div class=\"elementor-column elementor-col-33 elementor-inner-column elementor-element elementor-element-21fb789a\" data-id=\"21fb789a\" data-element_type=\"column\" data-e-type=\"column\">\n\t\t\t<div class=\"elementor-widget-wrap\">\n\t\t\t\t\t\t\t<\/div>\n\t\t<\/div>\n\t\t\t\t<div class=\"elementor-column elementor-col-33 elementor-inner-column elementor-element elementor-element-74b50bac\" data-id=\"74b50bac\" data-element_type=\"column\" data-e-type=\"column\" data-settings=\"{&quot;background_background&quot;:&quot;classic&quot;}\">\n\t\t\t<div class=\"elementor-widget-wrap elementor-element-populated\">\n\t\t\t\t\t\t<div class=\"elementor-element elementor-element-212a24e6 elementor-widget elementor-widget-heading\" data-id=\"212a24e6\" data-element_type=\"widget\" data-e-type=\"widget\" data-widget_type=\"heading.default\">\n\t\t\t\t<div class=\"elementor-widget-container\">\n\t\t\t\t\t<span class=\"elementor-heading-title elementor-size-default\">Teil des Aalberts<\/span>\t\t\t\t<\/div>\n\t\t\t\t<\/div>\n\t\t\t\t<div class=\"elementor-element elementor-element-4e4ba36d elementor-widget elementor-widget-text-editor\" data-id=\"4e4ba36d\" data-element_type=\"widget\" data-e-type=\"widget\" data-widget_type=\"text-editor.default\">\n\t\t\t\t<div class=\"elementor-widget-container\">\n\t\t\t\t\t\t\t\t\t<p>Stainihard\u00ae ist eine von Aalberts Surface technologies Eindhoven B.V. eingetragene Marke. Aalberts Surface Technologies ist Teil des weltweiten Industriespezialisten Aalberts N.V. Mehr als 14.000 Menschen arbeiten f\u00fcr Aalberts in mehr als 50 L\u00e4ndern.<\/p>\t\t\t\t\t\t\t\t<\/div>\n\t\t\t\t<\/div>\n\t\t\t\t\t<\/div>\n\t\t<\/div>\n\t\t\t\t\t<\/div>\n\t\t<\/section>\n\t\t\t\t\t<\/div>\n\t\t<\/div>\n\t\t\t\t\t<\/div>\n\t\t<\/section>\n\t\t\t\t<section class=\"elementor-section elementor-top-section elementor-element elementor-element-2bc94afe elementor-section-boxed elementor-section-height-default elementor-section-height-default\" data-id=\"2bc94afe\" data-element_type=\"section\" data-e-type=\"section\">\n\t\t\t\t\t\t<div class=\"elementor-container elementor-column-gap-default\">\n\t\t\t\t\t<div class=\"elementor-column elementor-col-50 elementor-top-column elementor-element elementor-element-25e71634\" data-id=\"25e71634\" data-element_type=\"column\" data-e-type=\"column\">\n\t\t\t<div class=\"elementor-widget-wrap elementor-element-populated\">\n\t\t\t\t\t\t<div class=\"elementor-element elementor-element-7952eabb elementor-widget elementor-widget-heading\" data-id=\"7952eabb\" data-element_type=\"widget\" data-e-type=\"widget\" data-widget_type=\"heading.default\">\n\t\t\t\t<div class=\"elementor-widget-container\">\n\t\t\t\t\t<h2 class=\"elementor-heading-title elementor-size-default\">umwelt und Umgebung<\/h2>\t\t\t\t<\/div>\n\t\t\t\t<\/div>\n\t\t\t\t<div class=\"elementor-element elementor-element-77c44ed9 elementor-widget elementor-widget-text-editor\" data-id=\"77c44ed9\" data-element_type=\"widget\" data-e-type=\"widget\" data-widget_type=\"text-editor.default\">\n\t\t\t\t<div class=\"elementor-widget-container\">\n\t\t\t\t\t\t\t\t\t<p>Aalberts Surface Technologies Eindhoven B.V. ist bestrebt, auf m\u00f6glichst umweltfreundliche Weise zu produzieren. Das Stainihard\u00ae-Verfahren ist au\u00dferdem umweltfreundlich.<\/p><p>Wir sind stolz darauf, die EcoVadis-Silbermedaille erhalten zu haben, die unser Engagement f\u00fcr die Verantwortung gegen\u00fcber den Menschen, der Umwelt und unseren Kunden und Lieferanten \u00fcber die gesamte Wertsch\u00f6pfungskette hinweg best\u00e4tigt.<\/p>\t\t\t\t\t\t\t\t<\/div>\n\t\t\t\t<\/div>\n\t\t\t\t<div class=\"elementor-element elementor-element-2dd4c91 elementor-widget elementor-widget-image\" data-id=\"2dd4c91\" data-element_type=\"widget\" data-e-type=\"widget\" data-widget_type=\"image.default\">\n\t\t\t\t<div class=\"elementor-widget-container\">\n\t\t\t\t\t\t\t\t\t\t\t\t\t\t\t<img fetchpriority=\"high\" decoding=\"async\" width=\"242\" height=\"216\" src=\"https:\/\/stainihard.com\/wp-content\/uploads\/2025\/05\/knipsel-ecovadis-silver.jpg\" class=\"attachment-large size-large wp-image-9423\" alt=\"\" \/>\t\t\t\t\t\t\t\t\t\t\t\t\t\t\t<\/div>\n\t\t\t\t<\/div>\n\t\t\t\t\t<\/div>\n\t\t<\/div>\n\t\t\t\t<div class=\"elementor-column elementor-col-50 elementor-top-column elementor-element elementor-element-358846c0\" data-id=\"358846c0\" data-element_type=\"column\" data-e-type=\"column\">\n\t\t\t<div class=\"elementor-widget-wrap\">\n\t\t\t\t\t\t\t<\/div>\n\t\t<\/div>\n\t\t\t\t\t<\/div>\n\t\t<\/section>\n\t\t\t\t<\/div>\n\t\t","protected":false},"excerpt":{"rendered":"<p>Umwelt und Umgebung Teil des Aalberts Stainihard\u00ae ist eine von Aalberts Surface technologies Eindhoven B.V. eingetragene Marke. Aalberts Surface Technologies ist Teil des weltweiten Industriespezialisten Aalberts N.V. Mehr als 14.000 Menschen arbeiten f\u00fcr Aalberts in mehr als 50 L\u00e4ndern. umwelt und Umgebung Aalberts Surface Technologies Eindhoven B.V. ist bestrebt, auf m\u00f6glichst umweltfreundliche Weise zu produzieren. [&hellip;]<\/p>\n","protected":false},"author":2,"featured_media":0,"parent":0,"menu_order":0,"comment_status":"closed","ping_status":"closed","template":"","meta":{"inline_featured_image":false,"site-sidebar-layout":"no-sidebar","site-content-layout":"page-builder","ast-site-content-layout":"default","site-content-style":"default","site-sidebar-style":"default","ast-global-header-display":"","ast-banner-title-visibility":"","ast-main-header-display":"","ast-hfb-above-header-display":"","ast-hfb-below-header-display":"","ast-hfb-mobile-header-display":"","site-post-title":"disabled","ast-breadcrumbs-content":"","ast-featured-img":"disabled","footer-sml-layout":"","ast-disable-related-posts":"","theme-transparent-header-meta":"","adv-header-id-meta":"","stick-header-meta":"","header-above-stick-meta":"","header-main-stick-meta":"","header-below-stick-meta":"","astra-migrate-meta-layouts":"default","ast-page-background-enabled":"default","ast-page-background-meta":{"desktop":{"background-color":"var(--ast-global-color-4)","background-image":"","background-repeat":"repeat","background-position":"center center","background-size":"auto","background-attachment":"scroll","background-type":"","background-media":"","overlay-type":"","overlay-color":"","overlay-opacity":"","overlay-gradient":""},"tablet":{"background-color":"","background-image":"","background-repeat":"repeat","background-position":"center center","background-size":"auto","background-attachment":"scroll","background-type":"","background-media":"","overlay-type":"","overlay-color":"","overlay-opacity":"","overlay-gradient":""},"mobile":{"background-color":"","background-image":"","background-repeat":"repeat","background-position":"center center","background-size":"auto","background-attachment":"scroll","background-type":"","background-media":"","overlay-type":"","overlay-color":"","overlay-opacity":"","overlay-gradient":""}},"ast-content-background-meta":{"desktop":{"background-color":"var(--ast-global-color-5)","background-image":"","background-repeat":"repeat","background-position":"center center","background-size":"auto","background-attachment":"scroll","background-type":"","background-media":"","overlay-type":"","overlay-color":"","overlay-opacity":"","overlay-gradient":""},"tablet":{"background-color":"var(--ast-global-color-5)","background-image":"","background-repeat":"repeat","background-position":"center center","background-size":"auto","background-attachment":"scroll","background-type":"","background-media":"","overlay-type":"","overlay-color":"","overlay-opacity":"","overlay-gradient":""},"mobile":{"background-color":"var(--ast-global-color-5)","background-image":"","background-repeat":"repeat","background-position":"center center","background-size":"auto","background-attachment":"scroll","background-type":"","background-media":"","overlay-type":"","overlay-color":"","overlay-opacity":"","overlay-gradient":""}},"footnotes":""},"class_list":["post-7888","page","type-page","status-publish","hentry"],"yoast_head":"<!-- This site is optimized with the Yoast SEO plugin v26.8 - https:\/\/yoast.com\/product\/yoast-seo-wordpress\/ -->\n<title>Milieu en omgeving - Stainihard onderdeel van Aalberts Surface Technologies<\/title>\n<meta name=\"robots\" content=\"index, follow, max-snippet:-1, max-image-preview:large, max-video-preview:-1\" \/>\n<link rel=\"canonical\" href=\"https:\/\/stainihard.com\/de\/milieu-en-omgeving\/\" \/>\n<meta property=\"og:locale\" content=\"de_DE\" \/>\n<meta property=\"og:type\" content=\"article\" \/>\n<meta property=\"og:title\" content=\"Milieu en omgeving - Stainihard onderdeel van Aalberts Surface Technologies\" \/>\n<meta property=\"og:description\" content=\"Umwelt und Umgebung Teil des Aalberts Stainihard\u00ae ist eine von Aalberts Surface technologies Eindhoven B.V. eingetragene Marke. Aalberts Surface Technologies ist Teil des weltweiten Industriespezialisten Aalberts N.V. Mehr als 14.000 Menschen arbeiten f\u00fcr Aalberts in mehr als 50 L\u00e4ndern. umwelt und Umgebung Aalberts Surface Technologies Eindhoven B.V. ist bestrebt, auf m\u00f6glichst umweltfreundliche Weise zu produzieren. [&hellip;]\" \/>\n<meta property=\"og:url\" content=\"https:\/\/stainihard.com\/de\/milieu-en-omgeving\/\" \/>\n<meta property=\"og:site_name\" content=\"Stainihard onderdeel van Aalberts Surface Technologies\" \/>\n<meta property=\"article:modified_time\" content=\"2025-05-21T12:03:23+00:00\" \/>\n<meta property=\"og:image\" content=\"https:\/\/stainihard.com\/wp-content\/uploads\/2025\/05\/knipsel-ecovadis-silver.jpg\" \/>\n\t<meta property=\"og:image:width\" content=\"242\" \/>\n\t<meta property=\"og:image:height\" content=\"216\" \/>\n\t<meta property=\"og:image:type\" content=\"image\/jpeg\" \/>\n<meta name=\"twitter:card\" content=\"summary_large_image\" \/>\n<meta name=\"twitter:label1\" content=\"Gesch\u00e4tzte Lesezeit\" \/>\n\t<meta name=\"twitter:data1\" content=\"1\u00a0Minute\" \/>\n<script type=\"application\/ld+json\" class=\"yoast-schema-graph\">{\"@context\":\"https:\/\/schema.org\",\"@graph\":[{\"@type\":\"WebPage\",\"@id\":\"https:\/\/stainihard.com\/de\/milieu-en-omgeving\/\",\"url\":\"https:\/\/stainihard.com\/de\/milieu-en-omgeving\/\",\"name\":\"Milieu en omgeving - Stainihard onderdeel van Aalberts Surface Technologies\",\"isPartOf\":{\"@id\":\"https:\/\/stainihard.com\/#website\"},\"primaryImageOfPage\":{\"@id\":\"https:\/\/stainihard.com\/de\/milieu-en-omgeving\/#primaryimage\"},\"image\":{\"@id\":\"https:\/\/stainihard.com\/de\/milieu-en-omgeving\/#primaryimage\"},\"thumbnailUrl\":\"https:\/\/stainihard.com\/wp-content\/uploads\/2025\/05\/knipsel-ecovadis-silver.jpg\",\"datePublished\":\"2021-09-15T10:09:35+00:00\",\"dateModified\":\"2025-05-21T12:03:23+00:00\",\"breadcrumb\":{\"@id\":\"https:\/\/stainihard.com\/de\/milieu-en-omgeving\/#breadcrumb\"},\"inLanguage\":\"de\",\"potentialAction\":[{\"@type\":\"ReadAction\",\"target\":[\"https:\/\/stainihard.com\/de\/milieu-en-omgeving\/\"]}]},{\"@type\":\"ImageObject\",\"inLanguage\":\"de\",\"@id\":\"https:\/\/stainihard.com\/de\/milieu-en-omgeving\/#primaryimage\",\"url\":\"https:\/\/stainihard.com\/wp-content\/uploads\/2025\/05\/knipsel-ecovadis-silver.jpg\",\"contentUrl\":\"https:\/\/stainihard.com\/wp-content\/uploads\/2025\/05\/knipsel-ecovadis-silver.jpg\"},{\"@type\":\"BreadcrumbList\",\"@id\":\"https:\/\/stainihard.com\/de\/milieu-en-omgeving\/#breadcrumb\",\"itemListElement\":[{\"@type\":\"ListItem\",\"position\":1,\"name\":\"Home\",\"item\":\"https:\/\/stainihard.com\/de\/\"},{\"@type\":\"ListItem\",\"position\":2,\"name\":\"Milieu en omgeving\"}]},{\"@type\":\"WebSite\",\"@id\":\"https:\/\/stainihard.com\/#website\",\"url\":\"https:\/\/stainihard.com\/\",\"name\":\"Stainihard onderdeel van Aalberts Surface Technologies\",\"description\":\"Stainihard&reg; NC is een proces om het oppervlak van (austenitisch en duplex) roestvast staal te harden.\",\"publisher\":{\"@id\":\"https:\/\/stainihard.com\/#organization\"},\"potentialAction\":[{\"@type\":\"SearchAction\",\"target\":{\"@type\":\"EntryPoint\",\"urlTemplate\":\"https:\/\/stainihard.com\/?s={search_term_string}\"},\"query-input\":{\"@type\":\"PropertyValueSpecification\",\"valueRequired\":true,\"valueName\":\"search_term_string\"}}],\"inLanguage\":\"de\"},{\"@type\":\"Organization\",\"@id\":\"https:\/\/stainihard.com\/#organization\",\"name\":\"Stainihard onderdeel van Aalberts Surface Technologies\",\"url\":\"https:\/\/stainihard.com\/\",\"logo\":{\"@type\":\"ImageObject\",\"inLanguage\":\"de\",\"@id\":\"https:\/\/stainihard.com\/#\/schema\/logo\/image\/\",\"url\":\"https:\/\/stainihard.com\/wp-content\/uploads\/2021\/09\/logo-2.svg\",\"contentUrl\":\"https:\/\/stainihard.com\/wp-content\/uploads\/2021\/09\/logo-2.svg\",\"width\":152,\"height\":61,\"caption\":\"Stainihard onderdeel van Aalberts Surface Technologies\"},\"image\":{\"@id\":\"https:\/\/stainihard.com\/#\/schema\/logo\/image\/\"}}]}<\/script>\n<!-- \/ Yoast SEO plugin. -->","yoast_head_json":{"title":"Milieu en omgeving - Stainihard onderdeel van Aalberts Surface Technologies","robots":{"index":"index","follow":"follow","max-snippet":"max-snippet:-1","max-image-preview":"max-image-preview:large","max-video-preview":"max-video-preview:-1"},"canonical":"https:\/\/stainihard.com\/de\/milieu-en-omgeving\/","og_locale":"de_DE","og_type":"article","og_title":"Milieu en omgeving - Stainihard onderdeel van Aalberts Surface Technologies","og_description":"Umwelt und Umgebung Teil des Aalberts Stainihard\u00ae ist eine von Aalberts Surface technologies Eindhoven B.V. eingetragene Marke. Aalberts Surface Technologies ist Teil des weltweiten Industriespezialisten Aalberts N.V. Mehr als 14.000 Menschen arbeiten f\u00fcr Aalberts in mehr als 50 L\u00e4ndern. umwelt und Umgebung Aalberts Surface Technologies Eindhoven B.V. ist bestrebt, auf m\u00f6glichst umweltfreundliche Weise zu produzieren. [&hellip;]","og_url":"https:\/\/stainihard.com\/de\/milieu-en-omgeving\/","og_site_name":"Stainihard onderdeel van Aalberts Surface Technologies","article_modified_time":"2025-05-21T12:03:23+00:00","og_image":[{"width":242,"height":216,"url":"https:\/\/stainihard.com\/wp-content\/uploads\/2025\/05\/knipsel-ecovadis-silver.jpg","type":"image\/jpeg"}],"twitter_card":"summary_large_image","twitter_misc":{"Gesch\u00e4tzte Lesezeit":"1\u00a0Minute"},"schema":{"@context":"https:\/\/schema.org","@graph":[{"@type":"WebPage","@id":"https:\/\/stainihard.com\/de\/milieu-en-omgeving\/","url":"https:\/\/stainihard.com\/de\/milieu-en-omgeving\/","name":"Milieu en omgeving - Stainihard onderdeel van Aalberts Surface Technologies","isPartOf":{"@id":"https:\/\/stainihard.com\/#website"},"primaryImageOfPage":{"@id":"https:\/\/stainihard.com\/de\/milieu-en-omgeving\/#primaryimage"},"image":{"@id":"https:\/\/stainihard.com\/de\/milieu-en-omgeving\/#primaryimage"},"thumbnailUrl":"https:\/\/stainihard.com\/wp-content\/uploads\/2025\/05\/knipsel-ecovadis-silver.jpg","datePublished":"2021-09-15T10:09:35+00:00","dateModified":"2025-05-21T12:03:23+00:00","breadcrumb":{"@id":"https:\/\/stainihard.com\/de\/milieu-en-omgeving\/#breadcrumb"},"inLanguage":"de","potentialAction":[{"@type":"ReadAction","target":["https:\/\/stainihard.com\/de\/milieu-en-omgeving\/"]}]},{"@type":"ImageObject","inLanguage":"de","@id":"https:\/\/stainihard.com\/de\/milieu-en-omgeving\/#primaryimage","url":"https:\/\/stainihard.com\/wp-content\/uploads\/2025\/05\/knipsel-ecovadis-silver.jpg","contentUrl":"https:\/\/stainihard.com\/wp-content\/uploads\/2025\/05\/knipsel-ecovadis-silver.jpg"},{"@type":"BreadcrumbList","@id":"https:\/\/stainihard.com\/de\/milieu-en-omgeving\/#breadcrumb","itemListElement":[{"@type":"ListItem","position":1,"name":"Home","item":"https:\/\/stainihard.com\/de\/"},{"@type":"ListItem","position":2,"name":"Milieu en omgeving"}]},{"@type":"WebSite","@id":"https:\/\/stainihard.com\/#website","url":"https:\/\/stainihard.com\/","name":"Stainihard onderdeel van Aalberts Surface Technologies","description":"Stainihard&reg; NC is een proces om het oppervlak van (austenitisch en duplex) roestvast staal te harden.","publisher":{"@id":"https:\/\/stainihard.com\/#organization"},"potentialAction":[{"@type":"SearchAction","target":{"@type":"EntryPoint","urlTemplate":"https:\/\/stainihard.com\/?s={search_term_string}"},"query-input":{"@type":"PropertyValueSpecification","valueRequired":true,"valueName":"search_term_string"}}],"inLanguage":"de"},{"@type":"Organization","@id":"https:\/\/stainihard.com\/#organization","name":"Stainihard onderdeel van Aalberts Surface Technologies","url":"https:\/\/stainihard.com\/","logo":{"@type":"ImageObject","inLanguage":"de","@id":"https:\/\/stainihard.com\/#\/schema\/logo\/image\/","url":"https:\/\/stainihard.com\/wp-content\/uploads\/2021\/09\/logo-2.svg","contentUrl":"https:\/\/stainihard.com\/wp-content\/uploads\/2021\/09\/logo-2.svg","width":152,"height":61,"caption":"Stainihard onderdeel van Aalberts Surface Technologies"},"image":{"@id":"https:\/\/stainihard.com\/#\/schema\/logo\/image\/"}}]}},"_links":{"self":[{"href":"https:\/\/stainihard.com\/de\/wp-json\/wp\/v2\/pages\/7888","targetHints":{"allow":["GET"]}}],"collection":[{"href":"https:\/\/stainihard.com\/de\/wp-json\/wp\/v2\/pages"}],"about":[{"href":"https:\/\/stainihard.com\/de\/wp-json\/wp\/v2\/types\/page"}],"author":[{"embeddable":true,"href":"https:\/\/stainihard.com\/de\/wp-json\/wp\/v2\/users\/2"}],"replies":[{"embeddable":true,"href":"https:\/\/stainihard.com\/de\/wp-json\/wp\/v2\/comments?post=7888"}],"version-history":[{"count":15,"href":"https:\/\/stainihard.com\/de\/wp-json\/wp\/v2\/pages\/7888\/revisions"}],"predecessor-version":[{"id":9434,"href":"https:\/\/stainihard.com\/de\/wp-json\/wp\/v2\/pages\/7888\/revisions\/9434"}],"wp:attachment":[{"href":"https:\/\/stainihard.com\/de\/wp-json\/wp\/v2\/media?parent=7888"}],"curies":[{"name":"wp","href":"https:\/\/api.w.org\/{rel}","templated":true}]}}