{"id":7876,"date":"2021-09-14T14:28:22","date_gmt":"2021-09-14T14:28:22","guid":{"rendered":"https:\/\/stainihard.com\/materialen\/"},"modified":"2022-01-19T12:29:35","modified_gmt":"2022-01-19T12:29:35","slug":"werkstoffe","status":"publish","type":"page","link":"https:\/\/stainihard.com\/de\/werkstoffe\/","title":{"rendered":"Werkstoffe"},"content":{"rendered":"\t\t<div data-elementor-type=\"wp-page\" data-elementor-id=\"7876\" class=\"elementor elementor-7876 elementor-5745\" data-elementor-post-type=\"page\">\n\t\t\t\t\t\t<section class=\"elementor-section elementor-top-section elementor-element elementor-element-706c1c0e elementor-section-height-min-height overlay elementor-section-items-bottom elementor-section-boxed elementor-section-height-default\" data-id=\"706c1c0e\" data-element_type=\"section\" data-e-type=\"section\" data-settings=\"{&quot;background_background&quot;:&quot;classic&quot;}\">\n\t\t\t\t\t\t\t<div class=\"elementor-background-overlay\"><\/div>\n\t\t\t\t\t\t\t<div class=\"elementor-container elementor-column-gap-default\">\n\t\t\t\t\t<div class=\"elementor-column elementor-col-100 elementor-top-column elementor-element elementor-element-491cdd8d\" data-id=\"491cdd8d\" data-element_type=\"column\" data-e-type=\"column\">\n\t\t\t<div class=\"elementor-widget-wrap elementor-element-populated\">\n\t\t\t\t\t\t<div class=\"elementor-element elementor-element-af1119c elementor-widget elementor-widget-heading\" data-id=\"af1119c\" data-element_type=\"widget\" data-e-type=\"widget\" data-widget_type=\"heading.default\">\n\t\t\t\t<div class=\"elementor-widget-container\">\n\t\t\t\t\t<h1 class=\"elementor-heading-title elementor-size-default\">Geeignete Werkstoffe<\/h1>\t\t\t\t<\/div>\n\t\t\t\t<\/div>\n\t\t\t\t<section class=\"elementor-section elementor-inner-section elementor-element elementor-element-677b3b15 elementor-section-boxed elementor-section-height-default elementor-section-height-default\" data-id=\"677b3b15\" data-element_type=\"section\" data-e-type=\"section\">\n\t\t\t\t\t\t<div class=\"elementor-container elementor-column-gap-no\">\n\t\t\t\t\t<div class=\"elementor-column elementor-col-33 elementor-inner-column elementor-element elementor-element-4a017246\" data-id=\"4a017246\" data-element_type=\"column\" data-e-type=\"column\">\n\t\t\t<div class=\"elementor-widget-wrap\">\n\t\t\t\t\t\t\t<\/div>\n\t\t<\/div>\n\t\t\t\t<div class=\"elementor-column elementor-col-33 elementor-inner-column elementor-element elementor-element-738cc4f1\" data-id=\"738cc4f1\" data-element_type=\"column\" data-e-type=\"column\">\n\t\t\t<div class=\"elementor-widget-wrap\">\n\t\t\t\t\t\t\t<\/div>\n\t\t<\/div>\n\t\t\t\t<div class=\"elementor-column elementor-col-33 elementor-inner-column elementor-element elementor-element-7de70486\" data-id=\"7de70486\" data-element_type=\"column\" data-e-type=\"column\" data-settings=\"{&quot;background_background&quot;:&quot;classic&quot;}\">\n\t\t\t<div class=\"elementor-widget-wrap elementor-element-populated\">\n\t\t\t\t\t\t<div class=\"elementor-element elementor-element-15af5d29 elementor-widget elementor-widget-heading\" data-id=\"15af5d29\" data-element_type=\"widget\" data-e-type=\"widget\" data-widget_type=\"heading.default\">\n\t\t\t\t<div class=\"elementor-widget-container\">\n\t\t\t\t\t<span class=\"elementor-heading-title elementor-size-default\">Stainihard\u00ae<\/span>\t\t\t\t<\/div>\n\t\t\t\t<\/div>\n\t\t\t\t<div class=\"elementor-element elementor-element-4e87483f elementor-widget elementor-widget-text-editor\" data-id=\"4e87483f\" data-element_type=\"widget\" data-e-type=\"widget\" data-widget_type=\"text-editor.default\">\n\t\t\t\t<div class=\"elementor-widget-container\">\n\t\t\t\t\t\t\t\t\t<p>Die H\u00e4rte nimmt deutlich zu, ohne die Korrosionsfestigkeit negativ zu beeinflussen.<\/p>\t\t\t\t\t\t\t\t<\/div>\n\t\t\t\t<\/div>\n\t\t\t\t<div class=\"elementor-element elementor-element-3d763728 elementor-widget elementor-widget-spacer\" data-id=\"3d763728\" data-element_type=\"widget\" data-e-type=\"widget\" data-widget_type=\"spacer.default\">\n\t\t\t\t<div class=\"elementor-widget-container\">\n\t\t\t\t\t\t\t<div class=\"elementor-spacer\">\n\t\t\t<div class=\"elementor-spacer-inner\"><\/div>\n\t\t<\/div>\n\t\t\t\t\t\t<\/div>\n\t\t\t\t<\/div>\n\t\t\t\t<div class=\"elementor-element elementor-element-3f053136 elementor-widget elementor-widget-text-editor\" data-id=\"3f053136\" data-element_type=\"widget\" data-e-type=\"widget\" data-widget_type=\"text-editor.default\">\n\t\t\t\t<div class=\"elementor-widget-container\">\n\t\t\t\t\t\t\t\t\t<p>Siehe auch die Brosch\u00fcren und Zertifikate<\/p>\t\t\t\t\t\t\t\t<\/div>\n\t\t\t\t<\/div>\n\t\t\t\t<div class=\"elementor-element elementor-element-450775e3 elementor-align-left elementor-widget elementor-widget-button\" data-id=\"450775e3\" data-element_type=\"widget\" data-e-type=\"widget\" data-widget_type=\"button.default\">\n\t\t\t\t<div class=\"elementor-widget-container\">\n\t\t\t\t\t\t\t\t\t<div class=\"elementor-button-wrapper\">\n\t\t\t\t\t<a class=\"elementor-button elementor-button-link elementor-size-sm\" href=\"https:\/\/stainihard.com\/de\/downloads\/\">\n\t\t\t\t\t\t<span class=\"elementor-button-content-wrapper\">\n\t\t\t\t\t\t\t\t\t<span class=\"elementor-button-text\">Downloads<\/span>\n\t\t\t\t\t<\/span>\n\t\t\t\t\t<\/a>\n\t\t\t\t<\/div>\n\t\t\t\t\t\t\t\t<\/div>\n\t\t\t\t<\/div>\n\t\t\t\t\t<\/div>\n\t\t<\/div>\n\t\t\t\t\t<\/div>\n\t\t<\/section>\n\t\t\t\t\t<\/div>\n\t\t<\/div>\n\t\t\t\t\t<\/div>\n\t\t<\/section>\n\t\t\t\t<section class=\"elementor-section elementor-top-section elementor-element elementor-element-73aa59ce elementor-section-boxed elementor-section-height-default elementor-section-height-default\" data-id=\"73aa59ce\" data-element_type=\"section\" data-e-type=\"section\">\n\t\t\t\t\t\t<div class=\"elementor-container elementor-column-gap-default\">\n\t\t\t\t\t<div class=\"elementor-column elementor-col-50 elementor-top-column elementor-element elementor-element-69da0495\" data-id=\"69da0495\" data-element_type=\"column\" data-e-type=\"column\">\n\t\t\t<div class=\"elementor-widget-wrap elementor-element-populated\">\n\t\t\t\t\t\t<div class=\"elementor-element elementor-element-cc0e375 elementor-widget elementor-widget-heading\" data-id=\"cc0e375\" data-element_type=\"widget\" data-e-type=\"widget\" data-widget_type=\"heading.default\">\n\t\t\t\t<div class=\"elementor-widget-container\">\n\t\t\t\t\t<h2 class=\"elementor-heading-title elementor-size-default\">Stainihard\u00ae NC ist f\u00fcr nichtrostende austenitische und Duplexst\u00e4hle entwickelt worden. In bestimmten F\u00e4llen k\u00f6nnen auch andere Werkstoffe (z. B. Ni-Basis-Legierungen und PH-St\u00e4hle) behandelt werden.<\/h2>\t\t\t\t<\/div>\n\t\t\t\t<\/div>\n\t\t\t\t<div class=\"elementor-element elementor-element-2096e79a elementor-widget elementor-widget-text-editor\" data-id=\"2096e79a\" data-element_type=\"widget\" data-e-type=\"widget\" data-widget_type=\"text-editor.default\">\n\t\t\t\t<div class=\"elementor-widget-container\">\n\t\t\t\t\t\t\t\t\t<p>Die M\u00f6glichkeiten der Anwendung von Stainihard\u00ae auf Ihren Produkten k\u00f6nnen mit einem unserer Spezialisten besprochen werden.<\/p><p><strong>Beispiele f\u00fcr geeignete Werkstoffe sind:<\/strong><\/p><p><span style=\"font-style: inherit; font-weight: inherit; color: var( --e-global-color-text ); font-family: var( --e-global-typography-text-font-family ), Sans-serif; background-color: var( --e-global-color-d86c8fa );\">AISI: 301, 302, 302HQ, 303, 304, 304L, 314, 314L, 316, 316L, 316LN, 316LVM, 316S, 316Ti, 317L, 318LN, 321.<\/span><\/p><p><span style=\"font-style: inherit; font-weight: inherit; color: var( --e-global-color-text ); font-family: var( --e-global-typography-text-font-family ), Sans-serif; background-color: var( --e-global-color-d86c8fa );\">DIN-Nummer: 1.4301, 1.4305, 1.4306, 1.4307, 1.4310, 1.4319, 1.4401, 1.4404,<\/span> 1.4408 1.4429,<span style=\"font-style: inherit; font-weight: inherit; color: var( --e-global-color-text ); font-family: var( --e-global-typography-text-font-family ), Sans-serif; background-color: var( --e-global-color-d86c8fa );\"> 1.4435, 1.4438, 1.4441, 1.4462, 1.4541, 1.4547, 1.4550, 1.4567,<\/span> 1.4571. 1.4841<\/p><p><span style=\"font-style: inherit; font-weight: inherit; color: var( --e-global-color-text ); font-family: var( --e-global-typography-text-font-family ), Sans-serif; background-color: var( --e-global-color-d86c8fa );\">EN 10088 nummer: X10CrNi 18 8 \u2013 X12CrNi 18 8 \u2013 X3CrNiCu 18 9 \u2013 X10CrNiS 18 8 \u2013 X5CrNi 18 10 \u2013 X2CrNi 18 9 \u2013 X2CrNi 19 11 \u2013 X6CrNiTi 18 10\u00a0 X5CrNiMo 17 12 2 \u2013 X6CrNiMoTi 17 12 2 \u2013 X2CrNiMo 17 13 2 \u2013 X2CrNiMoN 17 13 3 \u2013 X2CrNiMo 18 14 3 \u2013 X2CrNiMo 18 15 3 \u2013 X3CrNiMo 18 16 4 \u2013 X1CrNiMoCuN 20 18 7 \u2013 X2CrNiMoN22-5-3 \u2013 X15CrNiSi25-20.<\/span><\/p><p><b><span style=\"font-style: inherit; color: var( --e-global-color-text ); font-family: var( --e-global-typography-text-font-family ), Sans-serif; background-color: var( --e-global-color-d86c8fa );\">Unsere Spezialisten informieren Sie gerne \u00fcber alle M\u00f6glichkeiten der <a href=\"https:\/\/stainihard.com\/contact\/\">Stainihard\u00ae N<\/a><\/span><span style=\"font-style: inherit; color: var( --e-global-color-text ); font-family: var( --e-global-typography-text-font-family ), Sans-serif; background-color: var( --e-global-color-d86c8fa );\"><a href=\"_wp_link_placeholder\">C<\/a>.<br \/><\/span><\/b><span style=\"font-style: inherit; font-weight: inherit; color: var( --e-global-color-text ); font-family: var( --e-global-typography-text-font-family ), Sans-serif; background-color: var( --e-global-color-d86c8fa );\">Wenn Sie nach einer L\u00f6sung f\u00fcr un- oder niedriglegierte St\u00e4hle suchen, lesen Sie bitte unter: <a href=\"http:\/\/www.nitrotec.eu\" target=\"_blank\" rel=\"noopener\">www.nitrotec.eu<\/a><\/span><\/p>\t\t\t\t\t\t\t\t<\/div>\n\t\t\t\t<\/div>\n\t\t\t\t\t<\/div>\n\t\t<\/div>\n\t\t\t\t<div class=\"elementor-column elementor-col-50 elementor-top-column elementor-element elementor-element-67a85cd4\" data-id=\"67a85cd4\" data-element_type=\"column\" data-e-type=\"column\">\n\t\t\t<div class=\"elementor-widget-wrap\">\n\t\t\t\t\t\t\t<\/div>\n\t\t<\/div>\n\t\t\t\t\t<\/div>\n\t\t<\/section>\n\t\t\t\t<\/div>\n\t\t","protected":false},"excerpt":{"rendered":"<p>Geeignete Werkstoffe Stainihard\u00ae Die H\u00e4rte nimmt deutlich zu, ohne die Korrosionsfestigkeit negativ zu beeinflussen. Siehe auch die Brosch\u00fcren und Zertifikate Downloads Stainihard\u00ae NC ist f\u00fcr nichtrostende austenitische und Duplexst\u00e4hle entwickelt worden. In bestimmten F\u00e4llen k\u00f6nnen auch andere Werkstoffe (z. B. Ni-Basis-Legierungen und PH-St\u00e4hle) behandelt werden. Die M\u00f6glichkeiten der Anwendung von Stainihard\u00ae auf Ihren Produkten k\u00f6nnen [&hellip;]<\/p>\n","protected":false},"author":2,"featured_media":0,"parent":0,"menu_order":0,"comment_status":"closed","ping_status":"closed","template":"","meta":{"inline_featured_image":false,"site-sidebar-layout":"no-sidebar","site-content-layout":"page-builder","ast-site-content-layout":"default","site-content-style":"default","site-sidebar-style":"default","ast-global-header-display":"","ast-banner-title-visibility":"","ast-main-header-display":"","ast-hfb-above-header-display":"","ast-hfb-below-header-display":"","ast-hfb-mobile-header-display":"","site-post-title":"disabled","ast-breadcrumbs-content":"","ast-featured-img":"disabled","footer-sml-layout":"","ast-disable-related-posts":"","theme-transparent-header-meta":"default","adv-header-id-meta":"","stick-header-meta":"default","header-above-stick-meta":"","header-main-stick-meta":"","header-below-stick-meta":"","astra-migrate-meta-layouts":"default","ast-page-background-enabled":"default","ast-page-background-meta":{"desktop":{"background-color":"var(--ast-global-color-4)","background-image":"","background-repeat":"repeat","background-position":"center center","background-size":"auto","background-attachment":"scroll","background-type":"","background-media":"","overlay-type":"","overlay-color":"","overlay-opacity":"","overlay-gradient":""},"tablet":{"background-color":"","background-image":"","background-repeat":"repeat","background-position":"center center","background-size":"auto","background-attachment":"scroll","background-type":"","background-media":"","overlay-type":"","overlay-color":"","overlay-opacity":"","overlay-gradient":""},"mobile":{"background-color":"","background-image":"","background-repeat":"repeat","background-position":"center center","background-size":"auto","background-attachment":"scroll","background-type":"","background-media":"","overlay-type":"","overlay-color":"","overlay-opacity":"","overlay-gradient":""}},"ast-content-background-meta":{"desktop":{"background-color":"var(--ast-global-color-5)","background-image":"","background-repeat":"repeat","background-position":"center center","background-size":"auto","background-attachment":"scroll","background-type":"","background-media":"","overlay-type":"","overlay-color":"","overlay-opacity":"","overlay-gradient":""},"tablet":{"background-color":"var(--ast-global-color-5)","background-image":"","background-repeat":"repeat","background-position":"center center","background-size":"auto","background-attachment":"scroll","background-type":"","background-media":"","overlay-type":"","overlay-color":"","overlay-opacity":"","overlay-gradient":""},"mobile":{"background-color":"var(--ast-global-color-5)","background-image":"","background-repeat":"repeat","background-position":"center center","background-size":"auto","background-attachment":"scroll","background-type":"","background-media":"","overlay-type":"","overlay-color":"","overlay-opacity":"","overlay-gradient":""}},"footnotes":""},"class_list":["post-7876","page","type-page","status-publish","hentry"],"yoast_head":"<!-- This site is optimized with the Yoast SEO plugin v26.8 - https:\/\/yoast.com\/product\/yoast-seo-wordpress\/ -->\n<title>Werkstoffe - Stainihard onderdeel van Aalberts Surface Technologies<\/title>\n<meta name=\"robots\" content=\"index, follow, max-snippet:-1, max-image-preview:large, max-video-preview:-1\" \/>\n<link rel=\"canonical\" href=\"https:\/\/stainihard.com\/de\/werkstoffe\/\" \/>\n<meta property=\"og:locale\" content=\"de_DE\" \/>\n<meta property=\"og:type\" content=\"article\" \/>\n<meta property=\"og:title\" content=\"Werkstoffe - Stainihard onderdeel van Aalberts Surface Technologies\" \/>\n<meta property=\"og:description\" content=\"Geeignete Werkstoffe Stainihard\u00ae Die H\u00e4rte nimmt deutlich zu, ohne die Korrosionsfestigkeit negativ zu beeinflussen. Siehe auch die Brosch\u00fcren und Zertifikate Downloads Stainihard\u00ae NC ist f\u00fcr nichtrostende austenitische und Duplexst\u00e4hle entwickelt worden. In bestimmten F\u00e4llen k\u00f6nnen auch andere Werkstoffe (z. B. Ni-Basis-Legierungen und PH-St\u00e4hle) behandelt werden. Die M\u00f6glichkeiten der Anwendung von Stainihard\u00ae auf Ihren Produkten k\u00f6nnen [&hellip;]\" \/>\n<meta property=\"og:url\" content=\"https:\/\/stainihard.com\/de\/werkstoffe\/\" \/>\n<meta property=\"og:site_name\" content=\"Stainihard onderdeel van Aalberts Surface Technologies\" \/>\n<meta property=\"article:modified_time\" content=\"2022-01-19T12:29:35+00:00\" \/>\n<meta name=\"twitter:card\" content=\"summary_large_image\" \/>\n<meta name=\"twitter:label1\" content=\"Gesch\u00e4tzte Lesezeit\" \/>\n\t<meta name=\"twitter:data1\" content=\"1\u00a0Minute\" \/>\n<script type=\"application\/ld+json\" class=\"yoast-schema-graph\">{\"@context\":\"https:\/\/schema.org\",\"@graph\":[{\"@type\":\"WebPage\",\"@id\":\"https:\/\/stainihard.com\/de\/werkstoffe\/\",\"url\":\"https:\/\/stainihard.com\/de\/werkstoffe\/\",\"name\":\"Werkstoffe - Stainihard onderdeel van Aalberts Surface Technologies\",\"isPartOf\":{\"@id\":\"https:\/\/stainihard.com\/#website\"},\"datePublished\":\"2021-09-14T14:28:22+00:00\",\"dateModified\":\"2022-01-19T12:29:35+00:00\",\"breadcrumb\":{\"@id\":\"https:\/\/stainihard.com\/de\/werkstoffe\/#breadcrumb\"},\"inLanguage\":\"de\",\"potentialAction\":[{\"@type\":\"ReadAction\",\"target\":[\"https:\/\/stainihard.com\/de\/werkstoffe\/\"]}]},{\"@type\":\"BreadcrumbList\",\"@id\":\"https:\/\/stainihard.com\/de\/werkstoffe\/#breadcrumb\",\"itemListElement\":[{\"@type\":\"ListItem\",\"position\":1,\"name\":\"Home\",\"item\":\"https:\/\/stainihard.com\/de\/\"},{\"@type\":\"ListItem\",\"position\":2,\"name\":\"Werkstoffe\"}]},{\"@type\":\"WebSite\",\"@id\":\"https:\/\/stainihard.com\/#website\",\"url\":\"https:\/\/stainihard.com\/\",\"name\":\"Stainihard onderdeel van Aalberts Surface Technologies\",\"description\":\"Stainihard&reg; NC is een proces om het oppervlak van (austenitisch en duplex) roestvast staal te harden.\",\"publisher\":{\"@id\":\"https:\/\/stainihard.com\/#organization\"},\"potentialAction\":[{\"@type\":\"SearchAction\",\"target\":{\"@type\":\"EntryPoint\",\"urlTemplate\":\"https:\/\/stainihard.com\/?s={search_term_string}\"},\"query-input\":{\"@type\":\"PropertyValueSpecification\",\"valueRequired\":true,\"valueName\":\"search_term_string\"}}],\"inLanguage\":\"de\"},{\"@type\":\"Organization\",\"@id\":\"https:\/\/stainihard.com\/#organization\",\"name\":\"Stainihard onderdeel van Aalberts Surface Technologies\",\"url\":\"https:\/\/stainihard.com\/\",\"logo\":{\"@type\":\"ImageObject\",\"inLanguage\":\"de\",\"@id\":\"https:\/\/stainihard.com\/#\/schema\/logo\/image\/\",\"url\":\"https:\/\/stainihard.com\/wp-content\/uploads\/2021\/09\/logo-2.svg\",\"contentUrl\":\"https:\/\/stainihard.com\/wp-content\/uploads\/2021\/09\/logo-2.svg\",\"width\":152,\"height\":61,\"caption\":\"Stainihard onderdeel van Aalberts Surface Technologies\"},\"image\":{\"@id\":\"https:\/\/stainihard.com\/#\/schema\/logo\/image\/\"}}]}<\/script>\n<!-- \/ Yoast SEO plugin. -->","yoast_head_json":{"title":"Werkstoffe - Stainihard onderdeel van Aalberts Surface Technologies","robots":{"index":"index","follow":"follow","max-snippet":"max-snippet:-1","max-image-preview":"max-image-preview:large","max-video-preview":"max-video-preview:-1"},"canonical":"https:\/\/stainihard.com\/de\/werkstoffe\/","og_locale":"de_DE","og_type":"article","og_title":"Werkstoffe - Stainihard onderdeel van Aalberts Surface Technologies","og_description":"Geeignete Werkstoffe Stainihard\u00ae Die H\u00e4rte nimmt deutlich zu, ohne die Korrosionsfestigkeit negativ zu beeinflussen. Siehe auch die Brosch\u00fcren und Zertifikate Downloads Stainihard\u00ae NC ist f\u00fcr nichtrostende austenitische und Duplexst\u00e4hle entwickelt worden. In bestimmten F\u00e4llen k\u00f6nnen auch andere Werkstoffe (z. B. Ni-Basis-Legierungen und PH-St\u00e4hle) behandelt werden. Die M\u00f6glichkeiten der Anwendung von Stainihard\u00ae auf Ihren Produkten k\u00f6nnen [&hellip;]","og_url":"https:\/\/stainihard.com\/de\/werkstoffe\/","og_site_name":"Stainihard onderdeel van Aalberts Surface Technologies","article_modified_time":"2022-01-19T12:29:35+00:00","twitter_card":"summary_large_image","twitter_misc":{"Gesch\u00e4tzte Lesezeit":"1\u00a0Minute"},"schema":{"@context":"https:\/\/schema.org","@graph":[{"@type":"WebPage","@id":"https:\/\/stainihard.com\/de\/werkstoffe\/","url":"https:\/\/stainihard.com\/de\/werkstoffe\/","name":"Werkstoffe - Stainihard onderdeel van Aalberts Surface Technologies","isPartOf":{"@id":"https:\/\/stainihard.com\/#website"},"datePublished":"2021-09-14T14:28:22+00:00","dateModified":"2022-01-19T12:29:35+00:00","breadcrumb":{"@id":"https:\/\/stainihard.com\/de\/werkstoffe\/#breadcrumb"},"inLanguage":"de","potentialAction":[{"@type":"ReadAction","target":["https:\/\/stainihard.com\/de\/werkstoffe\/"]}]},{"@type":"BreadcrumbList","@id":"https:\/\/stainihard.com\/de\/werkstoffe\/#breadcrumb","itemListElement":[{"@type":"ListItem","position":1,"name":"Home","item":"https:\/\/stainihard.com\/de\/"},{"@type":"ListItem","position":2,"name":"Werkstoffe"}]},{"@type":"WebSite","@id":"https:\/\/stainihard.com\/#website","url":"https:\/\/stainihard.com\/","name":"Stainihard onderdeel van Aalberts Surface Technologies","description":"Stainihard&reg; NC is een proces om het oppervlak van (austenitisch en duplex) roestvast staal te harden.","publisher":{"@id":"https:\/\/stainihard.com\/#organization"},"potentialAction":[{"@type":"SearchAction","target":{"@type":"EntryPoint","urlTemplate":"https:\/\/stainihard.com\/?s={search_term_string}"},"query-input":{"@type":"PropertyValueSpecification","valueRequired":true,"valueName":"search_term_string"}}],"inLanguage":"de"},{"@type":"Organization","@id":"https:\/\/stainihard.com\/#organization","name":"Stainihard onderdeel van Aalberts Surface Technologies","url":"https:\/\/stainihard.com\/","logo":{"@type":"ImageObject","inLanguage":"de","@id":"https:\/\/stainihard.com\/#\/schema\/logo\/image\/","url":"https:\/\/stainihard.com\/wp-content\/uploads\/2021\/09\/logo-2.svg","contentUrl":"https:\/\/stainihard.com\/wp-content\/uploads\/2021\/09\/logo-2.svg","width":152,"height":61,"caption":"Stainihard onderdeel van Aalberts Surface Technologies"},"image":{"@id":"https:\/\/stainihard.com\/#\/schema\/logo\/image\/"}}]}},"_links":{"self":[{"href":"https:\/\/stainihard.com\/de\/wp-json\/wp\/v2\/pages\/7876","targetHints":{"allow":["GET"]}}],"collection":[{"href":"https:\/\/stainihard.com\/de\/wp-json\/wp\/v2\/pages"}],"about":[{"href":"https:\/\/stainihard.com\/de\/wp-json\/wp\/v2\/types\/page"}],"author":[{"embeddable":true,"href":"https:\/\/stainihard.com\/de\/wp-json\/wp\/v2\/users\/2"}],"replies":[{"embeddable":true,"href":"https:\/\/stainihard.com\/de\/wp-json\/wp\/v2\/comments?post=7876"}],"version-history":[{"count":19,"href":"https:\/\/stainihard.com\/de\/wp-json\/wp\/v2\/pages\/7876\/revisions"}],"predecessor-version":[{"id":8369,"href":"https:\/\/stainihard.com\/de\/wp-json\/wp\/v2\/pages\/7876\/revisions\/8369"}],"wp:attachment":[{"href":"https:\/\/stainihard.com\/de\/wp-json\/wp\/v2\/media?parent=7876"}],"curies":[{"name":"wp","href":"https:\/\/api.w.org\/{rel}","templated":true}]}}