{"id":7864,"date":"2021-09-15T10:08:14","date_gmt":"2021-09-15T10:08:14","guid":{"rendered":"https:\/\/stainihard.com\/fda-eu-norm\/"},"modified":"2022-01-13T12:52:25","modified_gmt":"2022-01-13T12:52:25","slug":"fda-eu-norm","status":"publish","type":"page","link":"https:\/\/stainihard.com\/de\/fda-eu-norm\/","title":{"rendered":"FDA\/EU-norm"},"content":{"rendered":"\t\t<div data-elementor-type=\"wp-page\" data-elementor-id=\"7864\" class=\"elementor elementor-7864 elementor-5859\" data-elementor-post-type=\"page\">\n\t\t\t\t\t\t<section class=\"elementor-section elementor-top-section elementor-element elementor-element-45625310 elementor-section-height-min-height overlay elementor-section-items-bottom elementor-section-boxed elementor-section-height-default\" data-id=\"45625310\" data-element_type=\"section\" data-e-type=\"section\" data-settings=\"{&quot;background_background&quot;:&quot;classic&quot;}\">\n\t\t\t\t\t\t\t<div class=\"elementor-background-overlay\"><\/div>\n\t\t\t\t\t\t\t<div class=\"elementor-container elementor-column-gap-default\">\n\t\t\t\t\t<div class=\"elementor-column elementor-col-100 elementor-top-column elementor-element elementor-element-787331d8\" data-id=\"787331d8\" data-element_type=\"column\" data-e-type=\"column\">\n\t\t\t<div class=\"elementor-widget-wrap elementor-element-populated\">\n\t\t\t\t\t\t<div class=\"elementor-element elementor-element-fc9bcc4 elementor-widget elementor-widget-heading\" data-id=\"fc9bcc4\" data-element_type=\"widget\" data-e-type=\"widget\" data-widget_type=\"heading.default\">\n\t\t\t\t<div class=\"elementor-widget-container\">\n\t\t\t\t\t<h1 class=\"elementor-heading-title elementor-size-default\">FDA\/EU-Norm akzeptiert<\/h1>\t\t\t\t<\/div>\n\t\t\t\t<\/div>\n\t\t\t\t<section class=\"elementor-section elementor-inner-section elementor-element elementor-element-11d624ee elementor-section-boxed elementor-section-height-default elementor-section-height-default\" data-id=\"11d624ee\" data-element_type=\"section\" data-e-type=\"section\">\n\t\t\t\t\t\t<div class=\"elementor-container elementor-column-gap-no\">\n\t\t\t\t\t<div class=\"elementor-column elementor-col-33 elementor-inner-column elementor-element elementor-element-28bb0941\" data-id=\"28bb0941\" data-element_type=\"column\" data-e-type=\"column\">\n\t\t\t<div class=\"elementor-widget-wrap\">\n\t\t\t\t\t\t\t<\/div>\n\t\t<\/div>\n\t\t\t\t<div class=\"elementor-column elementor-col-33 elementor-inner-column elementor-element elementor-element-36bc777e\" data-id=\"36bc777e\" data-element_type=\"column\" data-e-type=\"column\">\n\t\t\t<div class=\"elementor-widget-wrap\">\n\t\t\t\t\t\t\t<\/div>\n\t\t<\/div>\n\t\t\t\t<div class=\"elementor-column elementor-col-33 elementor-inner-column elementor-element elementor-element-15c1ef4e\" data-id=\"15c1ef4e\" data-element_type=\"column\" data-e-type=\"column\" data-settings=\"{&quot;background_background&quot;:&quot;classic&quot;}\">\n\t\t\t<div class=\"elementor-widget-wrap elementor-element-populated\">\n\t\t\t\t\t\t<div class=\"elementor-element elementor-element-2d152678 elementor-widget elementor-widget-heading\" data-id=\"2d152678\" data-element_type=\"widget\" data-e-type=\"widget\" data-widget_type=\"heading.default\">\n\t\t\t\t<div class=\"elementor-widget-container\">\n\t\t\t\t\t<span class=\"elementor-heading-title elementor-size-default\">Teil des Aalberts<\/span>\t\t\t\t<\/div>\n\t\t\t\t<\/div>\n\t\t\t\t<div class=\"elementor-element elementor-element-3b3e4f elementor-widget elementor-widget-text-editor\" data-id=\"3b3e4f\" data-element_type=\"widget\" data-e-type=\"widget\" data-widget_type=\"text-editor.default\">\n\t\t\t\t<div class=\"elementor-widget-container\">\n\t\t\t\t\t\t\t\t\t<p>Stainihard\u00ae ist eine von Aalberts Surface technologies Eindhoven B.V. eingetragene Marke. Aalberts Surface Technologies ist Teil des weltweit t\u00e4tigen Industriespezialisten Aalberts N.V. Mehr als 14.000 Menschen arbeiten f\u00fcr Aalberts in mehr als 50 L\u00e4ndern.<\/p>\t\t\t\t\t\t\t\t<\/div>\n\t\t\t\t<\/div>\n\t\t\t\t\t<\/div>\n\t\t<\/div>\n\t\t\t\t\t<\/div>\n\t\t<\/section>\n\t\t\t\t\t<\/div>\n\t\t<\/div>\n\t\t\t\t\t<\/div>\n\t\t<\/section>\n\t\t\t\t<section class=\"elementor-section elementor-top-section elementor-element elementor-element-7e59b82d elementor-section-boxed elementor-section-height-default elementor-section-height-default\" data-id=\"7e59b82d\" data-element_type=\"section\" data-e-type=\"section\">\n\t\t\t\t\t\t<div class=\"elementor-container elementor-column-gap-default\">\n\t\t\t\t\t<div class=\"elementor-column elementor-col-50 elementor-top-column elementor-element elementor-element-38a9302\" data-id=\"38a9302\" data-element_type=\"column\" data-e-type=\"column\">\n\t\t\t<div class=\"elementor-widget-wrap elementor-element-populated\">\n\t\t\t\t\t\t<div class=\"elementor-element elementor-element-11eb70d7 elementor-widget elementor-widget-heading\" data-id=\"11eb70d7\" data-element_type=\"widget\" data-e-type=\"widget\" data-widget_type=\"heading.default\">\n\t\t\t\t<div class=\"elementor-widget-container\">\n\t\t\t\t\t<h2 class=\"elementor-heading-title elementor-size-default\">FDA\/EU-norm akzeptiert<\/h2>\t\t\t\t<\/div>\n\t\t\t\t<\/div>\n\t\t\t\t<div class=\"elementor-element elementor-element-5aa72fe9 elementor-widget elementor-widget-text-editor\" data-id=\"5aa72fe9\" data-element_type=\"widget\" data-e-type=\"widget\" data-widget_type=\"text-editor.default\">\n\t\t\t\t<div class=\"elementor-widget-container\">\n\t\t\t\t\t\t\t\t\t<p>Stainihard\u00ae ist eine von der FDA\/EU zugelassene Behandlung, die im Maschinenbau f\u00fcr die Lebensmittelindustrie eine breite Anwendungsm\u00f6glichkeit gefunden hat. Auch in der Chemie-, Medizin-, Halbleiter-, Grafik- und Automobilindustrie wird es h\u00e4ufig eingesetzt.<\/p><p>Nach der Stainihard\u00ae-Behandlung k\u00f6nnen die Produkte nachbehandelt werden, um ihre Korrosionsbest\u00e4ndigkeit weiter zu optimieren.<\/p>\t\t\t\t\t\t\t\t<\/div>\n\t\t\t\t<\/div>\n\t\t\t\t\t<\/div>\n\t\t<\/div>\n\t\t\t\t<div class=\"elementor-column elementor-col-50 elementor-top-column elementor-element elementor-element-58667915\" data-id=\"58667915\" data-element_type=\"column\" data-e-type=\"column\">\n\t\t\t<div class=\"elementor-widget-wrap\">\n\t\t\t\t\t\t\t<\/div>\n\t\t<\/div>\n\t\t\t\t\t<\/div>\n\t\t<\/section>\n\t\t\t\t<\/div>\n\t\t","protected":false},"excerpt":{"rendered":"<p>FDA\/EU-Norm akzeptiert Teil des Aalberts Stainihard\u00ae ist eine von Aalberts Surface technologies Eindhoven B.V. eingetragene Marke. Aalberts Surface Technologies ist Teil des weltweit t\u00e4tigen Industriespezialisten Aalberts N.V. Mehr als 14.000 Menschen arbeiten f\u00fcr Aalberts in mehr als 50 L\u00e4ndern. FDA\/EU-norm akzeptiert Stainihard\u00ae ist eine von der FDA\/EU zugelassene Behandlung, die im Maschinenbau f\u00fcr die Lebensmittelindustrie [&hellip;]<\/p>\n","protected":false},"author":2,"featured_media":0,"parent":0,"menu_order":0,"comment_status":"closed","ping_status":"closed","template":"","meta":{"inline_featured_image":false,"site-sidebar-layout":"no-sidebar","site-content-layout":"page-builder","ast-site-content-layout":"default","site-content-style":"default","site-sidebar-style":"default","ast-global-header-display":"","ast-banner-title-visibility":"","ast-main-header-display":"","ast-hfb-above-header-display":"","ast-hfb-below-header-display":"","ast-hfb-mobile-header-display":"","site-post-title":"disabled","ast-breadcrumbs-content":"","ast-featured-img":"disabled","footer-sml-layout":"","ast-disable-related-posts":"","theme-transparent-header-meta":"","adv-header-id-meta":"","stick-header-meta":"","header-above-stick-meta":"","header-main-stick-meta":"","header-below-stick-meta":"","astra-migrate-meta-layouts":"default","ast-page-background-enabled":"default","ast-page-background-meta":{"desktop":{"background-color":"var(--ast-global-color-4)","background-image":"","background-repeat":"repeat","background-position":"center center","background-size":"auto","background-attachment":"scroll","background-type":"","background-media":"","overlay-type":"","overlay-color":"","overlay-opacity":"","overlay-gradient":""},"tablet":{"background-color":"","background-image":"","background-repeat":"repeat","background-position":"center center","background-size":"auto","background-attachment":"scroll","background-type":"","background-media":"","overlay-type":"","overlay-color":"","overlay-opacity":"","overlay-gradient":""},"mobile":{"background-color":"","background-image":"","background-repeat":"repeat","background-position":"center center","background-size":"auto","background-attachment":"scroll","background-type":"","background-media":"","overlay-type":"","overlay-color":"","overlay-opacity":"","overlay-gradient":""}},"ast-content-background-meta":{"desktop":{"background-color":"var(--ast-global-color-5)","background-image":"","background-repeat":"repeat","background-position":"center center","background-size":"auto","background-attachment":"scroll","background-type":"","background-media":"","overlay-type":"","overlay-color":"","overlay-opacity":"","overlay-gradient":""},"tablet":{"background-color":"var(--ast-global-color-5)","background-image":"","background-repeat":"repeat","background-position":"center center","background-size":"auto","background-attachment":"scroll","background-type":"","background-media":"","overlay-type":"","overlay-color":"","overlay-opacity":"","overlay-gradient":""},"mobile":{"background-color":"var(--ast-global-color-5)","background-image":"","background-repeat":"repeat","background-position":"center center","background-size":"auto","background-attachment":"scroll","background-type":"","background-media":"","overlay-type":"","overlay-color":"","overlay-opacity":"","overlay-gradient":""}},"footnotes":""},"class_list":["post-7864","page","type-page","status-publish","hentry"],"yoast_head":"<!-- This site is optimized with the Yoast SEO plugin v26.8 - https:\/\/yoast.com\/product\/yoast-seo-wordpress\/ -->\n<title>FDA\/EU-norm - Stainihard onderdeel van Aalberts Surface Technologies<\/title>\n<meta name=\"robots\" content=\"index, follow, max-snippet:-1, max-image-preview:large, max-video-preview:-1\" \/>\n<link rel=\"canonical\" href=\"https:\/\/stainihard.com\/de\/fda-eu-norm\/\" \/>\n<meta property=\"og:locale\" content=\"de_DE\" \/>\n<meta property=\"og:type\" content=\"article\" \/>\n<meta property=\"og:title\" content=\"FDA\/EU-norm - Stainihard onderdeel van Aalberts Surface Technologies\" \/>\n<meta property=\"og:description\" content=\"FDA\/EU-Norm akzeptiert Teil des Aalberts Stainihard\u00ae ist eine von Aalberts Surface technologies Eindhoven B.V. eingetragene Marke. Aalberts Surface Technologies ist Teil des weltweit t\u00e4tigen Industriespezialisten Aalberts N.V. Mehr als 14.000 Menschen arbeiten f\u00fcr Aalberts in mehr als 50 L\u00e4ndern. FDA\/EU-norm akzeptiert Stainihard\u00ae ist eine von der FDA\/EU zugelassene Behandlung, die im Maschinenbau f\u00fcr die Lebensmittelindustrie [&hellip;]\" \/>\n<meta property=\"og:url\" content=\"https:\/\/stainihard.com\/de\/fda-eu-norm\/\" \/>\n<meta property=\"og:site_name\" content=\"Stainihard onderdeel van Aalberts Surface Technologies\" \/>\n<meta property=\"article:modified_time\" content=\"2022-01-13T12:52:25+00:00\" \/>\n<meta name=\"twitter:card\" content=\"summary_large_image\" \/>\n<script type=\"application\/ld+json\" class=\"yoast-schema-graph\">{\"@context\":\"https:\/\/schema.org\",\"@graph\":[{\"@type\":\"WebPage\",\"@id\":\"https:\/\/stainihard.com\/de\/fda-eu-norm\/\",\"url\":\"https:\/\/stainihard.com\/de\/fda-eu-norm\/\",\"name\":\"FDA\/EU-norm - Stainihard onderdeel van Aalberts Surface Technologies\",\"isPartOf\":{\"@id\":\"https:\/\/stainihard.com\/#website\"},\"datePublished\":\"2021-09-15T10:08:14+00:00\",\"dateModified\":\"2022-01-13T12:52:25+00:00\",\"breadcrumb\":{\"@id\":\"https:\/\/stainihard.com\/de\/fda-eu-norm\/#breadcrumb\"},\"inLanguage\":\"de\",\"potentialAction\":[{\"@type\":\"ReadAction\",\"target\":[\"https:\/\/stainihard.com\/de\/fda-eu-norm\/\"]}]},{\"@type\":\"BreadcrumbList\",\"@id\":\"https:\/\/stainihard.com\/de\/fda-eu-norm\/#breadcrumb\",\"itemListElement\":[{\"@type\":\"ListItem\",\"position\":1,\"name\":\"Home\",\"item\":\"https:\/\/stainihard.com\/de\/\"},{\"@type\":\"ListItem\",\"position\":2,\"name\":\"FDA\/EU-norm\"}]},{\"@type\":\"WebSite\",\"@id\":\"https:\/\/stainihard.com\/#website\",\"url\":\"https:\/\/stainihard.com\/\",\"name\":\"Stainihard onderdeel van Aalberts Surface Technologies\",\"description\":\"Stainihard&reg; NC is een proces om het oppervlak van (austenitisch en duplex) roestvast staal te harden.\",\"publisher\":{\"@id\":\"https:\/\/stainihard.com\/#organization\"},\"potentialAction\":[{\"@type\":\"SearchAction\",\"target\":{\"@type\":\"EntryPoint\",\"urlTemplate\":\"https:\/\/stainihard.com\/?s={search_term_string}\"},\"query-input\":{\"@type\":\"PropertyValueSpecification\",\"valueRequired\":true,\"valueName\":\"search_term_string\"}}],\"inLanguage\":\"de\"},{\"@type\":\"Organization\",\"@id\":\"https:\/\/stainihard.com\/#organization\",\"name\":\"Stainihard onderdeel van Aalberts Surface Technologies\",\"url\":\"https:\/\/stainihard.com\/\",\"logo\":{\"@type\":\"ImageObject\",\"inLanguage\":\"de\",\"@id\":\"https:\/\/stainihard.com\/#\/schema\/logo\/image\/\",\"url\":\"https:\/\/stainihard.com\/wp-content\/uploads\/2021\/09\/logo-2.svg\",\"contentUrl\":\"https:\/\/stainihard.com\/wp-content\/uploads\/2021\/09\/logo-2.svg\",\"width\":152,\"height\":61,\"caption\":\"Stainihard onderdeel van Aalberts Surface Technologies\"},\"image\":{\"@id\":\"https:\/\/stainihard.com\/#\/schema\/logo\/image\/\"}}]}<\/script>\n<!-- \/ Yoast SEO plugin. -->","yoast_head_json":{"title":"FDA\/EU-norm - Stainihard onderdeel van Aalberts Surface Technologies","robots":{"index":"index","follow":"follow","max-snippet":"max-snippet:-1","max-image-preview":"max-image-preview:large","max-video-preview":"max-video-preview:-1"},"canonical":"https:\/\/stainihard.com\/de\/fda-eu-norm\/","og_locale":"de_DE","og_type":"article","og_title":"FDA\/EU-norm - Stainihard onderdeel van Aalberts Surface Technologies","og_description":"FDA\/EU-Norm akzeptiert Teil des Aalberts Stainihard\u00ae ist eine von Aalberts Surface technologies Eindhoven B.V. eingetragene Marke. Aalberts Surface Technologies ist Teil des weltweit t\u00e4tigen Industriespezialisten Aalberts N.V. Mehr als 14.000 Menschen arbeiten f\u00fcr Aalberts in mehr als 50 L\u00e4ndern. FDA\/EU-norm akzeptiert Stainihard\u00ae ist eine von der FDA\/EU zugelassene Behandlung, die im Maschinenbau f\u00fcr die Lebensmittelindustrie [&hellip;]","og_url":"https:\/\/stainihard.com\/de\/fda-eu-norm\/","og_site_name":"Stainihard onderdeel van Aalberts Surface Technologies","article_modified_time":"2022-01-13T12:52:25+00:00","twitter_card":"summary_large_image","schema":{"@context":"https:\/\/schema.org","@graph":[{"@type":"WebPage","@id":"https:\/\/stainihard.com\/de\/fda-eu-norm\/","url":"https:\/\/stainihard.com\/de\/fda-eu-norm\/","name":"FDA\/EU-norm - Stainihard onderdeel van Aalberts Surface Technologies","isPartOf":{"@id":"https:\/\/stainihard.com\/#website"},"datePublished":"2021-09-15T10:08:14+00:00","dateModified":"2022-01-13T12:52:25+00:00","breadcrumb":{"@id":"https:\/\/stainihard.com\/de\/fda-eu-norm\/#breadcrumb"},"inLanguage":"de","potentialAction":[{"@type":"ReadAction","target":["https:\/\/stainihard.com\/de\/fda-eu-norm\/"]}]},{"@type":"BreadcrumbList","@id":"https:\/\/stainihard.com\/de\/fda-eu-norm\/#breadcrumb","itemListElement":[{"@type":"ListItem","position":1,"name":"Home","item":"https:\/\/stainihard.com\/de\/"},{"@type":"ListItem","position":2,"name":"FDA\/EU-norm"}]},{"@type":"WebSite","@id":"https:\/\/stainihard.com\/#website","url":"https:\/\/stainihard.com\/","name":"Stainihard onderdeel van Aalberts Surface Technologies","description":"Stainihard&reg; NC is een proces om het oppervlak van (austenitisch en duplex) roestvast staal te harden.","publisher":{"@id":"https:\/\/stainihard.com\/#organization"},"potentialAction":[{"@type":"SearchAction","target":{"@type":"EntryPoint","urlTemplate":"https:\/\/stainihard.com\/?s={search_term_string}"},"query-input":{"@type":"PropertyValueSpecification","valueRequired":true,"valueName":"search_term_string"}}],"inLanguage":"de"},{"@type":"Organization","@id":"https:\/\/stainihard.com\/#organization","name":"Stainihard onderdeel van Aalberts Surface Technologies","url":"https:\/\/stainihard.com\/","logo":{"@type":"ImageObject","inLanguage":"de","@id":"https:\/\/stainihard.com\/#\/schema\/logo\/image\/","url":"https:\/\/stainihard.com\/wp-content\/uploads\/2021\/09\/logo-2.svg","contentUrl":"https:\/\/stainihard.com\/wp-content\/uploads\/2021\/09\/logo-2.svg","width":152,"height":61,"caption":"Stainihard onderdeel van Aalberts Surface Technologies"},"image":{"@id":"https:\/\/stainihard.com\/#\/schema\/logo\/image\/"}}]}},"_links":{"self":[{"href":"https:\/\/stainihard.com\/de\/wp-json\/wp\/v2\/pages\/7864","targetHints":{"allow":["GET"]}}],"collection":[{"href":"https:\/\/stainihard.com\/de\/wp-json\/wp\/v2\/pages"}],"about":[{"href":"https:\/\/stainihard.com\/de\/wp-json\/wp\/v2\/types\/page"}],"author":[{"embeddable":true,"href":"https:\/\/stainihard.com\/de\/wp-json\/wp\/v2\/users\/2"}],"replies":[{"embeddable":true,"href":"https:\/\/stainihard.com\/de\/wp-json\/wp\/v2\/comments?post=7864"}],"version-history":[{"count":9,"href":"https:\/\/stainihard.com\/de\/wp-json\/wp\/v2\/pages\/7864\/revisions"}],"predecessor-version":[{"id":8109,"href":"https:\/\/stainihard.com\/de\/wp-json\/wp\/v2\/pages\/7864\/revisions\/8109"}],"wp:attachment":[{"href":"https:\/\/stainihard.com\/de\/wp-json\/wp\/v2\/media?parent=7864"}],"curies":[{"name":"wp","href":"https:\/\/api.w.org\/{rel}","templated":true}]}}