{"id":7859,"date":"2021-09-14T14:28:54","date_gmt":"2021-09-14T14:28:54","guid":{"rendered":"https:\/\/stainihard.com\/eigenschappen\/"},"modified":"2022-01-19T12:28:39","modified_gmt":"2022-01-19T12:28:39","slug":"merkmale","status":"publish","type":"page","link":"https:\/\/stainihard.com\/de\/merkmale\/","title":{"rendered":"Merkmale"},"content":{"rendered":"\t\t<div data-elementor-type=\"wp-page\" data-elementor-id=\"7859\" class=\"elementor elementor-7859 elementor-5749\" data-elementor-post-type=\"page\">\n\t\t\t\t\t\t<section class=\"elementor-section elementor-top-section elementor-element elementor-element-7f05005 elementor-section-height-min-height overlay elementor-section-items-bottom elementor-section-boxed elementor-section-height-default\" data-id=\"7f05005\" data-element_type=\"section\" data-e-type=\"section\" data-settings=\"{&quot;background_background&quot;:&quot;classic&quot;}\">\n\t\t\t\t\t\t\t<div class=\"elementor-background-overlay\"><\/div>\n\t\t\t\t\t\t\t<div class=\"elementor-container elementor-column-gap-default\">\n\t\t\t\t\t<div class=\"elementor-column elementor-col-100 elementor-top-column elementor-element elementor-element-19268138\" data-id=\"19268138\" data-element_type=\"column\" data-e-type=\"column\">\n\t\t\t<div class=\"elementor-widget-wrap elementor-element-populated\">\n\t\t\t\t\t\t<div class=\"elementor-element elementor-element-79dfb7bd elementor-widget elementor-widget-heading\" data-id=\"79dfb7bd\" data-element_type=\"widget\" data-e-type=\"widget\" data-widget_type=\"heading.default\">\n\t\t\t\t<div class=\"elementor-widget-container\">\n\t\t\t\t\t<h1 class=\"elementor-heading-title elementor-size-default\">Merkmale Stainihard\u00ae<\/h1>\t\t\t\t<\/div>\n\t\t\t\t<\/div>\n\t\t\t\t<section class=\"elementor-section elementor-inner-section elementor-element elementor-element-1c386992 elementor-section-boxed elementor-section-height-default elementor-section-height-default\" data-id=\"1c386992\" data-element_type=\"section\" data-e-type=\"section\">\n\t\t\t\t\t\t<div class=\"elementor-container elementor-column-gap-no\">\n\t\t\t\t\t<div class=\"elementor-column elementor-col-33 elementor-inner-column elementor-element elementor-element-63df9778\" data-id=\"63df9778\" data-element_type=\"column\" data-e-type=\"column\">\n\t\t\t<div class=\"elementor-widget-wrap\">\n\t\t\t\t\t\t\t<\/div>\n\t\t<\/div>\n\t\t\t\t<div class=\"elementor-column elementor-col-33 elementor-inner-column elementor-element elementor-element-58517fd4\" data-id=\"58517fd4\" data-element_type=\"column\" data-e-type=\"column\">\n\t\t\t<div class=\"elementor-widget-wrap\">\n\t\t\t\t\t\t\t<\/div>\n\t\t<\/div>\n\t\t\t\t<div class=\"elementor-column elementor-col-33 elementor-inner-column elementor-element elementor-element-75cf61e1\" data-id=\"75cf61e1\" data-element_type=\"column\" data-e-type=\"column\" data-settings=\"{&quot;background_background&quot;:&quot;classic&quot;}\">\n\t\t\t<div class=\"elementor-widget-wrap elementor-element-populated\">\n\t\t\t\t\t\t<div class=\"elementor-element elementor-element-13442b85 elementor-widget elementor-widget-heading\" data-id=\"13442b85\" data-element_type=\"widget\" data-e-type=\"widget\" data-widget_type=\"heading.default\">\n\t\t\t\t<div class=\"elementor-widget-container\">\n\t\t\t\t\t<span class=\"elementor-heading-title elementor-size-default\">Stainihard\u00ae<\/span>\t\t\t\t<\/div>\n\t\t\t\t<\/div>\n\t\t\t\t<div class=\"elementor-element elementor-element-664bfc80 elementor-widget elementor-widget-text-editor\" data-id=\"664bfc80\" data-element_type=\"widget\" data-e-type=\"widget\" data-widget_type=\"text-editor.default\">\n\t\t\t\t<div class=\"elementor-widget-container\">\n\t\t\t\t\t\t\t\t\t<p>Die H\u00e4rte nimmt deutlich zu, ohne die Korrosionsfestigkeit negativ zu beeinflussen.<\/p>\t\t\t\t\t\t\t\t<\/div>\n\t\t\t\t<\/div>\n\t\t\t\t<div class=\"elementor-element elementor-element-5be13db9 elementor-widget elementor-widget-spacer\" data-id=\"5be13db9\" data-element_type=\"widget\" data-e-type=\"widget\" data-widget_type=\"spacer.default\">\n\t\t\t\t<div class=\"elementor-widget-container\">\n\t\t\t\t\t\t\t<div class=\"elementor-spacer\">\n\t\t\t<div class=\"elementor-spacer-inner\"><\/div>\n\t\t<\/div>\n\t\t\t\t\t\t<\/div>\n\t\t\t\t<\/div>\n\t\t\t\t<div class=\"elementor-element elementor-element-63027396 elementor-widget elementor-widget-text-editor\" data-id=\"63027396\" data-element_type=\"widget\" data-e-type=\"widget\" data-widget_type=\"text-editor.default\">\n\t\t\t\t<div class=\"elementor-widget-container\">\n\t\t\t\t\t\t\t\t\t<p>Siehe auch die Brosch\u00fcren und Zertifikate<\/p>\t\t\t\t\t\t\t\t<\/div>\n\t\t\t\t<\/div>\n\t\t\t\t<div class=\"elementor-element elementor-element-5bf9021f elementor-align-left elementor-widget elementor-widget-button\" data-id=\"5bf9021f\" data-element_type=\"widget\" data-e-type=\"widget\" data-widget_type=\"button.default\">\n\t\t\t\t<div class=\"elementor-widget-container\">\n\t\t\t\t\t\t\t\t\t<div class=\"elementor-button-wrapper\">\n\t\t\t\t\t<a class=\"elementor-button elementor-button-link elementor-size-sm\" href=\"https:\/\/stainihard.com\/de\/downloads\/\">\n\t\t\t\t\t\t<span class=\"elementor-button-content-wrapper\">\n\t\t\t\t\t\t\t\t\t<span class=\"elementor-button-text\">Downloads<\/span>\n\t\t\t\t\t<\/span>\n\t\t\t\t\t<\/a>\n\t\t\t\t<\/div>\n\t\t\t\t\t\t\t\t<\/div>\n\t\t\t\t<\/div>\n\t\t\t\t\t<\/div>\n\t\t<\/div>\n\t\t\t\t\t<\/div>\n\t\t<\/section>\n\t\t\t\t\t<\/div>\n\t\t<\/div>\n\t\t\t\t\t<\/div>\n\t\t<\/section>\n\t\t\t\t<section class=\"elementor-section elementor-top-section elementor-element elementor-element-2aba14ec elementor-section-boxed elementor-section-height-default elementor-section-height-default\" data-id=\"2aba14ec\" data-element_type=\"section\" data-e-type=\"section\">\n\t\t\t\t\t\t<div class=\"elementor-container elementor-column-gap-default\">\n\t\t\t\t\t<div class=\"elementor-column elementor-col-50 elementor-top-column elementor-element elementor-element-4edbaf68\" data-id=\"4edbaf68\" data-element_type=\"column\" data-e-type=\"column\">\n\t\t\t<div class=\"elementor-widget-wrap elementor-element-populated\">\n\t\t\t\t\t\t<div class=\"elementor-element elementor-element-32752434 elementor-widget elementor-widget-heading\" data-id=\"32752434\" data-element_type=\"widget\" data-e-type=\"widget\" data-widget_type=\"heading.default\">\n\t\t\t\t<div class=\"elementor-widget-container\">\n\t\t\t\t\t<h2 class=\"elementor-heading-title elementor-size-default\">merkmale des Stainihard\u00ae\u200b<\/h2>\t\t\t\t<\/div>\n\t\t\t\t<\/div>\n\t\t\t\t<div class=\"elementor-element elementor-element-5c0fe536 elementor-widget elementor-widget-text-editor\" data-id=\"5c0fe536\" data-element_type=\"widget\" data-e-type=\"widget\" data-widget_type=\"text-editor.default\">\n\t\t\t\t<div class=\"elementor-widget-container\">\n\t\t\t\t\t\t\t\t\t<ul><li>Hohe Oberfl\u00e4chenh\u00e4rte<\/li><li>Hohe Widerstandsf\u00e4higkeit gegen abrasiven Verschlei\u00df<\/li><li>Hohe Best\u00e4ndigkeit gegen Kaltschwei\u00dfen, Fressen oder Kontaktkorrosion<\/li><li>Die Korrosionsbest\u00e4ndigkeit wird nicht beeintr\u00e4chtigt, in einigen F\u00e4llen sogar verbessert.<\/li><li>Hohe Scherfestigkeit<\/li><li>Keine Ver\u00e4nderung des Aussehens<\/li><li>Niedrigerer Reibungskoeffizien<\/li><li>H\u00f6here Erm\u00fcdungsfestigkei<\/li><li>Gute Ma\u00df- und Formstabilit\u00e4t<\/li><\/ul>\t\t\t\t\t\t\t\t<\/div>\n\t\t\t\t<\/div>\n\t\t\t\t\t<\/div>\n\t\t<\/div>\n\t\t\t\t<div class=\"elementor-column elementor-col-50 elementor-top-column elementor-element elementor-element-577693a6\" data-id=\"577693a6\" data-element_type=\"column\" data-e-type=\"column\">\n\t\t\t<div class=\"elementor-widget-wrap\">\n\t\t\t\t\t\t\t<\/div>\n\t\t<\/div>\n\t\t\t\t\t<\/div>\n\t\t<\/section>\n\t\t\t\t<section class=\"elementor-section elementor-top-section elementor-element elementor-element-5217d89a elementor-section-boxed elementor-section-height-default elementor-section-height-default\" data-id=\"5217d89a\" data-element_type=\"section\" data-e-type=\"section\">\n\t\t\t\t\t\t<div class=\"elementor-container elementor-column-gap-default\">\n\t\t\t\t\t<div class=\"elementor-column elementor-col-50 elementor-top-column elementor-element elementor-element-559519ec\" data-id=\"559519ec\" data-element_type=\"column\" data-e-type=\"column\">\n\t\t\t<div class=\"elementor-widget-wrap elementor-element-populated\">\n\t\t\t\t\t\t<div class=\"elementor-element elementor-element-7dc2571 elementor-widget elementor-widget-heading\" data-id=\"7dc2571\" data-element_type=\"widget\" data-e-type=\"widget\" data-widget_type=\"heading.default\">\n\t\t\t\t<div class=\"elementor-widget-container\">\n\t\t\t\t\t<h2 class=\"elementor-heading-title elementor-size-default\">h\u00e4rte der Stainihard\u00ae NC-Schicht<\/h2>\t\t\t\t<\/div>\n\t\t\t\t<\/div>\n\t\t\t\t<div class=\"elementor-element elementor-element-8880a06 elementor-widget elementor-widget-text-editor\" data-id=\"8880a06\" data-element_type=\"widget\" data-e-type=\"widget\" data-widget_type=\"text-editor.default\">\n\t\t\t\t<div class=\"elementor-widget-container\">\n\t\t\t\t\t\t\t\t\t<p>Stainihard\u00aeNC : 1200-1500 HV0,01<br \/>Die oben genannte H\u00e4rte bezieht sich auf die H\u00e4rte an der Oberfl\u00e4che, gemessen in einem Querschnitt der Schicht. Die an der Oberfl\u00e4che gemessene regul\u00e4re H\u00e4rte betr\u00e4gt: 1000-1400 HV0,05 bei einer H\u00e4rtungstiefe von 10 bis 30\u00b5m.<\/p>\t\t\t\t\t\t\t\t<\/div>\n\t\t\t\t<\/div>\n\t\t\t\t<div class=\"elementor-element elementor-element-e51b453 elementor-widget elementor-widget-image\" data-id=\"e51b453\" data-element_type=\"widget\" data-e-type=\"widget\" data-widget_type=\"image.default\">\n\t\t\t\t<div class=\"elementor-widget-container\">\n\t\t\t\t\t\t\t\t\t\t\t\t\t\t\t<img fetchpriority=\"high\" decoding=\"async\" width=\"740\" height=\"350\" src=\"https:\/\/stainihard.com\/wp-content\/uploads\/2021\/09\/6-tijdelijke-foto-stainihardlaag.jpg\" class=\"attachment-full size-full wp-image-6504\" alt=\"\" srcset=\"https:\/\/stainihard.com\/wp-content\/uploads\/2021\/09\/6-tijdelijke-foto-stainihardlaag.jpg 740w, https:\/\/stainihard.com\/wp-content\/uploads\/2021\/09\/6-tijdelijke-foto-stainihardlaag-300x142.jpg 300w\" sizes=\"(max-width: 740px) 100vw, 740px\" \/>\t\t\t\t\t\t\t\t\t\t\t\t\t\t\t<\/div>\n\t\t\t\t<\/div>\n\t\t\t\t<div class=\"elementor-element elementor-element-2e9b4898 elementor-widget elementor-widget-text-editor\" data-id=\"2e9b4898\" data-element_type=\"widget\" data-e-type=\"widget\" data-widget_type=\"text-editor.default\">\n\t\t\t\t<div class=\"elementor-widget-container\">\n\t\t\t\t\t\t\t\t\t<p>Die Einh\u00e4rtetiefe von Stainihard\u00ae h\u00e4ngt von der Art des Edelstahls, der Oberfl\u00e4chenbeschaffenheit und seinem Verformungsgrad ab. Mit zunehmender Oberfl\u00e4chenverformung nimmt die zu erreichende Schichttiefe ab.<\/p>\t\t\t\t\t\t\t\t<\/div>\n\t\t\t\t<\/div>\n\t\t\t\t\t<\/div>\n\t\t<\/div>\n\t\t\t\t<div class=\"elementor-column elementor-col-50 elementor-top-column elementor-element elementor-element-e1742f6\" data-id=\"e1742f6\" data-element_type=\"column\" data-e-type=\"column\">\n\t\t\t<div class=\"elementor-widget-wrap\">\n\t\t\t\t\t\t\t<\/div>\n\t\t<\/div>\n\t\t\t\t\t<\/div>\n\t\t<\/section>\n\t\t\t\t<section class=\"elementor-section elementor-top-section elementor-element elementor-element-50c15fd elementor-section-boxed elementor-section-height-default elementor-section-height-default\" data-id=\"50c15fd\" data-element_type=\"section\" data-e-type=\"section\">\n\t\t\t\t\t\t<div class=\"elementor-container elementor-column-gap-default\">\n\t\t\t\t\t<div class=\"elementor-column elementor-col-50 elementor-top-column elementor-element elementor-element-8072116\" data-id=\"8072116\" data-element_type=\"column\" data-e-type=\"column\">\n\t\t\t<div class=\"elementor-widget-wrap elementor-element-populated\">\n\t\t\t\t\t\t<div class=\"elementor-element elementor-element-7e5f8f5 elementor-widget elementor-widget-heading\" data-id=\"7e5f8f5\" data-element_type=\"widget\" data-e-type=\"widget\" data-widget_type=\"heading.default\">\n\t\t\t\t<div class=\"elementor-widget-container\">\n\t\t\t\t\t<h2 class=\"elementor-heading-title elementor-size-default\">verschlei\u00dfpr\u00fcfung<\/h2>\t\t\t\t<\/div>\n\t\t\t\t<\/div>\n\t\t\t\t<div class=\"elementor-element elementor-element-e9b5d24 elementor-widget elementor-widget-image\" data-id=\"e9b5d24\" data-element_type=\"widget\" data-e-type=\"widget\" data-widget_type=\"image.default\">\n\t\t\t\t<div class=\"elementor-widget-container\">\n\t\t\t\t\t\t\t\t\t\t\t\t\t\t\t<img decoding=\"async\" width=\"724\" height=\"435\" src=\"https:\/\/stainihard.com\/wp-content\/uploads\/2021\/09\/6-wear-abrasion-test.jpg\" class=\"attachment-full size-full wp-image-6508\" alt=\"\" srcset=\"https:\/\/stainihard.com\/wp-content\/uploads\/2021\/09\/6-wear-abrasion-test.jpg 724w, https:\/\/stainihard.com\/wp-content\/uploads\/2021\/09\/6-wear-abrasion-test-300x180.jpg 300w\" sizes=\"(max-width: 724px) 100vw, 724px\" \/>\t\t\t\t\t\t\t\t\t\t\t\t\t\t\t<\/div>\n\t\t\t\t<\/div>\n\t\t\t\t\t<\/div>\n\t\t<\/div>\n\t\t\t\t<div class=\"elementor-column elementor-col-50 elementor-top-column elementor-element elementor-element-b0abdfb\" data-id=\"b0abdfb\" data-element_type=\"column\" data-e-type=\"column\">\n\t\t\t<div class=\"elementor-widget-wrap\">\n\t\t\t\t\t\t\t<\/div>\n\t\t<\/div>\n\t\t\t\t\t<\/div>\n\t\t<\/section>\n\t\t\t\t<\/div>\n\t\t","protected":false},"excerpt":{"rendered":"<p>Merkmale Stainihard\u00ae Stainihard\u00ae Die H\u00e4rte nimmt deutlich zu, ohne die Korrosionsfestigkeit negativ zu beeinflussen. Siehe auch die Brosch\u00fcren und Zertifikate Downloads merkmale des Stainihard\u00ae\u200b Hohe Oberfl\u00e4chenh\u00e4rte Hohe Widerstandsf\u00e4higkeit gegen abrasiven Verschlei\u00df Hohe Best\u00e4ndigkeit gegen Kaltschwei\u00dfen, Fressen oder Kontaktkorrosion Die Korrosionsbest\u00e4ndigkeit wird nicht beeintr\u00e4chtigt, in einigen F\u00e4llen sogar verbessert. Hohe Scherfestigkeit Keine Ver\u00e4nderung des Aussehens Niedrigerer [&hellip;]<\/p>\n","protected":false},"author":2,"featured_media":0,"parent":0,"menu_order":0,"comment_status":"closed","ping_status":"closed","template":"","meta":{"inline_featured_image":false,"site-sidebar-layout":"no-sidebar","site-content-layout":"page-builder","ast-site-content-layout":"default","site-content-style":"default","site-sidebar-style":"default","ast-global-header-display":"","ast-banner-title-visibility":"","ast-main-header-display":"","ast-hfb-above-header-display":"","ast-hfb-below-header-display":"","ast-hfb-mobile-header-display":"","site-post-title":"disabled","ast-breadcrumbs-content":"","ast-featured-img":"disabled","footer-sml-layout":"","ast-disable-related-posts":"","theme-transparent-header-meta":"default","adv-header-id-meta":"","stick-header-meta":"default","header-above-stick-meta":"","header-main-stick-meta":"","header-below-stick-meta":"","astra-migrate-meta-layouts":"default","ast-page-background-enabled":"default","ast-page-background-meta":{"desktop":{"background-color":"var(--ast-global-color-4)","background-image":"","background-repeat":"repeat","background-position":"center center","background-size":"auto","background-attachment":"scroll","background-type":"","background-media":"","overlay-type":"","overlay-color":"","overlay-opacity":"","overlay-gradient":""},"tablet":{"background-color":"","background-image":"","background-repeat":"repeat","background-position":"center center","background-size":"auto","background-attachment":"scroll","background-type":"","background-media":"","overlay-type":"","overlay-color":"","overlay-opacity":"","overlay-gradient":""},"mobile":{"background-color":"","background-image":"","background-repeat":"repeat","background-position":"center center","background-size":"auto","background-attachment":"scroll","background-type":"","background-media":"","overlay-type":"","overlay-color":"","overlay-opacity":"","overlay-gradient":""}},"ast-content-background-meta":{"desktop":{"background-color":"var(--ast-global-color-5)","background-image":"","background-repeat":"repeat","background-position":"center center","background-size":"auto","background-attachment":"scroll","background-type":"","background-media":"","overlay-type":"","overlay-color":"","overlay-opacity":"","overlay-gradient":""},"tablet":{"background-color":"var(--ast-global-color-5)","background-image":"","background-repeat":"repeat","background-position":"center center","background-size":"auto","background-attachment":"scroll","background-type":"","background-media":"","overlay-type":"","overlay-color":"","overlay-opacity":"","overlay-gradient":""},"mobile":{"background-color":"var(--ast-global-color-5)","background-image":"","background-repeat":"repeat","background-position":"center center","background-size":"auto","background-attachment":"scroll","background-type":"","background-media":"","overlay-type":"","overlay-color":"","overlay-opacity":"","overlay-gradient":""}},"footnotes":""},"class_list":["post-7859","page","type-page","status-publish","hentry"],"yoast_head":"<!-- This site is optimized with the Yoast SEO plugin v26.8 - https:\/\/yoast.com\/product\/yoast-seo-wordpress\/ -->\n<title>Merkmale - Stainihard onderdeel van Aalberts Surface Technologies<\/title>\n<meta name=\"robots\" content=\"index, follow, max-snippet:-1, max-image-preview:large, max-video-preview:-1\" \/>\n<link rel=\"canonical\" href=\"https:\/\/stainihard.com\/de\/merkmale\/\" \/>\n<meta property=\"og:locale\" content=\"de_DE\" \/>\n<meta property=\"og:type\" content=\"article\" \/>\n<meta property=\"og:title\" content=\"Merkmale - Stainihard onderdeel van Aalberts Surface Technologies\" \/>\n<meta property=\"og:description\" content=\"Merkmale Stainihard\u00ae Stainihard\u00ae Die H\u00e4rte nimmt deutlich zu, ohne die Korrosionsfestigkeit negativ zu beeinflussen. Siehe auch die Brosch\u00fcren und Zertifikate Downloads merkmale des Stainihard\u00ae\u200b Hohe Oberfl\u00e4chenh\u00e4rte Hohe Widerstandsf\u00e4higkeit gegen abrasiven Verschlei\u00df Hohe Best\u00e4ndigkeit gegen Kaltschwei\u00dfen, Fressen oder Kontaktkorrosion Die Korrosionsbest\u00e4ndigkeit wird nicht beeintr\u00e4chtigt, in einigen F\u00e4llen sogar verbessert. Hohe Scherfestigkeit Keine Ver\u00e4nderung des Aussehens Niedrigerer [&hellip;]\" \/>\n<meta property=\"og:url\" content=\"https:\/\/stainihard.com\/de\/merkmale\/\" \/>\n<meta property=\"og:site_name\" content=\"Stainihard onderdeel van Aalberts Surface Technologies\" \/>\n<meta property=\"article:modified_time\" content=\"2022-01-19T12:28:39+00:00\" \/>\n<meta property=\"og:image\" content=\"https:\/\/stainihard.com\/wp-content\/uploads\/2021\/09\/6-tijdelijke-foto-stainihardlaag.jpg\" \/>\n<meta name=\"twitter:card\" content=\"summary_large_image\" \/>\n<meta name=\"twitter:label1\" content=\"Gesch\u00e4tzte Lesezeit\" \/>\n\t<meta name=\"twitter:data1\" content=\"1\u00a0Minute\" \/>\n<script type=\"application\/ld+json\" class=\"yoast-schema-graph\">{\"@context\":\"https:\/\/schema.org\",\"@graph\":[{\"@type\":\"WebPage\",\"@id\":\"https:\/\/stainihard.com\/de\/merkmale\/\",\"url\":\"https:\/\/stainihard.com\/de\/merkmale\/\",\"name\":\"Merkmale - Stainihard onderdeel van Aalberts Surface Technologies\",\"isPartOf\":{\"@id\":\"https:\/\/stainihard.com\/#website\"},\"primaryImageOfPage\":{\"@id\":\"https:\/\/stainihard.com\/de\/merkmale\/#primaryimage\"},\"image\":{\"@id\":\"https:\/\/stainihard.com\/de\/merkmale\/#primaryimage\"},\"thumbnailUrl\":\"https:\/\/stainihard.com\/wp-content\/uploads\/2021\/09\/6-tijdelijke-foto-stainihardlaag.jpg\",\"datePublished\":\"2021-09-14T14:28:54+00:00\",\"dateModified\":\"2022-01-19T12:28:39+00:00\",\"breadcrumb\":{\"@id\":\"https:\/\/stainihard.com\/de\/merkmale\/#breadcrumb\"},\"inLanguage\":\"de\",\"potentialAction\":[{\"@type\":\"ReadAction\",\"target\":[\"https:\/\/stainihard.com\/de\/merkmale\/\"]}]},{\"@type\":\"ImageObject\",\"inLanguage\":\"de\",\"@id\":\"https:\/\/stainihard.com\/de\/merkmale\/#primaryimage\",\"url\":\"https:\/\/stainihard.com\/wp-content\/uploads\/2021\/09\/6-tijdelijke-foto-stainihardlaag.jpg\",\"contentUrl\":\"https:\/\/stainihard.com\/wp-content\/uploads\/2021\/09\/6-tijdelijke-foto-stainihardlaag.jpg\"},{\"@type\":\"BreadcrumbList\",\"@id\":\"https:\/\/stainihard.com\/de\/merkmale\/#breadcrumb\",\"itemListElement\":[{\"@type\":\"ListItem\",\"position\":1,\"name\":\"Home\",\"item\":\"https:\/\/stainihard.com\/de\/\"},{\"@type\":\"ListItem\",\"position\":2,\"name\":\"Merkmale\"}]},{\"@type\":\"WebSite\",\"@id\":\"https:\/\/stainihard.com\/#website\",\"url\":\"https:\/\/stainihard.com\/\",\"name\":\"Stainihard onderdeel van Aalberts Surface Technologies\",\"description\":\"Stainihard&reg; NC is een proces om het oppervlak van (austenitisch en duplex) roestvast staal te harden.\",\"publisher\":{\"@id\":\"https:\/\/stainihard.com\/#organization\"},\"potentialAction\":[{\"@type\":\"SearchAction\",\"target\":{\"@type\":\"EntryPoint\",\"urlTemplate\":\"https:\/\/stainihard.com\/?s={search_term_string}\"},\"query-input\":{\"@type\":\"PropertyValueSpecification\",\"valueRequired\":true,\"valueName\":\"search_term_string\"}}],\"inLanguage\":\"de\"},{\"@type\":\"Organization\",\"@id\":\"https:\/\/stainihard.com\/#organization\",\"name\":\"Stainihard onderdeel van Aalberts Surface Technologies\",\"url\":\"https:\/\/stainihard.com\/\",\"logo\":{\"@type\":\"ImageObject\",\"inLanguage\":\"de\",\"@id\":\"https:\/\/stainihard.com\/#\/schema\/logo\/image\/\",\"url\":\"https:\/\/stainihard.com\/wp-content\/uploads\/2021\/09\/logo-2.svg\",\"contentUrl\":\"https:\/\/stainihard.com\/wp-content\/uploads\/2021\/09\/logo-2.svg\",\"width\":152,\"height\":61,\"caption\":\"Stainihard onderdeel van Aalberts Surface Technologies\"},\"image\":{\"@id\":\"https:\/\/stainihard.com\/#\/schema\/logo\/image\/\"}}]}<\/script>\n<!-- \/ Yoast SEO plugin. -->","yoast_head_json":{"title":"Merkmale - Stainihard onderdeel van Aalberts Surface Technologies","robots":{"index":"index","follow":"follow","max-snippet":"max-snippet:-1","max-image-preview":"max-image-preview:large","max-video-preview":"max-video-preview:-1"},"canonical":"https:\/\/stainihard.com\/de\/merkmale\/","og_locale":"de_DE","og_type":"article","og_title":"Merkmale - Stainihard onderdeel van Aalberts Surface Technologies","og_description":"Merkmale Stainihard\u00ae Stainihard\u00ae Die H\u00e4rte nimmt deutlich zu, ohne die Korrosionsfestigkeit negativ zu beeinflussen. Siehe auch die Brosch\u00fcren und Zertifikate Downloads merkmale des Stainihard\u00ae\u200b Hohe Oberfl\u00e4chenh\u00e4rte Hohe Widerstandsf\u00e4higkeit gegen abrasiven Verschlei\u00df Hohe Best\u00e4ndigkeit gegen Kaltschwei\u00dfen, Fressen oder Kontaktkorrosion Die Korrosionsbest\u00e4ndigkeit wird nicht beeintr\u00e4chtigt, in einigen F\u00e4llen sogar verbessert. Hohe Scherfestigkeit Keine Ver\u00e4nderung des Aussehens Niedrigerer [&hellip;]","og_url":"https:\/\/stainihard.com\/de\/merkmale\/","og_site_name":"Stainihard onderdeel van Aalberts Surface Technologies","article_modified_time":"2022-01-19T12:28:39+00:00","og_image":[{"url":"https:\/\/stainihard.com\/wp-content\/uploads\/2021\/09\/6-tijdelijke-foto-stainihardlaag.jpg","type":"","width":"","height":""}],"twitter_card":"summary_large_image","twitter_misc":{"Gesch\u00e4tzte Lesezeit":"1\u00a0Minute"},"schema":{"@context":"https:\/\/schema.org","@graph":[{"@type":"WebPage","@id":"https:\/\/stainihard.com\/de\/merkmale\/","url":"https:\/\/stainihard.com\/de\/merkmale\/","name":"Merkmale - Stainihard onderdeel van Aalberts Surface Technologies","isPartOf":{"@id":"https:\/\/stainihard.com\/#website"},"primaryImageOfPage":{"@id":"https:\/\/stainihard.com\/de\/merkmale\/#primaryimage"},"image":{"@id":"https:\/\/stainihard.com\/de\/merkmale\/#primaryimage"},"thumbnailUrl":"https:\/\/stainihard.com\/wp-content\/uploads\/2021\/09\/6-tijdelijke-foto-stainihardlaag.jpg","datePublished":"2021-09-14T14:28:54+00:00","dateModified":"2022-01-19T12:28:39+00:00","breadcrumb":{"@id":"https:\/\/stainihard.com\/de\/merkmale\/#breadcrumb"},"inLanguage":"de","potentialAction":[{"@type":"ReadAction","target":["https:\/\/stainihard.com\/de\/merkmale\/"]}]},{"@type":"ImageObject","inLanguage":"de","@id":"https:\/\/stainihard.com\/de\/merkmale\/#primaryimage","url":"https:\/\/stainihard.com\/wp-content\/uploads\/2021\/09\/6-tijdelijke-foto-stainihardlaag.jpg","contentUrl":"https:\/\/stainihard.com\/wp-content\/uploads\/2021\/09\/6-tijdelijke-foto-stainihardlaag.jpg"},{"@type":"BreadcrumbList","@id":"https:\/\/stainihard.com\/de\/merkmale\/#breadcrumb","itemListElement":[{"@type":"ListItem","position":1,"name":"Home","item":"https:\/\/stainihard.com\/de\/"},{"@type":"ListItem","position":2,"name":"Merkmale"}]},{"@type":"WebSite","@id":"https:\/\/stainihard.com\/#website","url":"https:\/\/stainihard.com\/","name":"Stainihard onderdeel van Aalberts Surface Technologies","description":"Stainihard&reg; NC is een proces om het oppervlak van (austenitisch en duplex) roestvast staal te harden.","publisher":{"@id":"https:\/\/stainihard.com\/#organization"},"potentialAction":[{"@type":"SearchAction","target":{"@type":"EntryPoint","urlTemplate":"https:\/\/stainihard.com\/?s={search_term_string}"},"query-input":{"@type":"PropertyValueSpecification","valueRequired":true,"valueName":"search_term_string"}}],"inLanguage":"de"},{"@type":"Organization","@id":"https:\/\/stainihard.com\/#organization","name":"Stainihard onderdeel van Aalberts Surface Technologies","url":"https:\/\/stainihard.com\/","logo":{"@type":"ImageObject","inLanguage":"de","@id":"https:\/\/stainihard.com\/#\/schema\/logo\/image\/","url":"https:\/\/stainihard.com\/wp-content\/uploads\/2021\/09\/logo-2.svg","contentUrl":"https:\/\/stainihard.com\/wp-content\/uploads\/2021\/09\/logo-2.svg","width":152,"height":61,"caption":"Stainihard onderdeel van Aalberts Surface Technologies"},"image":{"@id":"https:\/\/stainihard.com\/#\/schema\/logo\/image\/"}}]}},"_links":{"self":[{"href":"https:\/\/stainihard.com\/de\/wp-json\/wp\/v2\/pages\/7859","targetHints":{"allow":["GET"]}}],"collection":[{"href":"https:\/\/stainihard.com\/de\/wp-json\/wp\/v2\/pages"}],"about":[{"href":"https:\/\/stainihard.com\/de\/wp-json\/wp\/v2\/types\/page"}],"author":[{"embeddable":true,"href":"https:\/\/stainihard.com\/de\/wp-json\/wp\/v2\/users\/2"}],"replies":[{"embeddable":true,"href":"https:\/\/stainihard.com\/de\/wp-json\/wp\/v2\/comments?post=7859"}],"version-history":[{"count":16,"href":"https:\/\/stainihard.com\/de\/wp-json\/wp\/v2\/pages\/7859\/revisions"}],"predecessor-version":[{"id":8367,"href":"https:\/\/stainihard.com\/de\/wp-json\/wp\/v2\/pages\/7859\/revisions\/8367"}],"wp:attachment":[{"href":"https:\/\/stainihard.com\/de\/wp-json\/wp\/v2\/media?parent=7859"}],"curies":[{"name":"wp","href":"https:\/\/api.w.org\/{rel}","templated":true}]}}