{"id":7844,"date":"2021-09-15T10:10:46","date_gmt":"2021-09-15T10:10:46","guid":{"rendered":"https:\/\/stainihard.com\/disclaimer\/"},"modified":"2023-08-30T14:30:05","modified_gmt":"2023-08-30T14:30:05","slug":"disclaimer","status":"publish","type":"page","link":"https:\/\/stainihard.com\/de\/disclaimer\/","title":{"rendered":"Disclaimer"},"content":{"rendered":"\t\t<div data-elementor-type=\"wp-page\" data-elementor-id=\"7844\" class=\"elementor elementor-7844 elementor-6180\" data-elementor-post-type=\"page\">\n\t\t\t\t\t\t<section class=\"elementor-section elementor-top-section elementor-element elementor-element-4e5f4858 elementor-section-height-min-height overlay elementor-section-items-bottom elementor-section-boxed elementor-section-height-default\" data-id=\"4e5f4858\" data-element_type=\"section\" data-e-type=\"section\" data-settings=\"{&quot;background_background&quot;:&quot;classic&quot;}\">\n\t\t\t\t\t\t\t<div class=\"elementor-background-overlay\"><\/div>\n\t\t\t\t\t\t\t<div class=\"elementor-container elementor-column-gap-default\">\n\t\t\t\t\t<div class=\"elementor-column elementor-col-100 elementor-top-column elementor-element elementor-element-2bfae22f\" data-id=\"2bfae22f\" data-element_type=\"column\" data-e-type=\"column\">\n\t\t\t<div class=\"elementor-widget-wrap elementor-element-populated\">\n\t\t\t\t\t\t<div class=\"elementor-element elementor-element-59e33ce2 elementor-widget elementor-widget-heading\" data-id=\"59e33ce2\" data-element_type=\"widget\" data-e-type=\"widget\" data-widget_type=\"heading.default\">\n\t\t\t\t<div class=\"elementor-widget-container\">\n\t\t\t\t\t<h1 class=\"elementor-heading-title elementor-size-default\">Disclaimer<\/h1>\t\t\t\t<\/div>\n\t\t\t\t<\/div>\n\t\t\t\t<section class=\"elementor-section elementor-inner-section elementor-element elementor-element-1906f7e1 elementor-section-boxed elementor-section-height-default elementor-section-height-default\" data-id=\"1906f7e1\" data-element_type=\"section\" data-e-type=\"section\">\n\t\t\t\t\t\t<div class=\"elementor-container elementor-column-gap-no\">\n\t\t\t\t\t<div class=\"elementor-column elementor-col-33 elementor-inner-column elementor-element elementor-element-3e13f772\" data-id=\"3e13f772\" data-element_type=\"column\" data-e-type=\"column\">\n\t\t\t<div class=\"elementor-widget-wrap\">\n\t\t\t\t\t\t\t<\/div>\n\t\t<\/div>\n\t\t\t\t<div class=\"elementor-column elementor-col-33 elementor-inner-column elementor-element elementor-element-344444c5\" data-id=\"344444c5\" data-element_type=\"column\" data-e-type=\"column\">\n\t\t\t<div class=\"elementor-widget-wrap\">\n\t\t\t\t\t\t\t<\/div>\n\t\t<\/div>\n\t\t\t\t<div class=\"elementor-column elementor-col-33 elementor-inner-column elementor-element elementor-element-ae7d1ef\" data-id=\"ae7d1ef\" data-element_type=\"column\" data-e-type=\"column\" data-settings=\"{&quot;background_background&quot;:&quot;classic&quot;}\">\n\t\t\t<div class=\"elementor-widget-wrap elementor-element-populated\">\n\t\t\t\t\t\t<div class=\"elementor-element elementor-element-2f414e4c elementor-widget elementor-widget-heading\" data-id=\"2f414e4c\" data-element_type=\"widget\" data-e-type=\"widget\" data-widget_type=\"heading.default\">\n\t\t\t\t<div class=\"elementor-widget-container\">\n\t\t\t\t\t<span class=\"elementor-heading-title elementor-size-default\">Teil des Aalberts<\/span>\t\t\t\t<\/div>\n\t\t\t\t<\/div>\n\t\t\t\t<div class=\"elementor-element elementor-element-5ac111ac elementor-widget elementor-widget-text-editor\" data-id=\"5ac111ac\" data-element_type=\"widget\" data-e-type=\"widget\" data-widget_type=\"text-editor.default\">\n\t\t\t\t<div class=\"elementor-widget-container\">\n\t\t\t\t\t\t\t\t\t<p>Stainihard\u00ae ist eine einzigartige, von Aalberts Surface Technologies eingetragene Marke. Aalberts Surface Technologies ist Teil des globalen Industriespezialisten Aalberts N.V. Mehr als 14.000 Menschen arbeiten f\u00fcr Aalberts in mehr als 50 L\u00e4ndern.<\/p>\t\t\t\t\t\t\t\t<\/div>\n\t\t\t\t<\/div>\n\t\t\t\t\t<\/div>\n\t\t<\/div>\n\t\t\t\t\t<\/div>\n\t\t<\/section>\n\t\t\t\t\t<\/div>\n\t\t<\/div>\n\t\t\t\t\t<\/div>\n\t\t<\/section>\n\t\t\t\t<section class=\"elementor-section elementor-top-section elementor-element elementor-element-28d47a9b elementor-section-boxed elementor-section-height-default elementor-section-height-default\" data-id=\"28d47a9b\" data-element_type=\"section\" data-e-type=\"section\">\n\t\t\t\t\t\t<div class=\"elementor-container elementor-column-gap-default\">\n\t\t\t\t\t<div class=\"elementor-column elementor-col-50 elementor-top-column elementor-element elementor-element-5bedd38\" data-id=\"5bedd38\" data-element_type=\"column\" data-e-type=\"column\">\n\t\t\t<div class=\"elementor-widget-wrap elementor-element-populated\">\n\t\t\t\t\t\t<div class=\"elementor-element elementor-element-35ff8301 elementor-widget elementor-widget-heading\" data-id=\"35ff8301\" data-element_type=\"widget\" data-e-type=\"widget\" data-widget_type=\"heading.default\">\n\t\t\t\t<div class=\"elementor-widget-container\">\n\t\t\t\t\t<h2 class=\"elementor-heading-title elementor-size-default\">disclaimer<\/h2>\t\t\t\t<\/div>\n\t\t\t\t<\/div>\n\t\t\t\t<div class=\"elementor-element elementor-element-4cacb460 elementor-widget elementor-widget-text-editor\" data-id=\"4cacb460\" data-element_type=\"widget\" data-e-type=\"widget\" data-widget_type=\"text-editor.default\">\n\t\t\t\t<div class=\"elementor-widget-container\">\n\t\t\t\t\t\t\t\t\t<p>Alle in der Brosch\u00fcre\/Website genannten Werte\/Eigenschaften sind abh\u00e4ngig von der Art des Edelstahls und seinem Zustand.<\/p><p>Neben der chemischen Zusammensetzung des Materials h\u00e4ngen die Ergebnisse auch von der Vorw\u00e4rmebehandlung und\/oder der Bearbeitung ab.<br \/>Die Passivschicht hat die besten Eigenschaften, wenn das Gef\u00fcge des Grundmaterials gleichm\u00e4\u00dfig ist. Ungleichm\u00e4\u00dfigkeiten wie Sulfide, Deformationsmartensit und Delta-Ferrit tragen ebenfalls zu einer geringeren Korrosionsbest\u00e4ndigkeit bei.<br \/>Das Aussehen eines Produkts nach der Behandlung h\u00e4ngt von den Anlieferungsbedingungen des Teils ab.<\/p><p>Die Behandlung und die Spezifikation der Endprodukte m\u00fcssen im Voraus in Absprache mit Aalberts Surface Technologies Eindhoven B.V. festgelegt werden.<\/p>\t\t\t\t\t\t\t\t<\/div>\n\t\t\t\t<\/div>\n\t\t\t\t\t<\/div>\n\t\t<\/div>\n\t\t\t\t<div class=\"elementor-column elementor-col-50 elementor-top-column elementor-element elementor-element-15472527\" data-id=\"15472527\" data-element_type=\"column\" data-e-type=\"column\">\n\t\t\t<div class=\"elementor-widget-wrap\">\n\t\t\t\t\t\t\t<\/div>\n\t\t<\/div>\n\t\t\t\t\t<\/div>\n\t\t<\/section>\n\t\t\t\t<\/div>\n\t\t","protected":false},"excerpt":{"rendered":"<p>Disclaimer Teil des Aalberts Stainihard\u00ae ist eine einzigartige, von Aalberts Surface Technologies eingetragene Marke. Aalberts Surface Technologies ist Teil des globalen Industriespezialisten Aalberts N.V. Mehr als 14.000 Menschen arbeiten f\u00fcr Aalberts in mehr als 50 L\u00e4ndern. disclaimer Alle in der Brosch\u00fcre\/Website genannten Werte\/Eigenschaften sind abh\u00e4ngig von der Art des Edelstahls und seinem Zustand. Neben der [&hellip;]<\/p>\n","protected":false},"author":2,"featured_media":0,"parent":0,"menu_order":0,"comment_status":"closed","ping_status":"closed","template":"","meta":{"inline_featured_image":false,"site-sidebar-layout":"no-sidebar","site-content-layout":"page-builder","ast-site-content-layout":"default","site-content-style":"default","site-sidebar-style":"default","ast-global-header-display":"","ast-banner-title-visibility":"","ast-main-header-display":"","ast-hfb-above-header-display":"","ast-hfb-below-header-display":"","ast-hfb-mobile-header-display":"","site-post-title":"disabled","ast-breadcrumbs-content":"","ast-featured-img":"disabled","footer-sml-layout":"","ast-disable-related-posts":"","theme-transparent-header-meta":"","adv-header-id-meta":"","stick-header-meta":"","header-above-stick-meta":"","header-main-stick-meta":"","header-below-stick-meta":"","astra-migrate-meta-layouts":"default","ast-page-background-enabled":"default","ast-page-background-meta":{"desktop":{"background-color":"var(--ast-global-color-4)","background-image":"","background-repeat":"repeat","background-position":"center center","background-size":"auto","background-attachment":"scroll","background-type":"","background-media":"","overlay-type":"","overlay-color":"","overlay-opacity":"","overlay-gradient":""},"tablet":{"background-color":"","background-image":"","background-repeat":"repeat","background-position":"center center","background-size":"auto","background-attachment":"scroll","background-type":"","background-media":"","overlay-type":"","overlay-color":"","overlay-opacity":"","overlay-gradient":""},"mobile":{"background-color":"","background-image":"","background-repeat":"repeat","background-position":"center center","background-size":"auto","background-attachment":"scroll","background-type":"","background-media":"","overlay-type":"","overlay-color":"","overlay-opacity":"","overlay-gradient":""}},"ast-content-background-meta":{"desktop":{"background-color":"var(--ast-global-color-5)","background-image":"","background-repeat":"repeat","background-position":"center center","background-size":"auto","background-attachment":"scroll","background-type":"","background-media":"","overlay-type":"","overlay-color":"","overlay-opacity":"","overlay-gradient":""},"tablet":{"background-color":"var(--ast-global-color-5)","background-image":"","background-repeat":"repeat","background-position":"center center","background-size":"auto","background-attachment":"scroll","background-type":"","background-media":"","overlay-type":"","overlay-color":"","overlay-opacity":"","overlay-gradient":""},"mobile":{"background-color":"var(--ast-global-color-5)","background-image":"","background-repeat":"repeat","background-position":"center center","background-size":"auto","background-attachment":"scroll","background-type":"","background-media":"","overlay-type":"","overlay-color":"","overlay-opacity":"","overlay-gradient":""}},"footnotes":""},"class_list":["post-7844","page","type-page","status-publish","hentry"],"yoast_head":"<!-- This site is optimized with the Yoast SEO plugin v26.8 - https:\/\/yoast.com\/product\/yoast-seo-wordpress\/ -->\n<title>Disclaimer - Stainihard onderdeel van Aalberts Surface Technologies<\/title>\n<meta name=\"robots\" content=\"index, follow, max-snippet:-1, max-image-preview:large, max-video-preview:-1\" \/>\n<link rel=\"canonical\" href=\"https:\/\/stainihard.com\/de\/disclaimer\/\" \/>\n<meta property=\"og:locale\" content=\"de_DE\" \/>\n<meta property=\"og:type\" content=\"article\" \/>\n<meta property=\"og:title\" content=\"Disclaimer - Stainihard onderdeel van Aalberts Surface Technologies\" \/>\n<meta property=\"og:description\" content=\"Disclaimer Teil des Aalberts Stainihard\u00ae ist eine einzigartige, von Aalberts Surface Technologies eingetragene Marke. Aalberts Surface Technologies ist Teil des globalen Industriespezialisten Aalberts N.V. Mehr als 14.000 Menschen arbeiten f\u00fcr Aalberts in mehr als 50 L\u00e4ndern. disclaimer Alle in der Brosch\u00fcre\/Website genannten Werte\/Eigenschaften sind abh\u00e4ngig von der Art des Edelstahls und seinem Zustand. Neben der [&hellip;]\" \/>\n<meta property=\"og:url\" content=\"https:\/\/stainihard.com\/de\/disclaimer\/\" \/>\n<meta property=\"og:site_name\" content=\"Stainihard onderdeel van Aalberts Surface Technologies\" \/>\n<meta property=\"article:modified_time\" content=\"2023-08-30T14:30:05+00:00\" \/>\n<meta name=\"twitter:card\" content=\"summary_large_image\" \/>\n<meta name=\"twitter:label1\" content=\"Gesch\u00e4tzte Lesezeit\" \/>\n\t<meta name=\"twitter:data1\" content=\"1\u00a0Minute\" \/>\n<script type=\"application\/ld+json\" class=\"yoast-schema-graph\">{\"@context\":\"https:\/\/schema.org\",\"@graph\":[{\"@type\":\"WebPage\",\"@id\":\"https:\/\/stainihard.com\/de\/disclaimer\/\",\"url\":\"https:\/\/stainihard.com\/de\/disclaimer\/\",\"name\":\"Disclaimer - Stainihard onderdeel van Aalberts Surface Technologies\",\"isPartOf\":{\"@id\":\"https:\/\/stainihard.com\/#website\"},\"datePublished\":\"2021-09-15T10:10:46+00:00\",\"dateModified\":\"2023-08-30T14:30:05+00:00\",\"breadcrumb\":{\"@id\":\"https:\/\/stainihard.com\/de\/disclaimer\/#breadcrumb\"},\"inLanguage\":\"de\",\"potentialAction\":[{\"@type\":\"ReadAction\",\"target\":[\"https:\/\/stainihard.com\/de\/disclaimer\/\"]}]},{\"@type\":\"BreadcrumbList\",\"@id\":\"https:\/\/stainihard.com\/de\/disclaimer\/#breadcrumb\",\"itemListElement\":[{\"@type\":\"ListItem\",\"position\":1,\"name\":\"Home\",\"item\":\"https:\/\/stainihard.com\/de\/\"},{\"@type\":\"ListItem\",\"position\":2,\"name\":\"Disclaimer\"}]},{\"@type\":\"WebSite\",\"@id\":\"https:\/\/stainihard.com\/#website\",\"url\":\"https:\/\/stainihard.com\/\",\"name\":\"Stainihard onderdeel van Aalberts Surface Technologies\",\"description\":\"Stainihard&reg; NC is een proces om het oppervlak van (austenitisch en duplex) roestvast staal te harden.\",\"publisher\":{\"@id\":\"https:\/\/stainihard.com\/#organization\"},\"potentialAction\":[{\"@type\":\"SearchAction\",\"target\":{\"@type\":\"EntryPoint\",\"urlTemplate\":\"https:\/\/stainihard.com\/?s={search_term_string}\"},\"query-input\":{\"@type\":\"PropertyValueSpecification\",\"valueRequired\":true,\"valueName\":\"search_term_string\"}}],\"inLanguage\":\"de\"},{\"@type\":\"Organization\",\"@id\":\"https:\/\/stainihard.com\/#organization\",\"name\":\"Stainihard onderdeel van Aalberts Surface Technologies\",\"url\":\"https:\/\/stainihard.com\/\",\"logo\":{\"@type\":\"ImageObject\",\"inLanguage\":\"de\",\"@id\":\"https:\/\/stainihard.com\/#\/schema\/logo\/image\/\",\"url\":\"https:\/\/stainihard.com\/wp-content\/uploads\/2021\/09\/logo-2.svg\",\"contentUrl\":\"https:\/\/stainihard.com\/wp-content\/uploads\/2021\/09\/logo-2.svg\",\"width\":152,\"height\":61,\"caption\":\"Stainihard onderdeel van Aalberts Surface Technologies\"},\"image\":{\"@id\":\"https:\/\/stainihard.com\/#\/schema\/logo\/image\/\"}}]}<\/script>\n<!-- \/ Yoast SEO plugin. -->","yoast_head_json":{"title":"Disclaimer - Stainihard onderdeel van Aalberts Surface Technologies","robots":{"index":"index","follow":"follow","max-snippet":"max-snippet:-1","max-image-preview":"max-image-preview:large","max-video-preview":"max-video-preview:-1"},"canonical":"https:\/\/stainihard.com\/de\/disclaimer\/","og_locale":"de_DE","og_type":"article","og_title":"Disclaimer - Stainihard onderdeel van Aalberts Surface Technologies","og_description":"Disclaimer Teil des Aalberts Stainihard\u00ae ist eine einzigartige, von Aalberts Surface Technologies eingetragene Marke. Aalberts Surface Technologies ist Teil des globalen Industriespezialisten Aalberts N.V. Mehr als 14.000 Menschen arbeiten f\u00fcr Aalberts in mehr als 50 L\u00e4ndern. disclaimer Alle in der Brosch\u00fcre\/Website genannten Werte\/Eigenschaften sind abh\u00e4ngig von der Art des Edelstahls und seinem Zustand. Neben der [&hellip;]","og_url":"https:\/\/stainihard.com\/de\/disclaimer\/","og_site_name":"Stainihard onderdeel van Aalberts Surface Technologies","article_modified_time":"2023-08-30T14:30:05+00:00","twitter_card":"summary_large_image","twitter_misc":{"Gesch\u00e4tzte Lesezeit":"1\u00a0Minute"},"schema":{"@context":"https:\/\/schema.org","@graph":[{"@type":"WebPage","@id":"https:\/\/stainihard.com\/de\/disclaimer\/","url":"https:\/\/stainihard.com\/de\/disclaimer\/","name":"Disclaimer - Stainihard onderdeel van Aalberts Surface Technologies","isPartOf":{"@id":"https:\/\/stainihard.com\/#website"},"datePublished":"2021-09-15T10:10:46+00:00","dateModified":"2023-08-30T14:30:05+00:00","breadcrumb":{"@id":"https:\/\/stainihard.com\/de\/disclaimer\/#breadcrumb"},"inLanguage":"de","potentialAction":[{"@type":"ReadAction","target":["https:\/\/stainihard.com\/de\/disclaimer\/"]}]},{"@type":"BreadcrumbList","@id":"https:\/\/stainihard.com\/de\/disclaimer\/#breadcrumb","itemListElement":[{"@type":"ListItem","position":1,"name":"Home","item":"https:\/\/stainihard.com\/de\/"},{"@type":"ListItem","position":2,"name":"Disclaimer"}]},{"@type":"WebSite","@id":"https:\/\/stainihard.com\/#website","url":"https:\/\/stainihard.com\/","name":"Stainihard onderdeel van Aalberts Surface Technologies","description":"Stainihard&reg; NC is een proces om het oppervlak van (austenitisch en duplex) roestvast staal te harden.","publisher":{"@id":"https:\/\/stainihard.com\/#organization"},"potentialAction":[{"@type":"SearchAction","target":{"@type":"EntryPoint","urlTemplate":"https:\/\/stainihard.com\/?s={search_term_string}"},"query-input":{"@type":"PropertyValueSpecification","valueRequired":true,"valueName":"search_term_string"}}],"inLanguage":"de"},{"@type":"Organization","@id":"https:\/\/stainihard.com\/#organization","name":"Stainihard onderdeel van Aalberts Surface Technologies","url":"https:\/\/stainihard.com\/","logo":{"@type":"ImageObject","inLanguage":"de","@id":"https:\/\/stainihard.com\/#\/schema\/logo\/image\/","url":"https:\/\/stainihard.com\/wp-content\/uploads\/2021\/09\/logo-2.svg","contentUrl":"https:\/\/stainihard.com\/wp-content\/uploads\/2021\/09\/logo-2.svg","width":152,"height":61,"caption":"Stainihard onderdeel van Aalberts Surface Technologies"},"image":{"@id":"https:\/\/stainihard.com\/#\/schema\/logo\/image\/"}}]}},"_links":{"self":[{"href":"https:\/\/stainihard.com\/de\/wp-json\/wp\/v2\/pages\/7844","targetHints":{"allow":["GET"]}}],"collection":[{"href":"https:\/\/stainihard.com\/de\/wp-json\/wp\/v2\/pages"}],"about":[{"href":"https:\/\/stainihard.com\/de\/wp-json\/wp\/v2\/types\/page"}],"author":[{"embeddable":true,"href":"https:\/\/stainihard.com\/de\/wp-json\/wp\/v2\/users\/2"}],"replies":[{"embeddable":true,"href":"https:\/\/stainihard.com\/de\/wp-json\/wp\/v2\/comments?post=7844"}],"version-history":[{"count":27,"href":"https:\/\/stainihard.com\/de\/wp-json\/wp\/v2\/pages\/7844\/revisions"}],"predecessor-version":[{"id":9040,"href":"https:\/\/stainihard.com\/de\/wp-json\/wp\/v2\/pages\/7844\/revisions\/9040"}],"wp:attachment":[{"href":"https:\/\/stainihard.com\/de\/wp-json\/wp\/v2\/media?parent=7844"}],"curies":[{"name":"wp","href":"https:\/\/api.w.org\/{rel}","templated":true}]}}